{"id":2920,"date":"2019-07-30T17:42:59","date_gmt":"2019-07-30T17:42:59","guid":{"rendered":"http:\/\/vtec-automation.com\/?post_type=product&#038;p=2920"},"modified":"2019-07-30T17:46:33","modified_gmt":"2019-07-30T17:46:33","slug":"serie-ew","status":"publish","type":"product","link":"https:\/\/vtec-automation.com\/?product=serie-ew","title":{"rendered":"Serie EW"},"content":{"rendered":"<div id=\"fb-root\"><\/div>\n<div class=\"product-specs col-mp-12\">\n<div class=\"spec-row col-mp-12\"><\/div>\n<div class=\"spec-row col-mp-12\">\n<div class=\"pull-left spec-name\">\n<p><i><span>Proporciona un excelente control de presi\u00f3n y flujo en vapor, gases y diversos procesos l\u00edquidos.\u00a0Esta serie presenta conexiones finales grandes y cavidades de flujo interno expandidas.<\/span><\/i><\/p>\n<ul>\n<li><i><span>El dise\u00f1o EWD est\u00e1 dise\u00f1ado para aplicaciones de control general en una amplia variedad de temperaturas y ca\u00eddas de presi\u00f3n.\u00a0Este dise\u00f1o tiene un tap\u00f3n de v\u00e1lvula equilibrado con asiento de metal a metal.\u00a0<\/span><\/i><\/li>\n<\/ul>\n<ul>\n<li><span>\u00a0El dise\u00f1o EWS est\u00e1 destinado a aplicaciones que requieren mejores capacidades de cierre que las adecuadas para el EWD.\u00a0Esta v\u00e1lvula utiliza un tap\u00f3n de v\u00e1lvula desequilibrado con asiento de metal a metal, o asiento opcional de metal a TFE.\u00a0<\/span><\/li>\n<\/ul>\n<ul>\n<li><span>El dise\u00f1o EWT es adecuado para aplicaciones con estrictos requisitos de cierre.\u00a0Esta v\u00e1lvula utiliza un tap\u00f3n de v\u00e1lvula equilibrado con asiento de metal a TFE, o asiento de metal a metal para usar en temperaturas m\u00e1s altas.\u00a0<\/span><\/li>\n<\/ul>\n<\/div>\n<\/div>\n<\/div>\n","protected":false},"excerpt":{"rendered":"<p>&nbsp;<\/p>\n<div class=\"spec-row col-mp-12\">\n<div class=\"pull-left spec-name\"><i><span>Los cuerpos de v\u00e1lvula EW de la serie CVS son cuerpos de globo de un solo puerto con gu\u00eda de jaula, anillos de asiento sujetos y acci\u00f3n de tap\u00f3n de v\u00e1lvula de empujar hacia abajo para cerrar.\u00a0<\/span><\/i><\/div>\n<\/div>\n<div class=\"pull-right spec-value\"><\/div>\n<div><\/div>\n<div><\/div>\n<div><\/div>\n<div><\/div>\n<div><\/div>\n","protected":false},"featured_media":2921,"template":"","meta":{"site-sidebar-layout":"default","site-content-layout":"","ast-site-content-layout":"default","site-content-style":"default","site-sidebar-style":"default","ast-global-header-display":"","ast-banner-title-visibility":"","ast-main-header-display":"","ast-hfb-above-header-display":"","ast-hfb-below-header-display":"","ast-hfb-mobile-header-display":"","site-post-title":"","ast-breadcrumbs-content":"","ast-featured-img":"","footer-sml-layout":"","ast-disable-related-posts":"","theme-transparent-header-meta":"","adv-header-id-meta":"","stick-header-meta":"","header-above-stick-meta":"","header-main-stick-meta":"","header-below-stick-meta":"","astra-migrate-meta-layouts":"default","ast-page-background-enabled":"default","ast-page-background-meta":{"desktop":{"background-color":"var(--ast-global-color-4)","background-image":"","background-repeat":"repeat","background-position":"center center","background-size":"auto","background-attachment":"scroll","background-type":"","background-media":"","overlay-type":"","overlay-color":"","overlay-opacity":"","overlay-gradient":""},"tablet":{"background-color":"","background-image":"","background-repeat":"repeat","background-position":"center center","background-size":"auto","background-attachment":"scroll","background-type":"","background-media":"","overlay-type":"","overlay-color":"","overlay-opacity":"","overlay-gradient":""},"mobile":{"background-color":"","background-image":"","background-repeat":"repeat","background-position":"center center","background-size":"auto","background-attachment":"scroll","background-type":"","background-media":"","overlay-type":"","overlay-color":"","overlay-opacity":"","overlay-gradient":""}},"ast-content-background-meta":{"desktop":{"background-color":"var(--ast-global-color-5)","background-image":"","background-repeat":"repeat","background-position":"center center","background-size":"auto","background-attachment":"scroll","background-type":"","background-media":"","overlay-type":"","overlay-color":"","overlay-opacity":"","overlay-gradient":""},"tablet":{"background-color":"var(--ast-global-color-5)","background-image":"","background-repeat":"repeat","background-position":"center center","background-size":"auto","background-attachment":"scroll","background-type":"","background-media":"","overlay-type":"","overlay-color":"","overlay-opacity":"","overlay-gradient":""},"mobile":{"background-color":"var(--ast-global-color-5)","background-image":"","background-repeat":"repeat","background-position":"center center","background-size":"auto","background-attachment":"scroll","background-type":"","background-media":"","overlay-type":"","overlay-color":"","overlay-opacity":"","overlay-gradient":""}},"_joinchat":[]},"product_brand":[],"product_cat":[292],"product_tag":[293],"class_list":{"0":"post-2920","1":"product","2":"type-product","3":"status-publish","4":"has-post-thumbnail","6":"product_cat-valvulas-de-control","7":"product_tag-valvulas-de-control","8":"desktop-align-left","9":"tablet-align-left","10":"mobile-align-left","12":"first","13":"instock","14":"shipping-taxable","15":"product-type-simple"},"_links":{"self":[{"href":"https:\/\/vtec-automation.com\/index.php?rest_route=\/wp\/v2\/product\/2920","targetHints":{"allow":["GET"]}}],"collection":[{"href":"https:\/\/vtec-automation.com\/index.php?rest_route=\/wp\/v2\/product"}],"about":[{"href":"https:\/\/vtec-automation.com\/index.php?rest_route=\/wp\/v2\/types\/product"}],"version-history":[{"count":0,"href":"https:\/\/vtec-automation.com\/index.php?rest_route=\/wp\/v2\/product\/2920\/revisions"}],"wp:featuredmedia":[{"embeddable":true,"href":"https:\/\/vtec-automation.com\/index.php?rest_route=\/wp\/v2\/media\/2921"}],"wp:attachment":[{"href":"https:\/\/vtec-automation.com\/index.php?rest_route=%2Fwp%2Fv2%2Fmedia&parent=2920"}],"wp:term":[{"taxonomy":"product_brand","embeddable":true,"href":"https:\/\/vtec-automation.com\/index.php?rest_route=%2Fwp%2Fv2%2Fproduct_brand&post=2920"},{"taxonomy":"product_cat","embeddable":true,"href":"https:\/\/vtec-automation.com\/index.php?rest_route=%2Fwp%2Fv2%2Fproduct_cat&post=2920"},{"taxonomy":"product_tag","embeddable":true,"href":"https:\/\/vtec-automation.com\/index.php?rest_route=%2Fwp%2Fv2%2Fproduct_tag&post=2920"}],"curies":[{"name":"wp","href":"https:\/\/api.w.org\/{rel}","templated":true}]}}