{"id":2925,"date":"2019-07-30T18:08:03","date_gmt":"2019-07-30T18:08:03","guid":{"rendered":"http:\/\/vtec-automation.com\/?post_type=product&#038;p=2925"},"modified":"2019-07-30T19:07:28","modified_gmt":"2019-07-30T19:07:28","slug":"serie-ue","status":"publish","type":"product","link":"https:\/\/vtec-automation.com\/?product=serie-ue","title":{"rendered":"Serie UE"},"content":{"rendered":"<div id=\"fb-root\"><\/div>\n<p><i><span>La v\u00e1lvula de control de la serie CVS de la UE es una v\u00e1lvula de puerto \u00fanico de estilo globo que utiliza un dise\u00f1o equilibrado, guiado por jaula con empuje hacia abajo para cerrar la acci\u00f3n.<\/span><\/i><\/p>\n<p><i><span>La v\u00e1lvula EU de la serie CVS proporciona un excelente control de flujo para aplicaciones de servicio de encendido \/ apagado o de estrangulamiento, en servicio de vapor, l\u00edquido o gas.<\/span><\/i><\/p>\n<p><i><span>Ambos dise\u00f1os utilizan asientos de metal a metal, el dise\u00f1o EUD tiene el anillo del asiento atornillado en el cuerpo de la v\u00e1lvula con tornillos de cabeza, el anillo del asiento del dise\u00f1o EUT-2 est\u00e1 roscado en la jaula.<\/span><\/i><\/p>\n<p><i><span>Dise\u00f1o EUD: dise\u00f1ado\u00a0<\/span><\/i><i><span>para su uso en aplicaciones de control general sobre una amplia variedad de ca\u00eddas de presi\u00f3n y alta temperatura.\u00a0Este dise\u00f1o utiliza dos anillos de pist\u00f3n de grafito entre el tap\u00f3n y la jaula.<\/span><\/i><\/p>\n<p><i><span>Dise\u00f1o EUT-2: el\u00a0<\/span><\/i><i><span>dise\u00f1o CVS EUT-2 utiliza asientos de composici\u00f3n para aplicaciones que requieren requisitos de cierre estrictos y l\u00edmites de temperatura m\u00e1s altos.<\/span><\/i><\/p>\n<p>&nbsp;<\/p>\n<p><i><span>La direcci\u00f3n de flujo est\u00e1ndar est\u00e1 abajo para las jaulas anticavitaci\u00f3n, y arriba para las jaulas de reducci\u00f3n de ruido.<\/span><\/i><\/p>\n<p>&nbsp;<\/p>\n<p><i><span>El cuerpo y el material del cap\u00f3 son: LCC, WCC, acero WC9 o CF8M (acero inoxidable 316).\u00a0La selecci\u00f3n de material adicional puede estar disponible a pedido.<\/span><\/i><\/p>\n","protected":false},"excerpt":{"rendered":"<p>&nbsp;<\/p>\n<p><i><span>La v\u00e1lvula de control de la serie CVS de la UE es una v\u00e1lvula de puerto \u00fanico de estilo globo que utiliza un dise\u00f1o equilibrado, guiado por jaula con empuje hacia abajo para cerrar la acci\u00f3n.<\/span><\/i><\/p>\n<div class=\"pull-right spec-value\"><\/div>\n<div><\/div>\n<div><\/div>\n<div><\/div>\n<div><\/div>\n<div><\/div>\n","protected":false},"featured_media":2926,"template":"","meta":{"site-sidebar-layout":"default","site-content-layout":"","ast-site-content-layout":"default","site-content-style":"default","site-sidebar-style":"default","ast-global-header-display":"","ast-banner-title-visibility":"","ast-main-header-display":"","ast-hfb-above-header-display":"","ast-hfb-below-header-display":"","ast-hfb-mobile-header-display":"","site-post-title":"","ast-breadcrumbs-content":"","ast-featured-img":"","footer-sml-layout":"","ast-disable-related-posts":"","theme-transparent-header-meta":"","adv-header-id-meta":"","stick-header-meta":"","header-above-stick-meta":"","header-main-stick-meta":"","header-below-stick-meta":"","astra-migrate-meta-layouts":"default","ast-page-background-enabled":"default","ast-page-background-meta":{"desktop":{"background-color":"var(--ast-global-color-4)","background-image":"","background-repeat":"repeat","background-position":"center center","background-size":"auto","background-attachment":"scroll","background-type":"","background-media":"","overlay-type":"","overlay-color":"","overlay-opacity":"","overlay-gradient":""},"tablet":{"background-color":"","background-image":"","background-repeat":"repeat","background-position":"center center","background-size":"auto","background-attachment":"scroll","background-type":"","background-media":"","overlay-type":"","overlay-color":"","overlay-opacity":"","overlay-gradient":""},"mobile":{"background-color":"","background-image":"","background-repeat":"repeat","background-position":"center center","background-size":"auto","background-attachment":"scroll","background-type":"","background-media":"","overlay-type":"","overlay-color":"","overlay-opacity":"","overlay-gradient":""}},"ast-content-background-meta":{"desktop":{"background-color":"var(--ast-global-color-5)","background-image":"","background-repeat":"repeat","background-position":"center center","background-size":"auto","background-attachment":"scroll","background-type":"","background-media":"","overlay-type":"","overlay-color":"","overlay-opacity":"","overlay-gradient":""},"tablet":{"background-color":"var(--ast-global-color-5)","background-image":"","background-repeat":"repeat","background-position":"center center","background-size":"auto","background-attachment":"scroll","background-type":"","background-media":"","overlay-type":"","overlay-color":"","overlay-opacity":"","overlay-gradient":""},"mobile":{"background-color":"var(--ast-global-color-5)","background-image":"","background-repeat":"repeat","background-position":"center center","background-size":"auto","background-attachment":"scroll","background-type":"","background-media":"","overlay-type":"","overlay-color":"","overlay-opacity":"","overlay-gradient":""}},"_joinchat":[]},"product_brand":[],"product_cat":[292],"product_tag":[293],"class_list":{"0":"post-2925","1":"product","2":"type-product","3":"status-publish","4":"has-post-thumbnail","6":"product_cat-valvulas-de-control","7":"product_tag-valvulas-de-control","8":"desktop-align-left","9":"tablet-align-left","10":"mobile-align-left","12":"first","13":"instock","14":"shipping-taxable","15":"product-type-simple"},"_links":{"self":[{"href":"https:\/\/vtec-automation.com\/index.php?rest_route=\/wp\/v2\/product\/2925","targetHints":{"allow":["GET"]}}],"collection":[{"href":"https:\/\/vtec-automation.com\/index.php?rest_route=\/wp\/v2\/product"}],"about":[{"href":"https:\/\/vtec-automation.com\/index.php?rest_route=\/wp\/v2\/types\/product"}],"version-history":[{"count":0,"href":"https:\/\/vtec-automation.com\/index.php?rest_route=\/wp\/v2\/product\/2925\/revisions"}],"wp:featuredmedia":[{"embeddable":true,"href":"https:\/\/vtec-automation.com\/index.php?rest_route=\/wp\/v2\/media\/2926"}],"wp:attachment":[{"href":"https:\/\/vtec-automation.com\/index.php?rest_route=%2Fwp%2Fv2%2Fmedia&parent=2925"}],"wp:term":[{"taxonomy":"product_brand","embeddable":true,"href":"https:\/\/vtec-automation.com\/index.php?rest_route=%2Fwp%2Fv2%2Fproduct_brand&post=2925"},{"taxonomy":"product_cat","embeddable":true,"href":"https:\/\/vtec-automation.com\/index.php?rest_route=%2Fwp%2Fv2%2Fproduct_cat&post=2925"},{"taxonomy":"product_tag","embeddable":true,"href":"https:\/\/vtec-automation.com\/index.php?rest_route=%2Fwp%2Fv2%2Fproduct_tag&post=2925"}],"curies":[{"name":"wp","href":"https:\/\/api.w.org\/{rel}","templated":true}]}}