{"id":2929,"date":"2019-07-30T19:07:50","date_gmt":"2019-07-30T19:07:50","guid":{"rendered":"http:\/\/vtec-automation.com\/?post_type=product&#038;p=2929"},"modified":"2019-07-30T19:17:07","modified_gmt":"2019-07-30T19:17:07","slug":"valvulas-de-mariposa-en-serie","status":"publish","type":"product","link":"https:\/\/vtec-automation.com\/?product=valvulas-de-mariposa-en-serie","title":{"rendered":"V\u00e1lvulas de mariposa en serie"},"content":{"rendered":"<div id=\"fb-root\"><\/div>\n<p><i><span>Ambas series est\u00e1n disponibles en tama\u00f1os de v\u00e1lvula de 2 a 24 pulgadas, clase ASME 150\/300.<\/span><\/i><\/p>\n<p><i><span>El material del cuerpo est\u00e1ndar es CF8M, otros materiales pueden estar disponibles a pedido.\u00a0El material del asiento est\u00e1ndar es PTFE con un rango de temperatura de -40 \u00b0 C<\/span><\/i><i><span>\u00a0a 150 \u00b0 C (-40 \u00b0 F a 302 \u00b0 F).<\/span><\/i><\/p>\n<p>&nbsp;<\/p>\n<p><i><span>El dise\u00f1o del eje de una pieza ofrece un v\u00e1stago a prueba de explosi\u00f3n y un dispositivo antiest\u00e1tico.<\/span><\/i><\/p>\n<p><i><span>La serie CM Controls BFH tiene capacidad NACE y es adecuada para su uso en aplicaciones de Sour Service.<\/span><\/i><\/p>\n<p><i><span>Los operadores disponibles incluyen un operador de engranaje manual o una manija.\u00a0La operaci\u00f3n de automatizaci\u00f3n se puede proporcionar utilizando actuadores de cuarto de vuelta, utilizando la interfaz de montaje est\u00e1ndar ISO 5211.<\/span><\/i><\/p>\n","protected":false},"excerpt":{"rendered":"<p>&nbsp;<\/p>\n<p><i><span>CM Controls ofrece dos estilos de v\u00e1lvulas de mariposa de cuarto de vuelta de alto rendimiento.\u00a0La serie BFH-200 es una v\u00e1lvula de mariposa estilo oblea, mientras que la serie BFH-400 es una v\u00e1lvula de mariposa tipo orejeta.<\/span><\/i><\/p>\n<div class=\"pull-right spec-value\"><\/div>\n<div><\/div>\n<div><\/div>\n<div><\/div>\n<div><\/div>\n<div><\/div>\n","protected":false},"featured_media":2931,"template":"","meta":{"site-sidebar-layout":"default","site-content-layout":"","ast-site-content-layout":"default","site-content-style":"default","site-sidebar-style":"default","ast-global-header-display":"","ast-banner-title-visibility":"","ast-main-header-display":"","ast-hfb-above-header-display":"","ast-hfb-below-header-display":"","ast-hfb-mobile-header-display":"","site-post-title":"","ast-breadcrumbs-content":"","ast-featured-img":"","footer-sml-layout":"","ast-disable-related-posts":"","theme-transparent-header-meta":"","adv-header-id-meta":"","stick-header-meta":"","header-above-stick-meta":"","header-main-stick-meta":"","header-below-stick-meta":"","astra-migrate-meta-layouts":"default","ast-page-background-enabled":"default","ast-page-background-meta":{"desktop":{"background-color":"var(--ast-global-color-4)","background-image":"","background-repeat":"repeat","background-position":"center center","background-size":"auto","background-attachment":"scroll","background-type":"","background-media":"","overlay-type":"","overlay-color":"","overlay-opacity":"","overlay-gradient":""},"tablet":{"background-color":"","background-image":"","background-repeat":"repeat","background-position":"center center","background-size":"auto","background-attachment":"scroll","background-type":"","background-media":"","overlay-type":"","overlay-color":"","overlay-opacity":"","overlay-gradient":""},"mobile":{"background-color":"","background-image":"","background-repeat":"repeat","background-position":"center center","background-size":"auto","background-attachment":"scroll","background-type":"","background-media":"","overlay-type":"","overlay-color":"","overlay-opacity":"","overlay-gradient":""}},"ast-content-background-meta":{"desktop":{"background-color":"var(--ast-global-color-5)","background-image":"","background-repeat":"repeat","background-position":"center center","background-size":"auto","background-attachment":"scroll","background-type":"","background-media":"","overlay-type":"","overlay-color":"","overlay-opacity":"","overlay-gradient":""},"tablet":{"background-color":"var(--ast-global-color-5)","background-image":"","background-repeat":"repeat","background-position":"center center","background-size":"auto","background-attachment":"scroll","background-type":"","background-media":"","overlay-type":"","overlay-color":"","overlay-opacity":"","overlay-gradient":""},"mobile":{"background-color":"var(--ast-global-color-5)","background-image":"","background-repeat":"repeat","background-position":"center center","background-size":"auto","background-attachment":"scroll","background-type":"","background-media":"","overlay-type":"","overlay-color":"","overlay-opacity":"","overlay-gradient":""}},"_joinchat":[]},"product_brand":[],"product_cat":[292],"product_tag":[293],"class_list":{"0":"post-2929","1":"product","2":"type-product","3":"status-publish","4":"has-post-thumbnail","6":"product_cat-valvulas-de-control","7":"product_tag-valvulas-de-control","8":"desktop-align-left","9":"tablet-align-left","10":"mobile-align-left","12":"first","13":"instock","14":"shipping-taxable","15":"product-type-simple"},"_links":{"self":[{"href":"https:\/\/vtec-automation.com\/index.php?rest_route=\/wp\/v2\/product\/2929","targetHints":{"allow":["GET"]}}],"collection":[{"href":"https:\/\/vtec-automation.com\/index.php?rest_route=\/wp\/v2\/product"}],"about":[{"href":"https:\/\/vtec-automation.com\/index.php?rest_route=\/wp\/v2\/types\/product"}],"version-history":[{"count":0,"href":"https:\/\/vtec-automation.com\/index.php?rest_route=\/wp\/v2\/product\/2929\/revisions"}],"wp:featuredmedia":[{"embeddable":true,"href":"https:\/\/vtec-automation.com\/index.php?rest_route=\/wp\/v2\/media\/2931"}],"wp:attachment":[{"href":"https:\/\/vtec-automation.com\/index.php?rest_route=%2Fwp%2Fv2%2Fmedia&parent=2929"}],"wp:term":[{"taxonomy":"product_brand","embeddable":true,"href":"https:\/\/vtec-automation.com\/index.php?rest_route=%2Fwp%2Fv2%2Fproduct_brand&post=2929"},{"taxonomy":"product_cat","embeddable":true,"href":"https:\/\/vtec-automation.com\/index.php?rest_route=%2Fwp%2Fv2%2Fproduct_cat&post=2929"},{"taxonomy":"product_tag","embeddable":true,"href":"https:\/\/vtec-automation.com\/index.php?rest_route=%2Fwp%2Fv2%2Fproduct_tag&post=2929"}],"curies":[{"name":"wp","href":"https:\/\/api.w.org\/{rel}","templated":true}]}}