{"id":2940,"date":"2019-07-30T19:39:01","date_gmt":"2019-07-30T19:39:01","guid":{"rendered":"http:\/\/vtec-automation.com\/?post_type=product&#038;p=2940"},"modified":"2019-07-30T19:39:01","modified_gmt":"2019-07-30T19:39:01","slug":"serie-v100","status":"publish","type":"product","link":"https:\/\/vtec-automation.com\/?product=serie-v100","title":{"rendered":"Serie V100"},"content":{"rendered":"<div id=\"fb-root\"><\/div>\n<p><i><span>\u00a0Este dise\u00f1o permite tanto el control de la aceleraci\u00f3n como el servicio de encendido \/ apagado utilizados junto con una variedad de actuadores.\u00a0El dise\u00f1o de la v\u00e1lvula CVS V-100 se cierra contra uno de varios sellos de bola disponibles con una acci\u00f3n de corte.\u00a0El CVS V-100 tiene un dise\u00f1o sin brida y permite que el cuerpo de la v\u00e1lvula se ajuste entre dos bridas de tuber\u00eda existentes.<\/span><\/i><\/p>\n<p><i><span>El flujo bidireccional est\u00e1 a ambos lados de la bola en V;\u00a0Sello de bola TCM, sello de bola de metal o anillo de flujo.<\/span><\/i><\/p>\n<p><i><span>Actuadores t\u00edpicos utilizados;\u00a0son el actuador rotativo de resorte y diafragma neum\u00e1tico (CVS 1051) y el actuador rotativo de pist\u00f3n neum\u00e1tico (CVS 1061).\u00a0El montaje de estos actuadores puede realizarse en el lado derecho o izquierdo visto desde la entrada de flujo hacia adelante.<\/span><\/i><\/p>\n","protected":false},"excerpt":{"rendered":"<p>&nbsp;<\/p>\n<p><i>Excelente control de presi\u00f3n y flujo para vapor, gases, varios l\u00edquidos y lodos fibrosos.\u00a0El dise\u00f1o de la v\u00e1lvula de bola CVS V-100 utiliza una bola est\u00e1ndar con una cu\u00f1a de forma triangular formada en ella.<\/i><\/p>\n","protected":false},"featured_media":2941,"template":"","meta":{"site-sidebar-layout":"default","site-content-layout":"","ast-site-content-layout":"default","site-content-style":"default","site-sidebar-style":"default","ast-global-header-display":"","ast-banner-title-visibility":"","ast-main-header-display":"","ast-hfb-above-header-display":"","ast-hfb-below-header-display":"","ast-hfb-mobile-header-display":"","site-post-title":"","ast-breadcrumbs-content":"","ast-featured-img":"","footer-sml-layout":"","ast-disable-related-posts":"","theme-transparent-header-meta":"","adv-header-id-meta":"","stick-header-meta":"","header-above-stick-meta":"","header-main-stick-meta":"","header-below-stick-meta":"","astra-migrate-meta-layouts":"default","ast-page-background-enabled":"default","ast-page-background-meta":{"desktop":{"background-color":"var(--ast-global-color-4)","background-image":"","background-repeat":"repeat","background-position":"center center","background-size":"auto","background-attachment":"scroll","background-type":"","background-media":"","overlay-type":"","overlay-color":"","overlay-opacity":"","overlay-gradient":""},"tablet":{"background-color":"","background-image":"","background-repeat":"repeat","background-position":"center center","background-size":"auto","background-attachment":"scroll","background-type":"","background-media":"","overlay-type":"","overlay-color":"","overlay-opacity":"","overlay-gradient":""},"mobile":{"background-color":"","background-image":"","background-repeat":"repeat","background-position":"center center","background-size":"auto","background-attachment":"scroll","background-type":"","background-media":"","overlay-type":"","overlay-color":"","overlay-opacity":"","overlay-gradient":""}},"ast-content-background-meta":{"desktop":{"background-color":"var(--ast-global-color-5)","background-image":"","background-repeat":"repeat","background-position":"center center","background-size":"auto","background-attachment":"scroll","background-type":"","background-media":"","overlay-type":"","overlay-color":"","overlay-opacity":"","overlay-gradient":""},"tablet":{"background-color":"var(--ast-global-color-5)","background-image":"","background-repeat":"repeat","background-position":"center center","background-size":"auto","background-attachment":"scroll","background-type":"","background-media":"","overlay-type":"","overlay-color":"","overlay-opacity":"","overlay-gradient":""},"mobile":{"background-color":"var(--ast-global-color-5)","background-image":"","background-repeat":"repeat","background-position":"center center","background-size":"auto","background-attachment":"scroll","background-type":"","background-media":"","overlay-type":"","overlay-color":"","overlay-opacity":"","overlay-gradient":""}},"_joinchat":[]},"product_brand":[],"product_cat":[292],"product_tag":[293],"class_list":{"0":"post-2940","1":"product","2":"type-product","3":"status-publish","4":"has-post-thumbnail","6":"product_cat-valvulas-de-control","7":"product_tag-valvulas-de-control","8":"desktop-align-left","9":"tablet-align-left","10":"mobile-align-left","12":"first","13":"instock","14":"shipping-taxable","15":"product-type-simple"},"_links":{"self":[{"href":"https:\/\/vtec-automation.com\/index.php?rest_route=\/wp\/v2\/product\/2940","targetHints":{"allow":["GET"]}}],"collection":[{"href":"https:\/\/vtec-automation.com\/index.php?rest_route=\/wp\/v2\/product"}],"about":[{"href":"https:\/\/vtec-automation.com\/index.php?rest_route=\/wp\/v2\/types\/product"}],"version-history":[{"count":0,"href":"https:\/\/vtec-automation.com\/index.php?rest_route=\/wp\/v2\/product\/2940\/revisions"}],"wp:featuredmedia":[{"embeddable":true,"href":"https:\/\/vtec-automation.com\/index.php?rest_route=\/wp\/v2\/media\/2941"}],"wp:attachment":[{"href":"https:\/\/vtec-automation.com\/index.php?rest_route=%2Fwp%2Fv2%2Fmedia&parent=2940"}],"wp:term":[{"taxonomy":"product_brand","embeddable":true,"href":"https:\/\/vtec-automation.com\/index.php?rest_route=%2Fwp%2Fv2%2Fproduct_brand&post=2940"},{"taxonomy":"product_cat","embeddable":true,"href":"https:\/\/vtec-automation.com\/index.php?rest_route=%2Fwp%2Fv2%2Fproduct_cat&post=2940"},{"taxonomy":"product_tag","embeddable":true,"href":"https:\/\/vtec-automation.com\/index.php?rest_route=%2Fwp%2Fv2%2Fproduct_tag&post=2940"}],"curies":[{"name":"wp","href":"https:\/\/api.w.org\/{rel}","templated":true}]}}