{"id":3073,"date":"2019-08-07T04:10:55","date_gmt":"2019-08-07T04:10:55","guid":{"rendered":"http:\/\/vtec-automation.com\/?post_type=product&#038;p=3073"},"modified":"2019-08-07T04:10:56","modified_gmt":"2019-08-07T04:10:56","slug":"cvs-67-afr","status":"publish","type":"product","link":"https:\/\/vtec-automation.com\/?product=cvs-67-afr","title":{"rendered":"CVS 67 AFR"},"content":{"rendered":"<div id=\"fb-root\"><\/div>\n","protected":false},"excerpt":{"rendered":"<p><span>El regulador de filtro CVS tipo 67AFR es una unidad autoaccionada que proporciona presiones reducidas continuas en una variedad de aplicaciones y condiciones de servicio.\u00a0<\/span><span>El uso com\u00fan es como reguladores de presi\u00f3n de suministro para instrumentos neum\u00e1ticos.\u00a0<\/span><span>Se usa un filtro de celulosa con el regulador de filtro CVS Tipo 67AFR y eliminar\u00e1 part\u00edculas de m\u00e1s de 0.0016 pulgadas (0.040 mm) de di\u00e1metro.<\/span><\/p>\n","protected":false},"featured_media":3074,"template":"","meta":{"site-sidebar-layout":"default","site-content-layout":"","ast-site-content-layout":"default","site-content-style":"default","site-sidebar-style":"default","ast-global-header-display":"","ast-banner-title-visibility":"","ast-main-header-display":"","ast-hfb-above-header-display":"","ast-hfb-below-header-display":"","ast-hfb-mobile-header-display":"","site-post-title":"","ast-breadcrumbs-content":"","ast-featured-img":"","footer-sml-layout":"","ast-disable-related-posts":"","theme-transparent-header-meta":"","adv-header-id-meta":"","stick-header-meta":"","header-above-stick-meta":"","header-main-stick-meta":"","header-below-stick-meta":"","astra-migrate-meta-layouts":"default","ast-page-background-enabled":"default","ast-page-background-meta":{"desktop":{"background-color":"var(--ast-global-color-4)","background-image":"","background-repeat":"repeat","background-position":"center center","background-size":"auto","background-attachment":"scroll","background-type":"","background-media":"","overlay-type":"","overlay-color":"","overlay-opacity":"","overlay-gradient":""},"tablet":{"background-color":"","background-image":"","background-repeat":"repeat","background-position":"center center","background-size":"auto","background-attachment":"scroll","background-type":"","background-media":"","overlay-type":"","overlay-color":"","overlay-opacity":"","overlay-gradient":""},"mobile":{"background-color":"","background-image":"","background-repeat":"repeat","background-position":"center center","background-size":"auto","background-attachment":"scroll","background-type":"","background-media":"","overlay-type":"","overlay-color":"","overlay-opacity":"","overlay-gradient":""}},"ast-content-background-meta":{"desktop":{"background-color":"var(--ast-global-color-5)","background-image":"","background-repeat":"repeat","background-position":"center center","background-size":"auto","background-attachment":"scroll","background-type":"","background-media":"","overlay-type":"","overlay-color":"","overlay-opacity":"","overlay-gradient":""},"tablet":{"background-color":"var(--ast-global-color-5)","background-image":"","background-repeat":"repeat","background-position":"center center","background-size":"auto","background-attachment":"scroll","background-type":"","background-media":"","overlay-type":"","overlay-color":"","overlay-opacity":"","overlay-gradient":""},"mobile":{"background-color":"var(--ast-global-color-5)","background-image":"","background-repeat":"repeat","background-position":"center center","background-size":"auto","background-attachment":"scroll","background-type":"","background-media":"","overlay-type":"","overlay-color":"","overlay-opacity":"","overlay-gradient":""}},"_joinchat":[]},"product_brand":[],"product_cat":[297],"product_tag":[316],"class_list":{"0":"post-3073","1":"product","2":"type-product","3":"status-publish","4":"has-post-thumbnail","6":"product_cat-reguladores","7":"product_tag-reguladores","8":"desktop-align-left","9":"tablet-align-left","10":"mobile-align-left","12":"first","13":"instock","14":"shipping-taxable","15":"product-type-simple"},"_links":{"self":[{"href":"https:\/\/vtec-automation.com\/index.php?rest_route=\/wp\/v2\/product\/3073","targetHints":{"allow":["GET"]}}],"collection":[{"href":"https:\/\/vtec-automation.com\/index.php?rest_route=\/wp\/v2\/product"}],"about":[{"href":"https:\/\/vtec-automation.com\/index.php?rest_route=\/wp\/v2\/types\/product"}],"version-history":[{"count":0,"href":"https:\/\/vtec-automation.com\/index.php?rest_route=\/wp\/v2\/product\/3073\/revisions"}],"wp:featuredmedia":[{"embeddable":true,"href":"https:\/\/vtec-automation.com\/index.php?rest_route=\/wp\/v2\/media\/3074"}],"wp:attachment":[{"href":"https:\/\/vtec-automation.com\/index.php?rest_route=%2Fwp%2Fv2%2Fmedia&parent=3073"}],"wp:term":[{"taxonomy":"product_brand","embeddable":true,"href":"https:\/\/vtec-automation.com\/index.php?rest_route=%2Fwp%2Fv2%2Fproduct_brand&post=3073"},{"taxonomy":"product_cat","embeddable":true,"href":"https:\/\/vtec-automation.com\/index.php?rest_route=%2Fwp%2Fv2%2Fproduct_cat&post=3073"},{"taxonomy":"product_tag","embeddable":true,"href":"https:\/\/vtec-automation.com\/index.php?rest_route=%2Fwp%2Fv2%2Fproduct_tag&post=3073"}],"curies":[{"name":"wp","href":"https:\/\/api.w.org\/{rel}","templated":true}]}}