{"id":3722,"date":"2024-05-20T05:45:27","date_gmt":"2024-05-20T05:45:27","guid":{"rendered":"http:\/\/vtec-automation.com\/?post_type=product&#038;p=3722"},"modified":"2024-05-20T05:45:27","modified_gmt":"2024-05-20T05:45:27","slug":"bombas-dosificadoras-analogas","status":"publish","type":"product","link":"https:\/\/vtec-automation.com\/?product=bombas-dosificadoras-analogas","title":{"rendered":"Bombas Dosificadoras An\u00e1logas"},"content":{"rendered":"<div id=\"fb-root\"><\/div>\n<p class=\"parrafo-small\"><strong>Bombas An\u00e1logas:<\/strong><\/p>\n<p class=\"parrafo-small\"><strong>Athena AT.BX<\/strong><\/p>\n<ul>\n<li>\u2022 Bomba de regulaci\u00f3n manual y dosificaci\u00f3n constante<\/li>\n<li>\u2022\u00a0Doble regulaci\u00f3n manual de 0-100% o 0-20%<\/li>\n<\/ul>\n<p class=\"parrafo-small\"><strong>Athena AT.BL<\/strong><\/p>\n<ul>\n<li>\u2022\u00a0Bomba de regulaci\u00f3n manual y dosificaci\u00f3n constante<\/li>\n<li>\u2022\u00a0Doble regulaci\u00f3n manual de 0-100% o 0-20%<\/li>\n<li>\u2022\u00a0Recibe la se\u00f1al de un interruptor de nivel para el tanque de almacenamiento de quimico.<\/li>\n<\/ul>\n<p class=\"parrafo-small\"><strong>Athena AT.AM<\/strong><\/p>\n<ul>\n<li>\u2022\u00a0Dosificaci\u00f3n proporcional a una se\u00f1al an\u00e1loga 4-20 mA o digital de pulsos.<\/li>\n<li>\u2022\u00a0Regulaci\u00f3n manual de 0-100%, Dosificaci\u00f3n constante<\/li>\n<li>\u2022\u00a0Recibe la se\u00f1al de un interruptor de nivel para el tanque de almacenamiento de qu\u00edmico.<\/li>\n<\/ul>\n<p class=\"parrafo-small\"><strong>Athena AT.AT<\/strong><\/p>\n<ul>\n<li>\u2022\u00a0Bomba de regulaci\u00f3n manual y dosificaci\u00f3n constante.<\/li>\n<li>\u2022\u00a0Dosificaci\u00f3n temporizada, Con doble regulaci\u00f3n T encendido y T apagado.<\/li>\n<li>\u2022\u00a0Espec\u00edficamente dise\u00f1ada para dosificaci\u00f3n de peque\u00f1os vol\u00famenes.<\/li>\n<li>\u2022\u00a0Atomizador en la descarga.<\/li>\n<\/ul>\n","protected":false},"excerpt":{"rendered":"<h1 class=\"titulo-producto\">Bombas Dosificadoras An\u00e1logas<\/h1>\n<hr \/>\n<p>Bombas Dosificadoras Electromagn\u00e9ticas construidas con materiales compatibles con la mayor\u00eda de los qu\u00edmicos utilizados para el tratamiento de aguas municipales e industriales.<\/p>\n<p>Cabezal de PVDF id\u00f3neo para los productos qu\u00edmicos utilizados en las aplicaciones industriales, en el tratamiento del agua y en la potabilizaci\u00f3n; Cheques tipo bola\u00a0 de cer\u00e1mica brindan fiabilidad de la dosificaci\u00f3n y compatibilidad qu\u00edmica. El diafragma de PTFE resistencia y compatibilidad con todos los productos qu\u00edmicos.<\/p>\n<p>Alimentaci\u00f3n universal estabilizada 100-240 VAC 50\/60 Hz con bajo consumo. Conexi\u00f3n r\u00e1pida, v\u00e1lvula de purga manual y protecci\u00f3n IP65. Men\u00fa en Espa\u00f1ol.<\/p>\n","protected":false},"featured_media":3721,"template":"","meta":{"site-sidebar-layout":"default","site-content-layout":"","ast-site-content-layout":"default","site-content-style":"default","site-sidebar-style":"default","ast-global-header-display":"","ast-banner-title-visibility":"","ast-main-header-display":"","ast-hfb-above-header-display":"","ast-hfb-below-header-display":"","ast-hfb-mobile-header-display":"","site-post-title":"","ast-breadcrumbs-content":"","ast-featured-img":"","footer-sml-layout":"","ast-disable-related-posts":"","theme-transparent-header-meta":"default","adv-header-id-meta":"","stick-header-meta":"","header-above-stick-meta":"","header-main-stick-meta":"","header-below-stick-meta":"","astra-migrate-meta-layouts":"set","ast-page-background-enabled":"default","ast-page-background-meta":{"desktop":{"background-color":"var(--ast-global-color-4)","background-image":"","background-repeat":"repeat","background-position":"center center","background-size":"auto","background-attachment":"scroll","background-type":"","background-media":"","overlay-type":"","overlay-color":"","overlay-opacity":"","overlay-gradient":""},"tablet":{"background-color":"","background-image":"","background-repeat":"repeat","background-position":"center center","background-size":"auto","background-attachment":"scroll","background-type":"","background-media":"","overlay-type":"","overlay-color":"","overlay-opacity":"","overlay-gradient":""},"mobile":{"background-color":"","background-image":"","background-repeat":"repeat","background-position":"center center","background-size":"auto","background-attachment":"scroll","background-type":"","background-media":"","overlay-type":"","overlay-color":"","overlay-opacity":"","overlay-gradient":""}},"ast-content-background-meta":{"desktop":{"background-color":"var(--ast-global-color-5)","background-image":"","background-repeat":"repeat","background-position":"center center","background-size":"auto","background-attachment":"scroll","background-type":"","background-media":"","overlay-type":"","overlay-color":"","overlay-opacity":"","overlay-gradient":""},"tablet":{"background-color":"var(--ast-global-color-5)","background-image":"","background-repeat":"repeat","background-position":"center center","background-size":"auto","background-attachment":"scroll","background-type":"","background-media":"","overlay-type":"","overlay-color":"","overlay-opacity":"","overlay-gradient":""},"mobile":{"background-color":"var(--ast-global-color-5)","background-image":"","background-repeat":"repeat","background-position":"center center","background-size":"auto","background-attachment":"scroll","background-type":"","background-media":"","overlay-type":"","overlay-color":"","overlay-opacity":"","overlay-gradient":""}},"_joinchat":[]},"product_brand":[],"product_cat":[349],"product_tag":[],"class_list":{"0":"post-3722","1":"product","2":"type-product","3":"status-publish","4":"has-post-thumbnail","6":"product_cat-bombas-dosificadoras","7":"desktop-align-left","8":"tablet-align-left","9":"mobile-align-left","11":"first","12":"instock","13":"shipping-taxable","14":"product-type-simple"},"_links":{"self":[{"href":"https:\/\/vtec-automation.com\/index.php?rest_route=\/wp\/v2\/product\/3722","targetHints":{"allow":["GET"]}}],"collection":[{"href":"https:\/\/vtec-automation.com\/index.php?rest_route=\/wp\/v2\/product"}],"about":[{"href":"https:\/\/vtec-automation.com\/index.php?rest_route=\/wp\/v2\/types\/product"}],"version-history":[{"count":1,"href":"https:\/\/vtec-automation.com\/index.php?rest_route=\/wp\/v2\/product\/3722\/revisions"}],"predecessor-version":[{"id":3728,"href":"https:\/\/vtec-automation.com\/index.php?rest_route=\/wp\/v2\/product\/3722\/revisions\/3728"}],"wp:featuredmedia":[{"embeddable":true,"href":"https:\/\/vtec-automation.com\/index.php?rest_route=\/wp\/v2\/media\/3721"}],"wp:attachment":[{"href":"https:\/\/vtec-automation.com\/index.php?rest_route=%2Fwp%2Fv2%2Fmedia&parent=3722"}],"wp:term":[{"taxonomy":"product_brand","embeddable":true,"href":"https:\/\/vtec-automation.com\/index.php?rest_route=%2Fwp%2Fv2%2Fproduct_brand&post=3722"},{"taxonomy":"product_cat","embeddable":true,"href":"https:\/\/vtec-automation.com\/index.php?rest_route=%2Fwp%2Fv2%2Fproduct_cat&post=3722"},{"taxonomy":"product_tag","embeddable":true,"href":"https:\/\/vtec-automation.com\/index.php?rest_route=%2Fwp%2Fv2%2Fproduct_tag&post=3722"}],"curies":[{"name":"wp","href":"https:\/\/api.w.org\/{rel}","templated":true}]}}