{"id":3729,"date":"2024-05-20T05:47:16","date_gmt":"2024-05-20T05:47:16","guid":{"rendered":"http:\/\/vtec-automation.com\/?post_type=product&#038;p=3729"},"modified":"2024-05-20T05:47:17","modified_gmt":"2024-05-20T05:47:17","slug":"bombas-dosificadoras-digitales","status":"publish","type":"product","link":"https:\/\/vtec-automation.com\/?product=bombas-dosificadoras-digitales","title":{"rendered":"Bombas Dosificadoras Digitales"},"content":{"rendered":"<div id=\"fb-root\"><\/div>\n<p class=\"parrafo-small\">Los alimentadores autom\u00e1ticos pueden ser muy \u00fatiles para los sistemas hidrop\u00f3nicos porque facilitan el control de los aportes de fertilizantes y el seguimiento de los niveles de nutrientes. Los alimentadores manuales pueden ser \u00fatiles para los cultivadores que prefieren gestionar manualmente sus niveles de nutrientes o que quieren tener m\u00e1s control sobre los nutrientes de su sistema.<\/p>\n<p class=\"parrafo-small\">Aunque los DDP son una forma innovadora de medir los nutrientes, hay que tener en cuenta algunos inconvenientes potenciales. En primer lugar, es importante tener en cuenta que los DDP no son 100% precisos cuando se trata de medir los niveles de nutrientes. Esto se debe a que siempre hay un cierto grado de error asociado a cada medici\u00f3n. Por lo tanto, siempre hay que tener cuidado al utilizar los PDC para no acabar sobre fertilizando.<\/p>\n<p class=\"parrafo-small\"><strong>Athena AT.MT<\/strong><\/p>\n<ul>\n<li>\u2022 Dosificaci\u00f3n proporcional a una se\u00f1al an\u00e1loga 4-20 mA o 20-4 mA (Seleccionable) o digital por pulsos.<\/li>\n<li>\u2022\u00a0Regulaci\u00f3n de flujo manual de 0-100%, con posibilidad de ajustar el flujo m\u00e1ximo.<\/li>\n<li>\u2022\u00a0Entrada control externo (Start &#8211; Stop)<\/li>\n<li>\u2022\u00a0Entrada se\u00f1al de pausa.<\/li>\n<\/ul>\n<p class=\"parrafo-small\"><strong>Athena AT.BT<\/strong><\/p>\n<ul>\n<li>\u2022\u00a0Dosificaci\u00f3n temporizada.<\/li>\n<li>\u2022\u00a0Programaci\u00f3n diaria o semanal<\/li>\n<li>\u2022\u00a0Con capacidad de dosificar con intervalos de tiempo programado.<\/li>\n<\/ul>\n<p class=\"parrafo-small\"><strong>Athena AT.PR<\/strong><\/p>\n<ul>\n<li>\u2022\u00a0Dosificaci\u00f3n proporcional a una se\u00f1al de sensor de pH \/ ORP<\/li>\n<li>\u2022\u00a0Compensaci\u00f3n autom\u00e1tica de temperatura<\/li>\n<li>\u2022\u00a0Control de pH integral.<\/li>\n<li>\u2022\u00a0Retransmisi\u00f3n de 4-20 mA de la se\u00f1al de pH<\/li>\n<li>\u2022\u00a0Calibraci\u00f3n manual o autom\u00e1tica.<\/li>\n<li>\u2022\u00a0Programaci\u00f3n de retraso en la dosificaci\u00f3n.<\/li>\n<\/ul>\n<div class=\"acordeon\"><\/div>\n","protected":false},"excerpt":{"rendered":"<p class=\"parrafo-small\"><strong>Bombas Digitales:<\/strong><\/p>\n<p class=\"parrafo-small\">Las bombas de dosificaci\u00f3n digital (DDP) son una nueva tecnolog\u00eda que permite dosificar las plantas con precisi\u00f3n y facilidad. Funcionan midiendo autom\u00e1ticamente los nutrientes de las plantas, y lo hacen con un sensor que se encuentra dentro de la c\u00e1mara de agua de la bomba. El algoritmo de la DDP convierte los niveles de nutrientes medidos en dosis personalizadas que se administran a las plantas.<\/p>\n<p class=\"parrafo-small\">Hay dos tipos de DDP: alimentadores autom\u00e1ticos y alimentadores manuales. Los alimentadores autom\u00e1ticos tienen un sensor incorporado que dispensa autom\u00e1ticamente dosis pre programadas de nutrientes. Los alimentadores manuales son similares a los autom\u00e1ticos, salvo que usted mismo debe a\u00f1adir manualmente los nutrientes a la c\u00e1mara del tanque\/agua.<\/p>\n","protected":false},"featured_media":3730,"template":"","meta":{"site-sidebar-layout":"default","site-content-layout":"","ast-site-content-layout":"default","site-content-style":"default","site-sidebar-style":"default","ast-global-header-display":"","ast-banner-title-visibility":"","ast-main-header-display":"","ast-hfb-above-header-display":"","ast-hfb-below-header-display":"","ast-hfb-mobile-header-display":"","site-post-title":"","ast-breadcrumbs-content":"","ast-featured-img":"","footer-sml-layout":"","ast-disable-related-posts":"","theme-transparent-header-meta":"default","adv-header-id-meta":"","stick-header-meta":"","header-above-stick-meta":"","header-main-stick-meta":"","header-below-stick-meta":"","astra-migrate-meta-layouts":"set","ast-page-background-enabled":"default","ast-page-background-meta":{"desktop":{"background-color":"var(--ast-global-color-4)","background-image":"","background-repeat":"repeat","background-position":"center center","background-size":"auto","background-attachment":"scroll","background-type":"","background-media":"","overlay-type":"","overlay-color":"","overlay-opacity":"","overlay-gradient":""},"tablet":{"background-color":"","background-image":"","background-repeat":"repeat","background-position":"center center","background-size":"auto","background-attachment":"scroll","background-type":"","background-media":"","overlay-type":"","overlay-color":"","overlay-opacity":"","overlay-gradient":""},"mobile":{"background-color":"","background-image":"","background-repeat":"repeat","background-position":"center center","background-size":"auto","background-attachment":"scroll","background-type":"","background-media":"","overlay-type":"","overlay-color":"","overlay-opacity":"","overlay-gradient":""}},"ast-content-background-meta":{"desktop":{"background-color":"var(--ast-global-color-5)","background-image":"","background-repeat":"repeat","background-position":"center center","background-size":"auto","background-attachment":"scroll","background-type":"","background-media":"","overlay-type":"","overlay-color":"","overlay-opacity":"","overlay-gradient":""},"tablet":{"background-color":"var(--ast-global-color-5)","background-image":"","background-repeat":"repeat","background-position":"center center","background-size":"auto","background-attachment":"scroll","background-type":"","background-media":"","overlay-type":"","overlay-color":"","overlay-opacity":"","overlay-gradient":""},"mobile":{"background-color":"var(--ast-global-color-5)","background-image":"","background-repeat":"repeat","background-position":"center center","background-size":"auto","background-attachment":"scroll","background-type":"","background-media":"","overlay-type":"","overlay-color":"","overlay-opacity":"","overlay-gradient":""}},"_joinchat":[]},"product_brand":[],"product_cat":[349],"product_tag":[],"class_list":{"0":"post-3729","1":"product","2":"type-product","3":"status-publish","4":"has-post-thumbnail","6":"product_cat-bombas-dosificadoras","7":"desktop-align-left","8":"tablet-align-left","9":"mobile-align-left","11":"first","12":"instock","13":"shipping-taxable","14":"product-type-simple"},"_links":{"self":[{"href":"https:\/\/vtec-automation.com\/index.php?rest_route=\/wp\/v2\/product\/3729","targetHints":{"allow":["GET"]}}],"collection":[{"href":"https:\/\/vtec-automation.com\/index.php?rest_route=\/wp\/v2\/product"}],"about":[{"href":"https:\/\/vtec-automation.com\/index.php?rest_route=\/wp\/v2\/types\/product"}],"version-history":[{"count":1,"href":"https:\/\/vtec-automation.com\/index.php?rest_route=\/wp\/v2\/product\/3729\/revisions"}],"predecessor-version":[{"id":3731,"href":"https:\/\/vtec-automation.com\/index.php?rest_route=\/wp\/v2\/product\/3729\/revisions\/3731"}],"wp:featuredmedia":[{"embeddable":true,"href":"https:\/\/vtec-automation.com\/index.php?rest_route=\/wp\/v2\/media\/3730"}],"wp:attachment":[{"href":"https:\/\/vtec-automation.com\/index.php?rest_route=%2Fwp%2Fv2%2Fmedia&parent=3729"}],"wp:term":[{"taxonomy":"product_brand","embeddable":true,"href":"https:\/\/vtec-automation.com\/index.php?rest_route=%2Fwp%2Fv2%2Fproduct_brand&post=3729"},{"taxonomy":"product_cat","embeddable":true,"href":"https:\/\/vtec-automation.com\/index.php?rest_route=%2Fwp%2Fv2%2Fproduct_cat&post=3729"},{"taxonomy":"product_tag","embeddable":true,"href":"https:\/\/vtec-automation.com\/index.php?rest_route=%2Fwp%2Fv2%2Fproduct_tag&post=3729"}],"curies":[{"name":"wp","href":"https:\/\/api.w.org\/{rel}","templated":true}]}}