{"id":3741,"date":"2024-05-21T00:30:26","date_gmt":"2024-05-21T00:30:26","guid":{"rendered":"http:\/\/vtec-automation.com\/?post_type=product&#038;p=3741"},"modified":"2024-05-21T00:30:26","modified_gmt":"2024-05-21T00:30:26","slug":"cloro-residual","status":"publish","type":"product","link":"https:\/\/vtec-automation.com\/?product=cloro-residual","title":{"rendered":"Cloro Residual"},"content":{"rendered":"<div id=\"fb-root\"><\/div>\n<p class=\"parrafo-small\">Utilizando tecnolog\u00eda amperom\u00e9trica comprobada, Microchem tiene una oferta completa de sensores de cloro, que proporcionan un an\u00e1lisis residual preciso para una amplia gama de aplicaciones de monitoreo y control.<\/p>\n<p class=\"parrafo-small\"><strong>Ventajas de MicroChem\u00ae<\/strong><\/p>\n<p class=\"parrafo-small\">Las ventajas del analizador y controlador MicroChem\u00ae incluyen:<\/p>\n<p class=\"parrafo-small\"><strong>Flexibilidad<\/strong><\/p>\n<ul>\n<li>\u2022 La \u00fanica soluci\u00f3n con m\u00faltiples par\u00e1metros que se puede usar como analizador, controlador o ambos al mismo tiempo. Esto significa que solo necesita un instrumento, independientemente de las necesidades individuales.<\/li>\n<li>\u2022\u00a0La conectividad USB le brinda la flexibilidad de cambiar los par\u00e1metros de configuraci\u00f3n y medici\u00f3n simplemente conect\u00e1ndose al analizador MicroChem\u00ae<\/li>\n<li>\u2022\u00a0M\u00faltiples opciones de medici\u00f3n de extremo h\u00famedo probadas para cumplir con sus requisitos \u00fanicos<\/li>\n<\/ul>\n<p class=\"parrafo-small\"><strong>Facilidad de operaci\u00f3n<\/strong><\/p>\n<ul>\n<li>\u2022\u00a0Configuraci\u00f3n simple y actualizaciones de software utilizando un conector USB<\/li>\n<li>\u2022\u00a0Las opciones de administraci\u00f3n de datos le permiten administrar y comprender m\u00e1s f\u00e1cilmente las operaciones de su planta. Esto incluye transmisiones por correo electr\u00f3nico y descargas de registros de datos a USB<\/li>\n<li>\u2022\u00a0Interfaz de usuario intuitiva con pantalla t\u00e1ctil<\/li>\n<li>\u2022\u00a0Incluye seis opciones de idiomas diferentes.<\/li>\n<\/ul>\n<p class=\"parrafo-small\">\n<h2>La Importancia del tratamiento de agua<\/h2>\n<p class=\"parrafo-small\">Si lo piensa, el agua que sale de su grifo no es precisamente pura. La mayor\u00eda de las veces, el agua del grifo contiene sustancias qu\u00edmicas y minerales procedentes de fuentes naturales como las rocas y el suelo. Por eso es importante tener un sistema de tratamiento de agua de calidad en casa.<\/p>\n<p class=\"parrafo-small\">Hay dos tipos principales de tratamiento del agua: el de punto de entrada y el secundario. Los sistemas de punto de entrada requieren que se eliminen todas las fuentes de agua subterr\u00e1nea contaminada, la basura dom\u00e9stica o la escorrent\u00eda antes de que el agua pueda entrar en el sistema de almacenamiento. Los m\u00e9todos de tratamiento secundario del agua potable se utilizan despu\u00e9s del tratamiento en el punto de entrada para eliminar cualquier contaminante restante en el agua potable terminada. Muchos factores pueden afectar a la eficacia del sistema de tratamiento primario del agua potable de su casa, incluidos los materiales de construcci\u00f3n y las distancias entre la propiedad y la fuente municipal o las tuber\u00edas del pozo.<\/p>\n<p class=\"parrafo-small\">Cuando te duchas o ba\u00f1as a tu mascota, probablemente no pienses en el agua que est\u00e1s utilizando. Pero cuando lo haces, puede que no sea una imagen bonita. El cloro se utiliza para matar los g\u00e9rmenes y hacer que el agua huela bien. El problema es que el cloro tambi\u00e9n mata las algas y otros organismos microsc\u00f3picos similares a las algas (cianobacterias). En algunas zonas del pa\u00eds, el agua del grifo clorada es una necesidad para evitar la propagaci\u00f3n de enfermedades como el c\u00f3lera, la fiebre tifoidea, la paratifoidea y diversas dolencias estomacales. Si vives en una zona en la que el agua del grifo clorada no es recomendable o si el agua del grifo tiene un olor o sabor desagradable, puede que sea el momento de buscar fuentes alternativas de tratamiento del agua potable que no impliquen cloro.<\/p>\n","protected":false},"excerpt":{"rendered":"<p>Microchem es un analizador multiparam\u00e9trico dise\u00f1ado espec\u00edficamente para plantas de tratamiento de agua potable, aguas residuales y aplicaciones de piscinas que puede ser configurado como un transmisor o controlador PID. Capaz de recibir hasta tres se\u00f1ales de los siguientes parametros: Cloro Residual, Dioxido de Cloro, pH, ORP, Conductividad o Se\u00f1al an\u00e1loga 4-20 mA. Tiene dos salidas an\u00e1logas de 4-20 mA por cada variable, una para control y otra para retransmisi\u00f3n. Protocolo de Comunicaci\u00f3n Modbus como est\u00e1ndar.<\/p>\n","protected":false},"featured_media":3740,"template":"","meta":{"site-sidebar-layout":"default","site-content-layout":"","ast-site-content-layout":"default","site-content-style":"default","site-sidebar-style":"default","ast-global-header-display":"","ast-banner-title-visibility":"","ast-main-header-display":"","ast-hfb-above-header-display":"","ast-hfb-below-header-display":"","ast-hfb-mobile-header-display":"","site-post-title":"","ast-breadcrumbs-content":"","ast-featured-img":"","footer-sml-layout":"","ast-disable-related-posts":"","theme-transparent-header-meta":"default","adv-header-id-meta":"","stick-header-meta":"","header-above-stick-meta":"","header-main-stick-meta":"","header-below-stick-meta":"","astra-migrate-meta-layouts":"set","ast-page-background-enabled":"default","ast-page-background-meta":{"desktop":{"background-color":"var(--ast-global-color-4)","background-image":"","background-repeat":"repeat","background-position":"center center","background-size":"auto","background-attachment":"scroll","background-type":"","background-media":"","overlay-type":"","overlay-color":"","overlay-opacity":"","overlay-gradient":""},"tablet":{"background-color":"","background-image":"","background-repeat":"repeat","background-position":"center center","background-size":"auto","background-attachment":"scroll","background-type":"","background-media":"","overlay-type":"","overlay-color":"","overlay-opacity":"","overlay-gradient":""},"mobile":{"background-color":"","background-image":"","background-repeat":"repeat","background-position":"center center","background-size":"auto","background-attachment":"scroll","background-type":"","background-media":"","overlay-type":"","overlay-color":"","overlay-opacity":"","overlay-gradient":""}},"ast-content-background-meta":{"desktop":{"background-color":"var(--ast-global-color-5)","background-image":"","background-repeat":"repeat","background-position":"center center","background-size":"auto","background-attachment":"scroll","background-type":"","background-media":"","overlay-type":"","overlay-color":"","overlay-opacity":"","overlay-gradient":""},"tablet":{"background-color":"var(--ast-global-color-5)","background-image":"","background-repeat":"repeat","background-position":"center center","background-size":"auto","background-attachment":"scroll","background-type":"","background-media":"","overlay-type":"","overlay-color":"","overlay-opacity":"","overlay-gradient":""},"mobile":{"background-color":"var(--ast-global-color-5)","background-image":"","background-repeat":"repeat","background-position":"center center","background-size":"auto","background-attachment":"scroll","background-type":"","background-media":"","overlay-type":"","overlay-color":"","overlay-opacity":"","overlay-gradient":""}},"_joinchat":[]},"product_brand":[],"product_cat":[352],"product_tag":[],"class_list":{"0":"post-3741","1":"product","2":"type-product","3":"status-publish","4":"has-post-thumbnail","6":"product_cat-calidad-del-agua","7":"desktop-align-left","8":"tablet-align-left","9":"mobile-align-left","11":"first","12":"instock","13":"shipping-taxable","14":"product-type-simple"},"_links":{"self":[{"href":"https:\/\/vtec-automation.com\/index.php?rest_route=\/wp\/v2\/product\/3741","targetHints":{"allow":["GET"]}}],"collection":[{"href":"https:\/\/vtec-automation.com\/index.php?rest_route=\/wp\/v2\/product"}],"about":[{"href":"https:\/\/vtec-automation.com\/index.php?rest_route=\/wp\/v2\/types\/product"}],"version-history":[{"count":1,"href":"https:\/\/vtec-automation.com\/index.php?rest_route=\/wp\/v2\/product\/3741\/revisions"}],"predecessor-version":[{"id":3742,"href":"https:\/\/vtec-automation.com\/index.php?rest_route=\/wp\/v2\/product\/3741\/revisions\/3742"}],"wp:featuredmedia":[{"embeddable":true,"href":"https:\/\/vtec-automation.com\/index.php?rest_route=\/wp\/v2\/media\/3740"}],"wp:attachment":[{"href":"https:\/\/vtec-automation.com\/index.php?rest_route=%2Fwp%2Fv2%2Fmedia&parent=3741"}],"wp:term":[{"taxonomy":"product_brand","embeddable":true,"href":"https:\/\/vtec-automation.com\/index.php?rest_route=%2Fwp%2Fv2%2Fproduct_brand&post=3741"},{"taxonomy":"product_cat","embeddable":true,"href":"https:\/\/vtec-automation.com\/index.php?rest_route=%2Fwp%2Fv2%2Fproduct_cat&post=3741"},{"taxonomy":"product_tag","embeddable":true,"href":"https:\/\/vtec-automation.com\/index.php?rest_route=%2Fwp%2Fv2%2Fproduct_tag&post=3741"}],"curies":[{"name":"wp","href":"https:\/\/api.w.org\/{rel}","templated":true}]}}