{"id":3766,"date":"2024-05-21T00:47:48","date_gmt":"2024-05-21T00:47:48","guid":{"rendered":"http:\/\/vtec-automation.com\/?post_type=product&#038;p=3766"},"modified":"2024-05-21T00:47:49","modified_gmt":"2024-05-21T00:47:49","slug":"generador-de-hipoclorito-de-sodio-en-sitio","status":"publish","type":"product","link":"https:\/\/vtec-automation.com\/?product=generador-de-hipoclorito-de-sodio-en-sitio","title":{"rendered":"Generador de Hipoclorito de Sodio en Sitio"},"content":{"rendered":"<div id=\"fb-root\"><\/div>\n<p>Con una soluci\u00f3n garantizada de hipoclorito de sodio al 0.8%, los Generadores de Hipoclorito de Sodio en Sitio de ClorTec\u00ae est\u00e1n dise\u00f1ados para una alta eficiencia, bajo costo de operaci\u00f3n, durabilidad y confiabilidad. Usando tres consumibles comunes: agua, sal y energ\u00eda.<\/p>\n<p class=\"parrafo-small\"><strong>Ventajas:<\/strong><\/p>\n<p class=\"parrafo-small\">&#8211; Soluci\u00f3n tecnol\u00f3gica segura, simple y confiable<\/p>\n<p class=\"parrafo-small\">&#8211; Soluci\u00f3n de hipoclorito no peligrosa de &lt;1.0%<\/p>\n<p class=\"parrafo-small\">&#8211; No transporte de materiales peligrosos.<\/p>\n<p class=\"parrafo-small\">&#8211; Solo tres Consumibles: Agua (15 gal); Sal (3 lb) y Electricidad: 2\u00a0kWh<\/p>\n","protected":false},"excerpt":{"rendered":"<p>La Generaci\u00f3n de Hipoclorito de Sodio en Sitio proporciona una soluci\u00f3n segura, econ\u00f3mica y efectiva para el tratamiento del agua. Para una variedad de aplicaciones, desde el tratamiento de agua potable hasta el control microbiol\u00f3gico en torres de enfriamiento. La generaci\u00f3n en sitio le permite generar lo que necesita, cuando lo necesita;\u00a0 garantizando la seguridad de su personal y la comunidad circundante, generando un desinfectante potente y altamente efectivo sin el transporte de productos qu\u00edmicos peligrosos.<\/p>\n","protected":false},"featured_media":3765,"template":"","meta":{"site-sidebar-layout":"default","site-content-layout":"","ast-site-content-layout":"default","site-content-style":"default","site-sidebar-style":"default","ast-global-header-display":"","ast-banner-title-visibility":"","ast-main-header-display":"","ast-hfb-above-header-display":"","ast-hfb-below-header-display":"","ast-hfb-mobile-header-display":"","site-post-title":"","ast-breadcrumbs-content":"","ast-featured-img":"","footer-sml-layout":"","ast-disable-related-posts":"","theme-transparent-header-meta":"default","adv-header-id-meta":"","stick-header-meta":"","header-above-stick-meta":"","header-main-stick-meta":"","header-below-stick-meta":"","astra-migrate-meta-layouts":"set","ast-page-background-enabled":"default","ast-page-background-meta":{"desktop":{"background-color":"var(--ast-global-color-4)","background-image":"","background-repeat":"repeat","background-position":"center center","background-size":"auto","background-attachment":"scroll","background-type":"","background-media":"","overlay-type":"","overlay-color":"","overlay-opacity":"","overlay-gradient":""},"tablet":{"background-color":"","background-image":"","background-repeat":"repeat","background-position":"center center","background-size":"auto","background-attachment":"scroll","background-type":"","background-media":"","overlay-type":"","overlay-color":"","overlay-opacity":"","overlay-gradient":""},"mobile":{"background-color":"","background-image":"","background-repeat":"repeat","background-position":"center center","background-size":"auto","background-attachment":"scroll","background-type":"","background-media":"","overlay-type":"","overlay-color":"","overlay-opacity":"","overlay-gradient":""}},"ast-content-background-meta":{"desktop":{"background-color":"var(--ast-global-color-5)","background-image":"","background-repeat":"repeat","background-position":"center center","background-size":"auto","background-attachment":"scroll","background-type":"","background-media":"","overlay-type":"","overlay-color":"","overlay-opacity":"","overlay-gradient":""},"tablet":{"background-color":"var(--ast-global-color-5)","background-image":"","background-repeat":"repeat","background-position":"center center","background-size":"auto","background-attachment":"scroll","background-type":"","background-media":"","overlay-type":"","overlay-color":"","overlay-opacity":"","overlay-gradient":""},"mobile":{"background-color":"var(--ast-global-color-5)","background-image":"","background-repeat":"repeat","background-position":"center center","background-size":"auto","background-attachment":"scroll","background-type":"","background-media":"","overlay-type":"","overlay-color":"","overlay-opacity":"","overlay-gradient":""}},"_joinchat":[]},"product_brand":[],"product_cat":[353],"product_tag":[],"class_list":{"0":"post-3766","1":"product","2":"type-product","3":"status-publish","4":"has-post-thumbnail","6":"product_cat-desinfeccion","7":"desktop-align-left","8":"tablet-align-left","9":"mobile-align-left","11":"first","12":"instock","13":"shipping-taxable","14":"product-type-simple"},"_links":{"self":[{"href":"https:\/\/vtec-automation.com\/index.php?rest_route=\/wp\/v2\/product\/3766","targetHints":{"allow":["GET"]}}],"collection":[{"href":"https:\/\/vtec-automation.com\/index.php?rest_route=\/wp\/v2\/product"}],"about":[{"href":"https:\/\/vtec-automation.com\/index.php?rest_route=\/wp\/v2\/types\/product"}],"version-history":[{"count":1,"href":"https:\/\/vtec-automation.com\/index.php?rest_route=\/wp\/v2\/product\/3766\/revisions"}],"predecessor-version":[{"id":3767,"href":"https:\/\/vtec-automation.com\/index.php?rest_route=\/wp\/v2\/product\/3766\/revisions\/3767"}],"wp:featuredmedia":[{"embeddable":true,"href":"https:\/\/vtec-automation.com\/index.php?rest_route=\/wp\/v2\/media\/3765"}],"wp:attachment":[{"href":"https:\/\/vtec-automation.com\/index.php?rest_route=%2Fwp%2Fv2%2Fmedia&parent=3766"}],"wp:term":[{"taxonomy":"product_brand","embeddable":true,"href":"https:\/\/vtec-automation.com\/index.php?rest_route=%2Fwp%2Fv2%2Fproduct_brand&post=3766"},{"taxonomy":"product_cat","embeddable":true,"href":"https:\/\/vtec-automation.com\/index.php?rest_route=%2Fwp%2Fv2%2Fproduct_cat&post=3766"},{"taxonomy":"product_tag","embeddable":true,"href":"https:\/\/vtec-automation.com\/index.php?rest_route=%2Fwp%2Fv2%2Fproduct_tag&post=3766"}],"curies":[{"name":"wp","href":"https:\/\/api.w.org\/{rel}","templated":true}]}}