{"id":3800,"date":"2024-05-21T01:20:56","date_gmt":"2024-05-21T01:20:56","guid":{"rendered":"http:\/\/vtec-automation.com\/?post_type=product&#038;p=3800"},"modified":"2024-05-21T01:20:57","modified_gmt":"2024-05-21T01:20:57","slug":"basculas-en-banda-transportadora","status":"publish","type":"product","link":"https:\/\/vtec-automation.com\/?product=basculas-en-banda-transportadora","title":{"rendered":"B\u00e1sculas en Banda Transportadora"},"content":{"rendered":"<div id=\"fb-root\"><\/div>\n<table>\n<tbody>\n<tr>\n<td><strong>Modelo<\/strong><\/td>\n<td><strong>N\u00b0 Rodillos<\/strong><\/td>\n<td><strong>Exactitud<\/strong><\/td>\n<td><strong>Beneficios<\/strong><\/td>\n<\/tr>\n<tr>\n<td>475EZ<\/td>\n<td>1<\/td>\n<td>1 &#8211; 2 %<\/td>\n<td>\u2022\u00a0 Se adapta a cualquier banda transportadora<br \/>\n\u2022\u00a0 F\u00e1cil instalaci\u00f3n<br \/>\n\u2022\u00a0 Sin mantenimiento<br \/>\n\u2022\u00a0 Bajo costo<br \/>\n\u2022\u00a0 Ajustable a bandas entre 30cm y 2.43m de ancho<\/td>\n<\/tr>\n<tr>\n<td><\/td>\n<td><\/td>\n<td><\/td>\n<td><\/td>\n<\/tr>\n<tr>\n<td>465A<\/td>\n<td>1<\/td>\n<td>1 &#8211; 2 %<\/td>\n<td>\u2022\u00a0 Dise\u00f1ado para transportadores de Bandeja (Apron Conveyor)<br \/>\n\u2022\u00a0 Ajustable a transportadores entre 60cm y 1.8m de ancho<\/td>\n<\/tr>\n<tr>\n<td><\/td>\n<td><\/td>\n<td><\/td>\n<td><\/td>\n<\/tr>\n<tr>\n<td rowspan=\"2\">465<\/td>\n<td>2<\/td>\n<td>\u00b1 0.50%<\/td>\n<td rowspan=\"2\">\u2022\u00a0 Dise\u00f1ado para cargas ligeras y aplicaciones de baja capacidad\u00a0 \u00a0 \u00a0 \u00a0 \u00a0Ejemplo: Industria de madera y papel<br \/>\n\u2022\u00a0 Ajustable a bandas entre 45cm y 2.1m de ancho<\/td>\n<\/tr>\n<tr>\n<td>4<\/td>\n<td>\u00b1 0.25%<\/td>\n<\/tr>\n<tr>\n<td><\/td>\n<td><\/td>\n<td><\/td>\n<td><\/td>\n<\/tr>\n<tr>\n<td rowspan=\"2\">475<\/td>\n<td>1<\/td>\n<td>\u00b1 0.50%<\/td>\n<td rowspan=\"2\">\u2022\u00a0 F\u00e1cil de instalar<br \/>\n\u2022\u00a0 El dise\u00f1o superior transfiere la fuerza del material directamente\u00a0 \u00a0 \u00a0a la celda de carga<br \/>\n\u2022\u00a0 Sin palancas, pivotes o piezas m\u00f3viles.<br \/>\n\u2022\u00a0 Posibilidad de aumentar la precisi\u00f3n agregando m\u00f3dulos de\u00a0 \u00a0 \u00a0 \u00a0 \u00a0pesaje. Certificable NTEP (Disponible para 3 o 4 rodillos)<\/td>\n<\/tr>\n<\/tbody>\n<\/table>\n","protected":false},"excerpt":{"rendered":"<p>Agregar una b\u00e1scula al sistema transportador es una excelente manera de monitorear el flujo de material y garantizar la precisi\u00f3n de la producci\u00f3n al conocer el peso totalizado. Las b\u00e1sculas MERRICK son f\u00e1ciles de instalar, no utilizan piezas m\u00f3viles y no requieren mantenimiento, lo que brinda a\u00f1os de servicio confiable y preciso<\/p>\n","protected":false},"featured_media":3799,"template":"","meta":{"site-sidebar-layout":"default","site-content-layout":"","ast-site-content-layout":"default","site-content-style":"default","site-sidebar-style":"default","ast-global-header-display":"","ast-banner-title-visibility":"","ast-main-header-display":"","ast-hfb-above-header-display":"","ast-hfb-below-header-display":"","ast-hfb-mobile-header-display":"","site-post-title":"","ast-breadcrumbs-content":"","ast-featured-img":"","footer-sml-layout":"","ast-disable-related-posts":"","theme-transparent-header-meta":"default","adv-header-id-meta":"","stick-header-meta":"","header-above-stick-meta":"","header-main-stick-meta":"","header-below-stick-meta":"","astra-migrate-meta-layouts":"set","ast-page-background-enabled":"default","ast-page-background-meta":{"desktop":{"background-color":"var(--ast-global-color-4)","background-image":"","background-repeat":"repeat","background-position":"center center","background-size":"auto","background-attachment":"scroll","background-type":"","background-media":"","overlay-type":"","overlay-color":"","overlay-opacity":"","overlay-gradient":""},"tablet":{"background-color":"","background-image":"","background-repeat":"repeat","background-position":"center center","background-size":"auto","background-attachment":"scroll","background-type":"","background-media":"","overlay-type":"","overlay-color":"","overlay-opacity":"","overlay-gradient":""},"mobile":{"background-color":"","background-image":"","background-repeat":"repeat","background-position":"center center","background-size":"auto","background-attachment":"scroll","background-type":"","background-media":"","overlay-type":"","overlay-color":"","overlay-opacity":"","overlay-gradient":""}},"ast-content-background-meta":{"desktop":{"background-color":"var(--ast-global-color-5)","background-image":"","background-repeat":"repeat","background-position":"center center","background-size":"auto","background-attachment":"scroll","background-type":"","background-media":"","overlay-type":"","overlay-color":"","overlay-opacity":"","overlay-gradient":""},"tablet":{"background-color":"var(--ast-global-color-5)","background-image":"","background-repeat":"repeat","background-position":"center center","background-size":"auto","background-attachment":"scroll","background-type":"","background-media":"","overlay-type":"","overlay-color":"","overlay-opacity":"","overlay-gradient":""},"mobile":{"background-color":"var(--ast-global-color-5)","background-image":"","background-repeat":"repeat","background-position":"center center","background-size":"auto","background-attachment":"scroll","background-type":"","background-media":"","overlay-type":"","overlay-color":"","overlay-opacity":"","overlay-gradient":""}},"_joinchat":[]},"product_brand":[],"product_cat":[356],"product_tag":[],"class_list":{"0":"post-3800","1":"product","2":"type-product","3":"status-publish","4":"has-post-thumbnail","6":"product_cat-basculas-para-bandas-transportadoras","7":"desktop-align-left","8":"tablet-align-left","9":"mobile-align-left","11":"first","12":"instock","13":"shipping-taxable","14":"product-type-simple"},"_links":{"self":[{"href":"https:\/\/vtec-automation.com\/index.php?rest_route=\/wp\/v2\/product\/3800","targetHints":{"allow":["GET"]}}],"collection":[{"href":"https:\/\/vtec-automation.com\/index.php?rest_route=\/wp\/v2\/product"}],"about":[{"href":"https:\/\/vtec-automation.com\/index.php?rest_route=\/wp\/v2\/types\/product"}],"version-history":[{"count":1,"href":"https:\/\/vtec-automation.com\/index.php?rest_route=\/wp\/v2\/product\/3800\/revisions"}],"predecessor-version":[{"id":3801,"href":"https:\/\/vtec-automation.com\/index.php?rest_route=\/wp\/v2\/product\/3800\/revisions\/3801"}],"wp:featuredmedia":[{"embeddable":true,"href":"https:\/\/vtec-automation.com\/index.php?rest_route=\/wp\/v2\/media\/3799"}],"wp:attachment":[{"href":"https:\/\/vtec-automation.com\/index.php?rest_route=%2Fwp%2Fv2%2Fmedia&parent=3800"}],"wp:term":[{"taxonomy":"product_brand","embeddable":true,"href":"https:\/\/vtec-automation.com\/index.php?rest_route=%2Fwp%2Fv2%2Fproduct_brand&post=3800"},{"taxonomy":"product_cat","embeddable":true,"href":"https:\/\/vtec-automation.com\/index.php?rest_route=%2Fwp%2Fv2%2Fproduct_cat&post=3800"},{"taxonomy":"product_tag","embeddable":true,"href":"https:\/\/vtec-automation.com\/index.php?rest_route=%2Fwp%2Fv2%2Fproduct_tag&post=3800"}],"curies":[{"name":"wp","href":"https:\/\/api.w.org\/{rel}","templated":true}]}}