{"id":3852,"date":"2024-05-21T12:08:15","date_gmt":"2024-05-21T12:08:15","guid":{"rendered":"http:\/\/vtec-automation.com\/?post_type=product&#038;p=3852"},"modified":"2024-05-21T12:08:16","modified_gmt":"2024-05-21T12:08:16","slug":"tarjetas-de-adquisicion-pci-pcie","status":"publish","type":"product","link":"https:\/\/vtec-automation.com\/?product=tarjetas-de-adquisicion-pci-pcie","title":{"rendered":"Tarjetas de adquisici\u00f3n (PCI, PCIe)"},"content":{"rendered":"<div id=\"fb-root\"><\/div>\n","protected":false},"excerpt":{"rendered":"<p class=\"parrafo-small\">Advantech tiene toda una familia de dispositivos DAQ (Adquisi\u00f3n de Datos), dentro de los cuales cuenta con una familia especializada en tarjetas para dotar un PC de capacidades de interacci\u00f3n con procesos.<\/p>\n<p class=\"parrafo-small\">Se cuenta con una gran variedad de tarjetas que, seg\u00fan sus caracter\u00edsticas nos permiten tener hasta 74 productos diferentes. Determinadas por la cantidad, tipo de IO y resoluci\u00f3n (Bits)<\/p>\n<p class=\"parrafo-small\">Esas tarjetas pueden tener formatos PCI o PCIe, para cumplir con los requerimientos de nuestros clientes. Cuando la densidad de las se\u00f1ales es muy alta, se utilizan boards externos de cableado que permitir\u00edan por ejemplo hasta 64 canales de se\u00f1ales an\u00e1logas universales.<\/p>\n","protected":false},"featured_media":3853,"template":"","meta":{"site-sidebar-layout":"default","site-content-layout":"","ast-site-content-layout":"default","site-content-style":"default","site-sidebar-style":"default","ast-global-header-display":"","ast-banner-title-visibility":"","ast-main-header-display":"","ast-hfb-above-header-display":"","ast-hfb-below-header-display":"","ast-hfb-mobile-header-display":"","site-post-title":"","ast-breadcrumbs-content":"","ast-featured-img":"","footer-sml-layout":"","ast-disable-related-posts":"","theme-transparent-header-meta":"default","adv-header-id-meta":"","stick-header-meta":"","header-above-stick-meta":"","header-main-stick-meta":"","header-below-stick-meta":"","astra-migrate-meta-layouts":"set","ast-page-background-enabled":"default","ast-page-background-meta":{"desktop":{"background-color":"var(--ast-global-color-4)","background-image":"","background-repeat":"repeat","background-position":"center center","background-size":"auto","background-attachment":"scroll","background-type":"","background-media":"","overlay-type":"","overlay-color":"","overlay-opacity":"","overlay-gradient":""},"tablet":{"background-color":"","background-image":"","background-repeat":"repeat","background-position":"center center","background-size":"auto","background-attachment":"scroll","background-type":"","background-media":"","overlay-type":"","overlay-color":"","overlay-opacity":"","overlay-gradient":""},"mobile":{"background-color":"","background-image":"","background-repeat":"repeat","background-position":"center center","background-size":"auto","background-attachment":"scroll","background-type":"","background-media":"","overlay-type":"","overlay-color":"","overlay-opacity":"","overlay-gradient":""}},"ast-content-background-meta":{"desktop":{"background-color":"var(--ast-global-color-5)","background-image":"","background-repeat":"repeat","background-position":"center center","background-size":"auto","background-attachment":"scroll","background-type":"","background-media":"","overlay-type":"","overlay-color":"","overlay-opacity":"","overlay-gradient":""},"tablet":{"background-color":"var(--ast-global-color-5)","background-image":"","background-repeat":"repeat","background-position":"center center","background-size":"auto","background-attachment":"scroll","background-type":"","background-media":"","overlay-type":"","overlay-color":"","overlay-opacity":"","overlay-gradient":""},"mobile":{"background-color":"var(--ast-global-color-5)","background-image":"","background-repeat":"repeat","background-position":"center center","background-size":"auto","background-attachment":"scroll","background-type":"","background-media":"","overlay-type":"","overlay-color":"","overlay-opacity":"","overlay-gradient":""}},"_joinchat":[]},"product_brand":[],"product_cat":[363],"product_tag":[],"class_list":{"0":"post-3852","1":"product","2":"type-product","3":"status-publish","4":"has-post-thumbnail","6":"product_cat-adquisicion-datos-y-automatizacion-proceso","7":"desktop-align-left","8":"tablet-align-left","9":"mobile-align-left","11":"first","12":"instock","13":"shipping-taxable","14":"product-type-simple"},"_links":{"self":[{"href":"https:\/\/vtec-automation.com\/index.php?rest_route=\/wp\/v2\/product\/3852","targetHints":{"allow":["GET"]}}],"collection":[{"href":"https:\/\/vtec-automation.com\/index.php?rest_route=\/wp\/v2\/product"}],"about":[{"href":"https:\/\/vtec-automation.com\/index.php?rest_route=\/wp\/v2\/types\/product"}],"version-history":[{"count":1,"href":"https:\/\/vtec-automation.com\/index.php?rest_route=\/wp\/v2\/product\/3852\/revisions"}],"predecessor-version":[{"id":3854,"href":"https:\/\/vtec-automation.com\/index.php?rest_route=\/wp\/v2\/product\/3852\/revisions\/3854"}],"wp:featuredmedia":[{"embeddable":true,"href":"https:\/\/vtec-automation.com\/index.php?rest_route=\/wp\/v2\/media\/3853"}],"wp:attachment":[{"href":"https:\/\/vtec-automation.com\/index.php?rest_route=%2Fwp%2Fv2%2Fmedia&parent=3852"}],"wp:term":[{"taxonomy":"product_brand","embeddable":true,"href":"https:\/\/vtec-automation.com\/index.php?rest_route=%2Fwp%2Fv2%2Fproduct_brand&post=3852"},{"taxonomy":"product_cat","embeddable":true,"href":"https:\/\/vtec-automation.com\/index.php?rest_route=%2Fwp%2Fv2%2Fproduct_cat&post=3852"},{"taxonomy":"product_tag","embeddable":true,"href":"https:\/\/vtec-automation.com\/index.php?rest_route=%2Fwp%2Fv2%2Fproduct_tag&post=3852"}],"curies":[{"name":"wp","href":"https:\/\/api.w.org\/{rel}","templated":true}]}}