{"id":3874,"date":"2024-05-21T12:20:55","date_gmt":"2024-05-21T12:20:55","guid":{"rendered":"http:\/\/vtec-automation.com\/?post_type=product&#038;p=3874"},"modified":"2024-07-23T16:48:17","modified_gmt":"2024-07-23T16:48:17","slug":"monitores-industriales","status":"publish","type":"product","link":"https:\/\/vtec-automation.com\/?product=monitores-industriales","title":{"rendered":"Monitores Industriales"},"content":{"rendered":"<div id=\"fb-root\"><\/div>\n<p class=\"parrafo-small\">Se ofrecen caracter\u00edsticas como:<\/p>\n<ul>\n<li>PCAP o Resistiva, para el manejo del touchscreen<\/li>\n<li>Soporte a temperaturas extendidas (-20 ~ 60\u00b0C)<\/li>\n<li>Puertos de Video (seg\u00fan el modelo): VGA, HDMI, DP, DVI<\/li>\n<li>Conexiones Combo RS-232 &amp; USB, para la interfaz USB<\/li>\n<\/ul>\n<p class=\"parrafo-small\">Advantech provee monitores para prop\u00f3sito general, con funcionalidades adicionales, para ambientes exigentes como temperaturas extremas o medios corrosivos, monitores para mercados especiales como los farmac\u00e9uticos\/alimentos\/bebidas y monitores para usos m\u00faltiples en espacios no necesariamente industriales.<\/p>\n<p class=\"parrafo-small\">MOXA por su parte nos permite suministrar monitores para exterior, ambientes peligrosos o aplicaciones en altamar.<\/p>\n","protected":false},"excerpt":{"rendered":"<p>Podemos suministrar monitores industriales con las \u00faltimas tecnolog\u00edas LCD y touchscreen, para facilitar la visualizaci\u00f3n de datos y aumentar la productividad. Lo que logramos con marcas como Advantech y MOXA. Siempre compa\u00f1eros ideales para Computadores industriales o convencionales a utilizar en ambientes complejos.<\/p>\n","protected":false},"featured_media":4457,"template":"","meta":{"site-sidebar-layout":"default","site-content-layout":"","ast-site-content-layout":"default","site-content-style":"default","site-sidebar-style":"default","ast-global-header-display":"","ast-banner-title-visibility":"","ast-main-header-display":"","ast-hfb-above-header-display":"","ast-hfb-below-header-display":"","ast-hfb-mobile-header-display":"","site-post-title":"","ast-breadcrumbs-content":"","ast-featured-img":"","footer-sml-layout":"","ast-disable-related-posts":"","theme-transparent-header-meta":"default","adv-header-id-meta":"","stick-header-meta":"","header-above-stick-meta":"","header-main-stick-meta":"","header-below-stick-meta":"","astra-migrate-meta-layouts":"set","ast-page-background-enabled":"default","ast-page-background-meta":{"desktop":{"background-color":"var(--ast-global-color-4)","background-image":"","background-repeat":"repeat","background-position":"center center","background-size":"auto","background-attachment":"scroll","background-type":"","background-media":"","overlay-type":"","overlay-color":"","overlay-opacity":"","overlay-gradient":""},"tablet":{"background-color":"","background-image":"","background-repeat":"repeat","background-position":"center center","background-size":"auto","background-attachment":"scroll","background-type":"","background-media":"","overlay-type":"","overlay-color":"","overlay-opacity":"","overlay-gradient":""},"mobile":{"background-color":"","background-image":"","background-repeat":"repeat","background-position":"center center","background-size":"auto","background-attachment":"scroll","background-type":"","background-media":"","overlay-type":"","overlay-color":"","overlay-opacity":"","overlay-gradient":""}},"ast-content-background-meta":{"desktop":{"background-color":"var(--ast-global-color-5)","background-image":"","background-repeat":"repeat","background-position":"center center","background-size":"auto","background-attachment":"scroll","background-type":"","background-media":"","overlay-type":"","overlay-color":"","overlay-opacity":"","overlay-gradient":""},"tablet":{"background-color":"var(--ast-global-color-5)","background-image":"","background-repeat":"repeat","background-position":"center center","background-size":"auto","background-attachment":"scroll","background-type":"","background-media":"","overlay-type":"","overlay-color":"","overlay-opacity":"","overlay-gradient":""},"mobile":{"background-color":"var(--ast-global-color-5)","background-image":"","background-repeat":"repeat","background-position":"center center","background-size":"auto","background-attachment":"scroll","background-type":"","background-media":"","overlay-type":"","overlay-color":"","overlay-opacity":"","overlay-gradient":""}},"_joinchat":[]},"product_brand":[],"product_cat":[364],"product_tag":[],"class_list":{"0":"post-3874","1":"product","2":"type-product","3":"status-publish","4":"has-post-thumbnail","6":"product_cat-sistemas-de-computacion","7":"desktop-align-left","8":"tablet-align-left","9":"mobile-align-left","11":"first","12":"instock","13":"shipping-taxable","14":"product-type-simple"},"_links":{"self":[{"href":"https:\/\/vtec-automation.com\/index.php?rest_route=\/wp\/v2\/product\/3874","targetHints":{"allow":["GET"]}}],"collection":[{"href":"https:\/\/vtec-automation.com\/index.php?rest_route=\/wp\/v2\/product"}],"about":[{"href":"https:\/\/vtec-automation.com\/index.php?rest_route=\/wp\/v2\/types\/product"}],"version-history":[{"count":2,"href":"https:\/\/vtec-automation.com\/index.php?rest_route=\/wp\/v2\/product\/3874\/revisions"}],"predecessor-version":[{"id":4456,"href":"https:\/\/vtec-automation.com\/index.php?rest_route=\/wp\/v2\/product\/3874\/revisions\/4456"}],"wp:featuredmedia":[{"embeddable":true,"href":"https:\/\/vtec-automation.com\/index.php?rest_route=\/wp\/v2\/media\/4457"}],"wp:attachment":[{"href":"https:\/\/vtec-automation.com\/index.php?rest_route=%2Fwp%2Fv2%2Fmedia&parent=3874"}],"wp:term":[{"taxonomy":"product_brand","embeddable":true,"href":"https:\/\/vtec-automation.com\/index.php?rest_route=%2Fwp%2Fv2%2Fproduct_brand&post=3874"},{"taxonomy":"product_cat","embeddable":true,"href":"https:\/\/vtec-automation.com\/index.php?rest_route=%2Fwp%2Fv2%2Fproduct_cat&post=3874"},{"taxonomy":"product_tag","embeddable":true,"href":"https:\/\/vtec-automation.com\/index.php?rest_route=%2Fwp%2Fv2%2Fproduct_tag&post=3874"}],"curies":[{"name":"wp","href":"https:\/\/api.w.org\/{rel}","templated":true}]}}