{"id":3898,"date":"2024-05-21T12:38:33","date_gmt":"2024-05-21T12:38:33","guid":{"rendered":"http:\/\/vtec-automation.com\/?post_type=product&#038;p=3898"},"modified":"2024-05-21T12:38:33","modified_gmt":"2024-05-21T12:38:33","slug":"medidor-de-corte-de-agua","status":"publish","type":"product","link":"https:\/\/vtec-automation.com\/?product=medidor-de-corte-de-agua","title":{"rendered":"Medidor de Corte de Agua."},"content":{"rendered":"<div id=\"fb-root\"><\/div>\n<p class=\"parrafo-small\">A diferencia de otros medidores de corte de agua, el dise\u00f1o patentado de m\u00faltiples antenas lee los modos continuo de aceite y continuo de agua simult\u00e1neamente y transiciones autom\u00e1ticas entre los dos. El resultado es la medici\u00f3n en un verdadero rango de 0-100%. La medici\u00f3n del corte de agua es completamente autom\u00e1tica sin necesidad de intervenci\u00f3n o supervisi\u00f3n del operador.<\/p>\n<p class=\"parrafo-small\">Tambi\u00e9n utiliza referencias internas para la calibraci\u00f3n autom\u00e1tica de la temperatura y puede ser calibrado para cualquier salinidad.<\/p>\n<p class=\"parrafo-small\">Diferentes opciones de instalaci\u00f3n en l\u00ednea, insertable, retr\u00e1ctil y tipo carrete.<\/p>\n<p class=\"parrafo-small\">\u00a0<strong>Rangos de medici\u00f3n:<\/strong><\/p>\n<ul>\n<li>0 \u2013 3 %<\/li>\n<li>0 \u2013 5 %<\/li>\n<li>0 \u2013 10 %<\/li>\n<li>0 \u2013 20 %<\/li>\n<li>0 \u2013 40 %<\/li>\n<li>0 \u2013 100 %<\/li>\n<\/ul>\n","protected":false},"excerpt":{"rendered":"<p>Los medidores de Corte de Agua de Kam Controsl son los instrumentos ideales para monitorear las concentraciones de agua en una variedad de aplicaciones desde la producci\u00f3n hasta la refiner\u00eda. Ofrece datos continuos, en tiempo real, de corte de agua.<\/p>\n","protected":false},"featured_media":3897,"template":"","meta":{"site-sidebar-layout":"default","site-content-layout":"","ast-site-content-layout":"default","site-content-style":"default","site-sidebar-style":"default","ast-global-header-display":"","ast-banner-title-visibility":"","ast-main-header-display":"","ast-hfb-above-header-display":"","ast-hfb-below-header-display":"","ast-hfb-mobile-header-display":"","site-post-title":"","ast-breadcrumbs-content":"","ast-featured-img":"","footer-sml-layout":"","ast-disable-related-posts":"","theme-transparent-header-meta":"default","adv-header-id-meta":"","stick-header-meta":"","header-above-stick-meta":"","header-main-stick-meta":"","header-below-stick-meta":"","astra-migrate-meta-layouts":"set","ast-page-background-enabled":"default","ast-page-background-meta":{"desktop":{"background-color":"var(--ast-global-color-4)","background-image":"","background-repeat":"repeat","background-position":"center center","background-size":"auto","background-attachment":"scroll","background-type":"","background-media":"","overlay-type":"","overlay-color":"","overlay-opacity":"","overlay-gradient":""},"tablet":{"background-color":"","background-image":"","background-repeat":"repeat","background-position":"center center","background-size":"auto","background-attachment":"scroll","background-type":"","background-media":"","overlay-type":"","overlay-color":"","overlay-opacity":"","overlay-gradient":""},"mobile":{"background-color":"","background-image":"","background-repeat":"repeat","background-position":"center center","background-size":"auto","background-attachment":"scroll","background-type":"","background-media":"","overlay-type":"","overlay-color":"","overlay-opacity":"","overlay-gradient":""}},"ast-content-background-meta":{"desktop":{"background-color":"var(--ast-global-color-5)","background-image":"","background-repeat":"repeat","background-position":"center center","background-size":"auto","background-attachment":"scroll","background-type":"","background-media":"","overlay-type":"","overlay-color":"","overlay-opacity":"","overlay-gradient":""},"tablet":{"background-color":"var(--ast-global-color-5)","background-image":"","background-repeat":"repeat","background-position":"center center","background-size":"auto","background-attachment":"scroll","background-type":"","background-media":"","overlay-type":"","overlay-color":"","overlay-opacity":"","overlay-gradient":""},"mobile":{"background-color":"var(--ast-global-color-5)","background-image":"","background-repeat":"repeat","background-position":"center center","background-size":"auto","background-attachment":"scroll","background-type":"","background-media":"","overlay-type":"","overlay-color":"","overlay-opacity":"","overlay-gradient":""}},"_joinchat":[]},"product_brand":[],"product_cat":[366],"product_tag":[],"class_list":{"0":"post-3898","1":"product","2":"type-product","3":"status-publish","4":"has-post-thumbnail","6":"product_cat-liquidos","7":"desktop-align-left","8":"tablet-align-left","9":"mobile-align-left","11":"first","12":"instock","13":"shipping-taxable","14":"product-type-simple"},"_links":{"self":[{"href":"https:\/\/vtec-automation.com\/index.php?rest_route=\/wp\/v2\/product\/3898","targetHints":{"allow":["GET"]}}],"collection":[{"href":"https:\/\/vtec-automation.com\/index.php?rest_route=\/wp\/v2\/product"}],"about":[{"href":"https:\/\/vtec-automation.com\/index.php?rest_route=\/wp\/v2\/types\/product"}],"version-history":[{"count":1,"href":"https:\/\/vtec-automation.com\/index.php?rest_route=\/wp\/v2\/product\/3898\/revisions"}],"predecessor-version":[{"id":3899,"href":"https:\/\/vtec-automation.com\/index.php?rest_route=\/wp\/v2\/product\/3898\/revisions\/3899"}],"wp:featuredmedia":[{"embeddable":true,"href":"https:\/\/vtec-automation.com\/index.php?rest_route=\/wp\/v2\/media\/3897"}],"wp:attachment":[{"href":"https:\/\/vtec-automation.com\/index.php?rest_route=%2Fwp%2Fv2%2Fmedia&parent=3898"}],"wp:term":[{"taxonomy":"product_brand","embeddable":true,"href":"https:\/\/vtec-automation.com\/index.php?rest_route=%2Fwp%2Fv2%2Fproduct_brand&post=3898"},{"taxonomy":"product_cat","embeddable":true,"href":"https:\/\/vtec-automation.com\/index.php?rest_route=%2Fwp%2Fv2%2Fproduct_cat&post=3898"},{"taxonomy":"product_tag","embeddable":true,"href":"https:\/\/vtec-automation.com\/index.php?rest_route=%2Fwp%2Fv2%2Fproduct_tag&post=3898"}],"curies":[{"name":"wp","href":"https:\/\/api.w.org\/{rel}","templated":true}]}}