{"id":3903,"date":"2024-05-21T12:41:23","date_gmt":"2024-05-21T12:41:23","guid":{"rendered":"http:\/\/vtec-automation.com\/?post_type=product&#038;p=3903"},"modified":"2024-05-21T12:41:24","modified_gmt":"2024-05-21T12:41:24","slug":"analizador-de-humedad-karl-fisher","status":"publish","type":"product","link":"https:\/\/vtec-automation.com\/?product=analizador-de-humedad-karl-fisher","title":{"rendered":"Analizador de Humedad Karl Fisher."},"content":{"rendered":"<div id=\"fb-root\"><\/div>\n<p class=\"parrafo-small\">En la mayor\u00eda de los casos, los analizadores de humedad KAM procesan muestras en menos de 5 minutos, determinando con precisi\u00f3n el contenido de agua en las muestras de petr\u00f3leo crudo para todas las operaciones de transferencia de custodia: producci\u00f3n, tuber\u00eda, marina o cami\u00f3n. Tambi\u00e9n se pueden usar para analizar productos refinados, aceites de transformadores, combustibles para reactores, productos qu\u00edmicos y la mayor\u00eda de los otros l\u00edquidos.<\/p>\n<p class=\"parrafo-small\">Usando la titulaci\u00f3n coulom\u00e9trica de Karl Fischer, el KAM\u00ae KF analiza muestras dimensionadas por volumen o peso, determina el contenido de agua tan bajo como 1 ppm, y guarda los datos para hasta 100 muestras. Los resultados se pueden imprimir o descargar a trav\u00e9s de Software basado en USB o Windows.<\/p>\n<p class=\"parrafo-small\">\u00a0<strong>Caracter\u00edsticas Principales:<\/strong><\/p>\n<ul>\n<li>\u00a0Almacenamiento de datos para hasta 100 muestras.<\/li>\n<li>Puerto USB<\/li>\n<li>Totalmente port\u00e1til con bater\u00eda de 10 horas de duraci\u00f3n.<\/li>\n<li>Notificaci\u00f3n autom\u00e1tica de vencimiento de reactivos<\/li>\n<li>Almacenamiento de consumibles<\/li>\n<li>Bluetooth\u00ae<\/li>\n<li>Software basado en Windows<\/li>\n<li>Impresora opcional<\/li>\n<\/ul>\n","protected":false},"excerpt":{"rendered":"<p>El analizador de humedad Karl Fisher de KAM Controls asegura una medida r\u00e1pida y precisa incluso de peque\u00f1as trazas de agua y elimina los complicados procedimientos de los sistemas de detecci\u00f3n convencionales. Se ofrece en versi\u00f3n de laboratorio o port\u00e1til.<\/p>\n","protected":false},"featured_media":3904,"template":"","meta":{"site-sidebar-layout":"default","site-content-layout":"","ast-site-content-layout":"default","site-content-style":"default","site-sidebar-style":"default","ast-global-header-display":"","ast-banner-title-visibility":"","ast-main-header-display":"","ast-hfb-above-header-display":"","ast-hfb-below-header-display":"","ast-hfb-mobile-header-display":"","site-post-title":"","ast-breadcrumbs-content":"","ast-featured-img":"","footer-sml-layout":"","ast-disable-related-posts":"","theme-transparent-header-meta":"default","adv-header-id-meta":"","stick-header-meta":"","header-above-stick-meta":"","header-main-stick-meta":"","header-below-stick-meta":"","astra-migrate-meta-layouts":"set","ast-page-background-enabled":"default","ast-page-background-meta":{"desktop":{"background-color":"var(--ast-global-color-4)","background-image":"","background-repeat":"repeat","background-position":"center center","background-size":"auto","background-attachment":"scroll","background-type":"","background-media":"","overlay-type":"","overlay-color":"","overlay-opacity":"","overlay-gradient":""},"tablet":{"background-color":"","background-image":"","background-repeat":"repeat","background-position":"center center","background-size":"auto","background-attachment":"scroll","background-type":"","background-media":"","overlay-type":"","overlay-color":"","overlay-opacity":"","overlay-gradient":""},"mobile":{"background-color":"","background-image":"","background-repeat":"repeat","background-position":"center center","background-size":"auto","background-attachment":"scroll","background-type":"","background-media":"","overlay-type":"","overlay-color":"","overlay-opacity":"","overlay-gradient":""}},"ast-content-background-meta":{"desktop":{"background-color":"var(--ast-global-color-5)","background-image":"","background-repeat":"repeat","background-position":"center center","background-size":"auto","background-attachment":"scroll","background-type":"","background-media":"","overlay-type":"","overlay-color":"","overlay-opacity":"","overlay-gradient":""},"tablet":{"background-color":"var(--ast-global-color-5)","background-image":"","background-repeat":"repeat","background-position":"center center","background-size":"auto","background-attachment":"scroll","background-type":"","background-media":"","overlay-type":"","overlay-color":"","overlay-opacity":"","overlay-gradient":""},"mobile":{"background-color":"var(--ast-global-color-5)","background-image":"","background-repeat":"repeat","background-position":"center center","background-size":"auto","background-attachment":"scroll","background-type":"","background-media":"","overlay-type":"","overlay-color":"","overlay-opacity":"","overlay-gradient":""}},"_joinchat":[]},"product_brand":[],"product_cat":[366],"product_tag":[],"class_list":{"0":"post-3903","1":"product","2":"type-product","3":"status-publish","4":"has-post-thumbnail","6":"product_cat-liquidos","7":"desktop-align-left","8":"tablet-align-left","9":"mobile-align-left","11":"first","12":"instock","13":"shipping-taxable","14":"product-type-simple"},"_links":{"self":[{"href":"https:\/\/vtec-automation.com\/index.php?rest_route=\/wp\/v2\/product\/3903","targetHints":{"allow":["GET"]}}],"collection":[{"href":"https:\/\/vtec-automation.com\/index.php?rest_route=\/wp\/v2\/product"}],"about":[{"href":"https:\/\/vtec-automation.com\/index.php?rest_route=\/wp\/v2\/types\/product"}],"version-history":[{"count":1,"href":"https:\/\/vtec-automation.com\/index.php?rest_route=\/wp\/v2\/product\/3903\/revisions"}],"predecessor-version":[{"id":3905,"href":"https:\/\/vtec-automation.com\/index.php?rest_route=\/wp\/v2\/product\/3903\/revisions\/3905"}],"wp:featuredmedia":[{"embeddable":true,"href":"https:\/\/vtec-automation.com\/index.php?rest_route=\/wp\/v2\/media\/3904"}],"wp:attachment":[{"href":"https:\/\/vtec-automation.com\/index.php?rest_route=%2Fwp%2Fv2%2Fmedia&parent=3903"}],"wp:term":[{"taxonomy":"product_brand","embeddable":true,"href":"https:\/\/vtec-automation.com\/index.php?rest_route=%2Fwp%2Fv2%2Fproduct_brand&post=3903"},{"taxonomy":"product_cat","embeddable":true,"href":"https:\/\/vtec-automation.com\/index.php?rest_route=%2Fwp%2Fv2%2Fproduct_cat&post=3903"},{"taxonomy":"product_tag","embeddable":true,"href":"https:\/\/vtec-automation.com\/index.php?rest_route=%2Fwp%2Fv2%2Fproduct_tag&post=3903"}],"curies":[{"name":"wp","href":"https:\/\/api.w.org\/{rel}","templated":true}]}}