{"id":3906,"date":"2024-05-21T12:42:54","date_gmt":"2024-05-21T12:42:54","guid":{"rendered":"http:\/\/vtec-automation.com\/?post_type=product&#038;p=3906"},"modified":"2024-05-21T12:42:54","modified_gmt":"2024-05-21T12:42:54","slug":"mezcladores-estaticos-y-dinamicos","status":"publish","type":"product","link":"https:\/\/vtec-automation.com\/?product=mezcladores-estaticos-y-dinamicos","title":{"rendered":"Mezcladores Est\u00e1ticos y Din\u00e1micos"},"content":{"rendered":"<div id=\"fb-root\"><\/div>\n<p class=\"parrafo-small\">El carrete se compone de una disposici\u00f3n fija de miembros positivos y negativos que simult\u00e1neamente crean una mezcla de corriente cruzada para aumentar la turbulencia y la mezcla.<\/p>\n<p class=\"parrafo-small\">KAM tambi\u00e9n proporciona soluciones de mezcla alternativas, siempre compatibles con API MPMS 8.2. La placa de mezcla est\u00e1tica KAM SMP, que se inserta entre dos bridas, y el circuito de mezcla KAM ML, que proporciona una mezcla en\u00e9rgica.<\/p>\n<p class=\"parrafo-small\">\n<p class=\"parrafo-small\">El dise\u00f1o \u00fanico del ML Measurement Loop crea un entorno de medici\u00f3n constante y una velocidad constante por encima de 7 fps, independientemente de la aplicaci\u00f3n, la concentraci\u00f3n de agua, la viscosidad del fluido o la temperatura. Esta velocidad garantiza la homogeneidad del fluido y una relaci\u00f3n de tama\u00f1o de gota de aceite \/ agua constante, lo que garantiza una alta precisi\u00f3n.<\/p>\n","protected":false},"excerpt":{"rendered":"<p>El carrete de mezcla est\u00e1tica SMS altamente eficiente crea un flujo homog\u00e9neo dentro de su tuber\u00eda, asegurando un muestreo preciso y una medici\u00f3n de corte de agua. El carrete de mezcla est\u00e1tica no requiere una fuente de energ\u00eda externa, y a trav\u00e9s de su dise\u00f1o \u00fanico logra un flujo turbulento a un n\u00famero de Reynolds mucho m\u00e1s bajo que otros mezcladores est\u00e1ticos convencionales.<\/p>\n","protected":false},"featured_media":3907,"template":"","meta":{"site-sidebar-layout":"default","site-content-layout":"","ast-site-content-layout":"default","site-content-style":"default","site-sidebar-style":"default","ast-global-header-display":"","ast-banner-title-visibility":"","ast-main-header-display":"","ast-hfb-above-header-display":"","ast-hfb-below-header-display":"","ast-hfb-mobile-header-display":"","site-post-title":"","ast-breadcrumbs-content":"","ast-featured-img":"","footer-sml-layout":"","ast-disable-related-posts":"","theme-transparent-header-meta":"default","adv-header-id-meta":"","stick-header-meta":"","header-above-stick-meta":"","header-main-stick-meta":"","header-below-stick-meta":"","astra-migrate-meta-layouts":"set","ast-page-background-enabled":"default","ast-page-background-meta":{"desktop":{"background-color":"var(--ast-global-color-4)","background-image":"","background-repeat":"repeat","background-position":"center center","background-size":"auto","background-attachment":"scroll","background-type":"","background-media":"","overlay-type":"","overlay-color":"","overlay-opacity":"","overlay-gradient":""},"tablet":{"background-color":"","background-image":"","background-repeat":"repeat","background-position":"center center","background-size":"auto","background-attachment":"scroll","background-type":"","background-media":"","overlay-type":"","overlay-color":"","overlay-opacity":"","overlay-gradient":""},"mobile":{"background-color":"","background-image":"","background-repeat":"repeat","background-position":"center center","background-size":"auto","background-attachment":"scroll","background-type":"","background-media":"","overlay-type":"","overlay-color":"","overlay-opacity":"","overlay-gradient":""}},"ast-content-background-meta":{"desktop":{"background-color":"var(--ast-global-color-5)","background-image":"","background-repeat":"repeat","background-position":"center center","background-size":"auto","background-attachment":"scroll","background-type":"","background-media":"","overlay-type":"","overlay-color":"","overlay-opacity":"","overlay-gradient":""},"tablet":{"background-color":"var(--ast-global-color-5)","background-image":"","background-repeat":"repeat","background-position":"center center","background-size":"auto","background-attachment":"scroll","background-type":"","background-media":"","overlay-type":"","overlay-color":"","overlay-opacity":"","overlay-gradient":""},"mobile":{"background-color":"var(--ast-global-color-5)","background-image":"","background-repeat":"repeat","background-position":"center center","background-size":"auto","background-attachment":"scroll","background-type":"","background-media":"","overlay-type":"","overlay-color":"","overlay-opacity":"","overlay-gradient":""}},"_joinchat":[]},"product_brand":[],"product_cat":[366],"product_tag":[],"class_list":{"0":"post-3906","1":"product","2":"type-product","3":"status-publish","4":"has-post-thumbnail","6":"product_cat-liquidos","7":"desktop-align-left","8":"tablet-align-left","9":"mobile-align-left","11":"first","12":"instock","13":"shipping-taxable","14":"product-type-simple"},"_links":{"self":[{"href":"https:\/\/vtec-automation.com\/index.php?rest_route=\/wp\/v2\/product\/3906","targetHints":{"allow":["GET"]}}],"collection":[{"href":"https:\/\/vtec-automation.com\/index.php?rest_route=\/wp\/v2\/product"}],"about":[{"href":"https:\/\/vtec-automation.com\/index.php?rest_route=\/wp\/v2\/types\/product"}],"version-history":[{"count":1,"href":"https:\/\/vtec-automation.com\/index.php?rest_route=\/wp\/v2\/product\/3906\/revisions"}],"predecessor-version":[{"id":3908,"href":"https:\/\/vtec-automation.com\/index.php?rest_route=\/wp\/v2\/product\/3906\/revisions\/3908"}],"wp:featuredmedia":[{"embeddable":true,"href":"https:\/\/vtec-automation.com\/index.php?rest_route=\/wp\/v2\/media\/3907"}],"wp:attachment":[{"href":"https:\/\/vtec-automation.com\/index.php?rest_route=%2Fwp%2Fv2%2Fmedia&parent=3906"}],"wp:term":[{"taxonomy":"product_brand","embeddable":true,"href":"https:\/\/vtec-automation.com\/index.php?rest_route=%2Fwp%2Fv2%2Fproduct_brand&post=3906"},{"taxonomy":"product_cat","embeddable":true,"href":"https:\/\/vtec-automation.com\/index.php?rest_route=%2Fwp%2Fv2%2Fproduct_cat&post=3906"},{"taxonomy":"product_tag","embeddable":true,"href":"https:\/\/vtec-automation.com\/index.php?rest_route=%2Fwp%2Fv2%2Fproduct_tag&post=3906"}],"curies":[{"name":"wp","href":"https:\/\/api.w.org\/{rel}","templated":true}]}}