{"id":3917,"date":"2024-05-22T05:17:58","date_gmt":"2024-05-22T05:17:58","guid":{"rendered":"http:\/\/vtec-automation.com\/?post_type=product&#038;p=3917"},"modified":"2024-05-22T05:17:58","modified_gmt":"2024-05-22T05:17:58","slug":"detector-de-gas-general-monitors","status":"publish","type":"product","link":"https:\/\/vtec-automation.com\/?product=detector-de-gas-general-monitors","title":{"rendered":"Detector de gas General Monitors"},"content":{"rendered":"<div id=\"fb-root\"><\/div>\n<ul>\n<li>Amplio rango de operaci\u00f3n para ambientes extremos (-55\u00b0C a +75\u00b0C)<\/li>\n<li>Tama\u00f1o y entradas de cableado id\u00e9nticos a la serie de detectores S4000, permitiendo una sencilla actualizaci\u00f3n de equipos.<\/li>\n<li>Capacidad para dos sensores que duplica la capacidad de detecci\u00f3n en un solo transmisor<\/li>\n<li>Tecnolog\u00eda TruCal que monitorea activamente la integridad del sensor y compensa cualquier corrimiento por factores ambientales,<\/li>\n<li>Verificaci\u00f3n autom\u00e1tica 4 veces al d\u00eda<\/li>\n<li>Reduce los tiempos de inactividad<\/li>\n<li>Tres a\u00f1os de garant\u00eda para sensores Xcell<\/li>\n<li>SafeSwap, permite efectuar reemplazos seguros y r\u00e1pidos de sensores Xcell sin tener que apagar el detector<\/li>\n<li>Experiencia de usuario intuitiva con la primera interfaz tipo t\u00e1ctil en la industria o con la ya conocida interfaz magn\u00e9tica<\/li>\n<li>Indicadores de estado para el instrumento incluyendo alimentaci\u00f3n, falla y alarma<\/li>\n<li>Tecnolog\u00eda inal\u00e1mbrica Bluetooth que permite a sus dispositivos m\u00f3viles actuar como pantalla HMI y controlador. El app X\/S Connect esta dise\u00f1ado con altos est\u00e1ndares de seguridad y provee informaci\u00f3n en tiempo real a su dispositivo m\u00f3vil<\/li>\n<li>Verificaci\u00f3n de estatus y recepci\u00f3n de alertas a una distancia de hasta 23m (75ft.)<\/li>\n<li>Reduce el tiempo de configuraci\u00f3n al menos en un 50%<\/li>\n<\/ul>\n<p class=\"parrafo-small\">Mercados: Industria general, Sector petrolero, Servicios p\u00fablicos<\/p>\n<p class=\"parrafo-small\">Aplicaciones: Protecci\u00f3n de edificios, Detecci\u00f3n de fugas de gases combustibles, Industria Alimenticia, Detecci\u00f3n de Ox\u00edgeno, Vigilancia perimetral, Detecci\u00f3n de sustancias t\u00f3xicas<\/p>\n","protected":false},"excerpt":{"rendered":"<p>El S5000 de General Monitors es el detector de gas apropiado para la detecci\u00f3n de ox\u00edgeno, t\u00f3xico y combustibles en los ambientes m\u00e1s extremos. Opera en un amplio rango de temperaturas y utiliza una gran variedad de tecnolog\u00edas de detecci\u00f3n. Sensores XCell con tecnolog\u00eda TruCal que extienden los per\u00edodos de calibraci\u00f3n hasta en 18 meses. Capacidad para dos sensores, duplicando el poder de detecci\u00f3n.<\/p>\n","protected":false},"featured_media":3918,"template":"","meta":{"site-sidebar-layout":"default","site-content-layout":"","ast-site-content-layout":"default","site-content-style":"default","site-sidebar-style":"default","ast-global-header-display":"","ast-banner-title-visibility":"","ast-main-header-display":"","ast-hfb-above-header-display":"","ast-hfb-below-header-display":"","ast-hfb-mobile-header-display":"","site-post-title":"","ast-breadcrumbs-content":"","ast-featured-img":"","footer-sml-layout":"","ast-disable-related-posts":"","theme-transparent-header-meta":"default","adv-header-id-meta":"","stick-header-meta":"","header-above-stick-meta":"","header-main-stick-meta":"","header-below-stick-meta":"","astra-migrate-meta-layouts":"set","ast-page-background-enabled":"default","ast-page-background-meta":{"desktop":{"background-color":"var(--ast-global-color-4)","background-image":"","background-repeat":"repeat","background-position":"center center","background-size":"auto","background-attachment":"scroll","background-type":"","background-media":"","overlay-type":"","overlay-color":"","overlay-opacity":"","overlay-gradient":""},"tablet":{"background-color":"","background-image":"","background-repeat":"repeat","background-position":"center center","background-size":"auto","background-attachment":"scroll","background-type":"","background-media":"","overlay-type":"","overlay-color":"","overlay-opacity":"","overlay-gradient":""},"mobile":{"background-color":"","background-image":"","background-repeat":"repeat","background-position":"center center","background-size":"auto","background-attachment":"scroll","background-type":"","background-media":"","overlay-type":"","overlay-color":"","overlay-opacity":"","overlay-gradient":""}},"ast-content-background-meta":{"desktop":{"background-color":"var(--ast-global-color-5)","background-image":"","background-repeat":"repeat","background-position":"center center","background-size":"auto","background-attachment":"scroll","background-type":"","background-media":"","overlay-type":"","overlay-color":"","overlay-opacity":"","overlay-gradient":""},"tablet":{"background-color":"var(--ast-global-color-5)","background-image":"","background-repeat":"repeat","background-position":"center center","background-size":"auto","background-attachment":"scroll","background-type":"","background-media":"","overlay-type":"","overlay-color":"","overlay-opacity":"","overlay-gradient":""},"mobile":{"background-color":"var(--ast-global-color-5)","background-image":"","background-repeat":"repeat","background-position":"center center","background-size":"auto","background-attachment":"scroll","background-type":"","background-media":"","overlay-type":"","overlay-color":"","overlay-opacity":"","overlay-gradient":""}},"_joinchat":[]},"product_brand":[],"product_cat":[367],"product_tag":[],"class_list":{"0":"post-3917","1":"product","2":"type-product","3":"status-publish","4":"has-post-thumbnail","6":"product_cat-sistemas-de-fire-gas","7":"desktop-align-left","8":"tablet-align-left","9":"mobile-align-left","11":"first","12":"instock","13":"shipping-taxable","14":"product-type-simple"},"_links":{"self":[{"href":"https:\/\/vtec-automation.com\/index.php?rest_route=\/wp\/v2\/product\/3917","targetHints":{"allow":["GET"]}}],"collection":[{"href":"https:\/\/vtec-automation.com\/index.php?rest_route=\/wp\/v2\/product"}],"about":[{"href":"https:\/\/vtec-automation.com\/index.php?rest_route=\/wp\/v2\/types\/product"}],"version-history":[{"count":1,"href":"https:\/\/vtec-automation.com\/index.php?rest_route=\/wp\/v2\/product\/3917\/revisions"}],"predecessor-version":[{"id":3919,"href":"https:\/\/vtec-automation.com\/index.php?rest_route=\/wp\/v2\/product\/3917\/revisions\/3919"}],"wp:featuredmedia":[{"embeddable":true,"href":"https:\/\/vtec-automation.com\/index.php?rest_route=\/wp\/v2\/media\/3918"}],"wp:attachment":[{"href":"https:\/\/vtec-automation.com\/index.php?rest_route=%2Fwp%2Fv2%2Fmedia&parent=3917"}],"wp:term":[{"taxonomy":"product_brand","embeddable":true,"href":"https:\/\/vtec-automation.com\/index.php?rest_route=%2Fwp%2Fv2%2Fproduct_brand&post=3917"},{"taxonomy":"product_cat","embeddable":true,"href":"https:\/\/vtec-automation.com\/index.php?rest_route=%2Fwp%2Fv2%2Fproduct_cat&post=3917"},{"taxonomy":"product_tag","embeddable":true,"href":"https:\/\/vtec-automation.com\/index.php?rest_route=%2Fwp%2Fv2%2Fproduct_tag&post=3917"}],"curies":[{"name":"wp","href":"https:\/\/api.w.org\/{rel}","templated":true}]}}