{"id":3924,"date":"2024-05-22T05:22:33","date_gmt":"2024-05-22T05:22:33","guid":{"rendered":"http:\/\/vtec-automation.com\/?post_type=product&#038;p=3924"},"modified":"2024-05-22T05:22:33","modified_gmt":"2024-05-22T05:22:33","slug":"detector-de-gases-vangard","status":"publish","type":"product","link":"https:\/\/vtec-automation.com\/?product=detector-de-gases-vangard","title":{"rendered":"Detector de gases Vangard"},"content":{"rendered":"<div id=\"fb-root\"><\/div>\n<p class=\"parrafo-small\">Cada detector Vanguard tiene un transceptor WirelessHART\u00ae, una antena, una pantalla, un m\u00f3dulo de alimentaci\u00f3n de larga duraci\u00f3n, un sensor de gas y un procesador de se\u00f1al para el sensor de gas. Vanguard utiliza una arquitectura de sensor con la marca registrada \u00abFlexsense\u00bb, que permite al sensor identificar su gas objetivo y auto configurarse en un transmisor Vanguard tras la conexi\u00f3n.<\/p>\n<hr \/>\n<p class=\"parrafo-small\"><strong>Caracteristicas:<\/strong><\/p>\n<ul>\n<li>\n<p class=\"parrafo-small\">Capacidad inal\u00e1mbrica<\/p>\n<\/li>\n<li>\n<p class=\"parrafo-small\">Sensores intercambiables en campo de gases t\u00f3xicos y combustibles<\/p>\n<\/li>\n<li>\n<p class=\"parrafo-small\">Interoperable con redes WirelessHART\u00ae y sistemas de gesti\u00f3n de activos (AMS) existentes<\/p>\n<\/li>\n<li>\n<p class=\"parrafo-small\">F\u00e1cil calibraci\u00f3n y operaci\u00f3n<\/p>\n<\/li>\n<li>\n<p class=\"parrafo-small\">Duraci\u00f3n de la bater\u00eda de m\u00e1s de 5 a\u00f1os *<\/p>\n<\/li>\n<li>\n<p class=\"parrafo-small\">Dise\u00f1o de servicio pesado con aprobaciones para ubicaciones peligrosas Clase 1, Div 1 y 2<\/p>\n<p class=\"parrafo-small\">* Afectado por la frecuencia de sondeo<\/p>\n<\/li>\n<\/ul>\n","protected":false},"excerpt":{"rendered":"<p>El detector de gases Vanguard WirelessHART\u00ae es ideal para el monitoreo de gases t\u00f3xicos y combustibles sin la necesidad de un cableado costoso y fijo. Con una duraci\u00f3n de bater\u00eda de cinco a\u00f1os y una calibraci\u00f3n de un bot\u00f3n, el detector Vanguard es f\u00e1cil de operar y mantener.<\/p>\n","protected":false},"featured_media":3925,"template":"","meta":{"site-sidebar-layout":"default","site-content-layout":"","ast-site-content-layout":"default","site-content-style":"default","site-sidebar-style":"default","ast-global-header-display":"","ast-banner-title-visibility":"","ast-main-header-display":"","ast-hfb-above-header-display":"","ast-hfb-below-header-display":"","ast-hfb-mobile-header-display":"","site-post-title":"","ast-breadcrumbs-content":"","ast-featured-img":"","footer-sml-layout":"","ast-disable-related-posts":"","theme-transparent-header-meta":"default","adv-header-id-meta":"","stick-header-meta":"","header-above-stick-meta":"","header-main-stick-meta":"","header-below-stick-meta":"","astra-migrate-meta-layouts":"set","ast-page-background-enabled":"default","ast-page-background-meta":{"desktop":{"background-color":"var(--ast-global-color-4)","background-image":"","background-repeat":"repeat","background-position":"center center","background-size":"auto","background-attachment":"scroll","background-type":"","background-media":"","overlay-type":"","overlay-color":"","overlay-opacity":"","overlay-gradient":""},"tablet":{"background-color":"","background-image":"","background-repeat":"repeat","background-position":"center center","background-size":"auto","background-attachment":"scroll","background-type":"","background-media":"","overlay-type":"","overlay-color":"","overlay-opacity":"","overlay-gradient":""},"mobile":{"background-color":"","background-image":"","background-repeat":"repeat","background-position":"center center","background-size":"auto","background-attachment":"scroll","background-type":"","background-media":"","overlay-type":"","overlay-color":"","overlay-opacity":"","overlay-gradient":""}},"ast-content-background-meta":{"desktop":{"background-color":"var(--ast-global-color-5)","background-image":"","background-repeat":"repeat","background-position":"center center","background-size":"auto","background-attachment":"scroll","background-type":"","background-media":"","overlay-type":"","overlay-color":"","overlay-opacity":"","overlay-gradient":""},"tablet":{"background-color":"var(--ast-global-color-5)","background-image":"","background-repeat":"repeat","background-position":"center center","background-size":"auto","background-attachment":"scroll","background-type":"","background-media":"","overlay-type":"","overlay-color":"","overlay-opacity":"","overlay-gradient":""},"mobile":{"background-color":"var(--ast-global-color-5)","background-image":"","background-repeat":"repeat","background-position":"center center","background-size":"auto","background-attachment":"scroll","background-type":"","background-media":"","overlay-type":"","overlay-color":"","overlay-opacity":"","overlay-gradient":""}},"_joinchat":[]},"product_brand":[],"product_cat":[367],"product_tag":[],"class_list":{"0":"post-3924","1":"product","2":"type-product","3":"status-publish","4":"has-post-thumbnail","6":"product_cat-sistemas-de-fire-gas","7":"desktop-align-left","8":"tablet-align-left","9":"mobile-align-left","11":"first","12":"instock","13":"shipping-taxable","14":"product-type-simple"},"_links":{"self":[{"href":"https:\/\/vtec-automation.com\/index.php?rest_route=\/wp\/v2\/product\/3924","targetHints":{"allow":["GET"]}}],"collection":[{"href":"https:\/\/vtec-automation.com\/index.php?rest_route=\/wp\/v2\/product"}],"about":[{"href":"https:\/\/vtec-automation.com\/index.php?rest_route=\/wp\/v2\/types\/product"}],"version-history":[{"count":1,"href":"https:\/\/vtec-automation.com\/index.php?rest_route=\/wp\/v2\/product\/3924\/revisions"}],"predecessor-version":[{"id":3926,"href":"https:\/\/vtec-automation.com\/index.php?rest_route=\/wp\/v2\/product\/3924\/revisions\/3926"}],"wp:featuredmedia":[{"embeddable":true,"href":"https:\/\/vtec-automation.com\/index.php?rest_route=\/wp\/v2\/media\/3925"}],"wp:attachment":[{"href":"https:\/\/vtec-automation.com\/index.php?rest_route=%2Fwp%2Fv2%2Fmedia&parent=3924"}],"wp:term":[{"taxonomy":"product_brand","embeddable":true,"href":"https:\/\/vtec-automation.com\/index.php?rest_route=%2Fwp%2Fv2%2Fproduct_brand&post=3924"},{"taxonomy":"product_cat","embeddable":true,"href":"https:\/\/vtec-automation.com\/index.php?rest_route=%2Fwp%2Fv2%2Fproduct_cat&post=3924"},{"taxonomy":"product_tag","embeddable":true,"href":"https:\/\/vtec-automation.com\/index.php?rest_route=%2Fwp%2Fv2%2Fproduct_tag&post=3924"}],"curies":[{"name":"wp","href":"https:\/\/api.w.org\/{rel}","templated":true}]}}