{"id":3936,"date":"2024-05-22T05:28:17","date_gmt":"2024-05-22T05:28:17","guid":{"rendered":"http:\/\/vtec-automation.com\/?post_type=product&#038;p=3936"},"modified":"2024-05-22T05:28:18","modified_gmt":"2024-05-22T05:28:18","slug":"detector-de-llama-multiespectro-fl4000-h","status":"publish","type":"product","link":"https:\/\/vtec-automation.com\/?product=detector-de-llama-multiespectro-fl4000-h","title":{"rendered":"Detector de llama Multiespectro FL4000 H"},"content":{"rendered":"<div id=\"fb-root\"><\/div>\n<ul>\n<li>Paquete de detector infrarrojo multiespectro (MSIR) de mayor alcance (230 pies) y amplio campo visual (100 \u00b0 a 100 pies)<\/li>\n<li>La tecnolog\u00eda de redes neuronales (TRN) ofrece alta inmunidad contra las falsas alarmas<\/li>\n<li>El registro de eventos guarda las horas, las fechas y los tipos de eventos<\/li>\n<li>Las opciones de comunicaci\u00f3n HART y Modbus proporcionan indicaciones completas sobre el estado y la capacidad de control en la sala de monitoreo<\/li>\n<li>El monitoreo de trayectoria continua (COPM) revisa la integridad de la trayectoria \u00f3ptica y los circuitos electr\u00f3nicos del detector<\/li>\n<li>El modo de prueba sirve para revisar todas las salidas (se usa con la l\u00e1mpara de prueba TL105)<\/li>\n<\/ul>\n<p class=\"parrafo-small\">Mercados: Industria general, Sector petrolero, Servicios p\u00fablicos<\/p>\n","protected":false},"excerpt":{"rendered":"<p>El FL4000H es un avanzado detector de fuego infrarrojo multiespectro (MSIR) que ofrece alta inmunidad contra falsas alarmas y un vasto campo visual. El FL4000H emplea un conjunto de sensores IR \u00f3pticos multiespectro con un sofisticado sistema de tecnolog\u00eda de redes neuronales (TRN) para distinguir de manera confiable entre las llamas reales y la gran mayor\u00eda de las fuentes de falsa alarma. El FL4000H detecta las llamas t\u00edpicas producidas por alcohol, n-heptano, gasolina, combustibles para reactores e hidrocarburos. Tambi\u00e9n puede ver a trav\u00e9s del humo denso de los incendios que generan el di\u00e9sel, el caucho, los pl\u00e1sticos y los lubricantes.<\/p>\n","protected":false},"featured_media":3937,"template":"","meta":{"site-sidebar-layout":"default","site-content-layout":"","ast-site-content-layout":"default","site-content-style":"default","site-sidebar-style":"default","ast-global-header-display":"","ast-banner-title-visibility":"","ast-main-header-display":"","ast-hfb-above-header-display":"","ast-hfb-below-header-display":"","ast-hfb-mobile-header-display":"","site-post-title":"","ast-breadcrumbs-content":"","ast-featured-img":"","footer-sml-layout":"","ast-disable-related-posts":"","theme-transparent-header-meta":"default","adv-header-id-meta":"","stick-header-meta":"","header-above-stick-meta":"","header-main-stick-meta":"","header-below-stick-meta":"","astra-migrate-meta-layouts":"set","ast-page-background-enabled":"default","ast-page-background-meta":{"desktop":{"background-color":"var(--ast-global-color-4)","background-image":"","background-repeat":"repeat","background-position":"center center","background-size":"auto","background-attachment":"scroll","background-type":"","background-media":"","overlay-type":"","overlay-color":"","overlay-opacity":"","overlay-gradient":""},"tablet":{"background-color":"","background-image":"","background-repeat":"repeat","background-position":"center center","background-size":"auto","background-attachment":"scroll","background-type":"","background-media":"","overlay-type":"","overlay-color":"","overlay-opacity":"","overlay-gradient":""},"mobile":{"background-color":"","background-image":"","background-repeat":"repeat","background-position":"center center","background-size":"auto","background-attachment":"scroll","background-type":"","background-media":"","overlay-type":"","overlay-color":"","overlay-opacity":"","overlay-gradient":""}},"ast-content-background-meta":{"desktop":{"background-color":"var(--ast-global-color-5)","background-image":"","background-repeat":"repeat","background-position":"center center","background-size":"auto","background-attachment":"scroll","background-type":"","background-media":"","overlay-type":"","overlay-color":"","overlay-opacity":"","overlay-gradient":""},"tablet":{"background-color":"var(--ast-global-color-5)","background-image":"","background-repeat":"repeat","background-position":"center center","background-size":"auto","background-attachment":"scroll","background-type":"","background-media":"","overlay-type":"","overlay-color":"","overlay-opacity":"","overlay-gradient":""},"mobile":{"background-color":"var(--ast-global-color-5)","background-image":"","background-repeat":"repeat","background-position":"center center","background-size":"auto","background-attachment":"scroll","background-type":"","background-media":"","overlay-type":"","overlay-color":"","overlay-opacity":"","overlay-gradient":""}},"_joinchat":[]},"product_brand":[],"product_cat":[367],"product_tag":[],"class_list":{"0":"post-3936","1":"product","2":"type-product","3":"status-publish","4":"has-post-thumbnail","6":"product_cat-sistemas-de-fire-gas","7":"desktop-align-left","8":"tablet-align-left","9":"mobile-align-left","11":"first","12":"instock","13":"shipping-taxable","14":"product-type-simple"},"_links":{"self":[{"href":"https:\/\/vtec-automation.com\/index.php?rest_route=\/wp\/v2\/product\/3936","targetHints":{"allow":["GET"]}}],"collection":[{"href":"https:\/\/vtec-automation.com\/index.php?rest_route=\/wp\/v2\/product"}],"about":[{"href":"https:\/\/vtec-automation.com\/index.php?rest_route=\/wp\/v2\/types\/product"}],"version-history":[{"count":1,"href":"https:\/\/vtec-automation.com\/index.php?rest_route=\/wp\/v2\/product\/3936\/revisions"}],"predecessor-version":[{"id":3938,"href":"https:\/\/vtec-automation.com\/index.php?rest_route=\/wp\/v2\/product\/3936\/revisions\/3938"}],"wp:featuredmedia":[{"embeddable":true,"href":"https:\/\/vtec-automation.com\/index.php?rest_route=\/wp\/v2\/media\/3937"}],"wp:attachment":[{"href":"https:\/\/vtec-automation.com\/index.php?rest_route=%2Fwp%2Fv2%2Fmedia&parent=3936"}],"wp:term":[{"taxonomy":"product_brand","embeddable":true,"href":"https:\/\/vtec-automation.com\/index.php?rest_route=%2Fwp%2Fv2%2Fproduct_brand&post=3936"},{"taxonomy":"product_cat","embeddable":true,"href":"https:\/\/vtec-automation.com\/index.php?rest_route=%2Fwp%2Fv2%2Fproduct_cat&post=3936"},{"taxonomy":"product_tag","embeddable":true,"href":"https:\/\/vtec-automation.com\/index.php?rest_route=%2Fwp%2Fv2%2Fproduct_tag&post=3936"}],"curies":[{"name":"wp","href":"https:\/\/api.w.org\/{rel}","templated":true}]}}