{"id":3939,"date":"2024-05-22T05:29:34","date_gmt":"2024-05-22T05:29:34","guid":{"rendered":"http:\/\/vtec-automation.com\/?post_type=product&#038;p=3939"},"modified":"2024-05-22T05:29:35","modified_gmt":"2024-05-22T05:29:35","slug":"detector-de-llamas-uv-ir","status":"publish","type":"product","link":"https:\/\/vtec-automation.com\/?product=detector-de-llamas-uv-ir","title":{"rendered":"Detector de llamas UV\/IR"},"content":{"rendered":"<div id=\"fb-root\"><\/div>\n<ul>\n<li>Tecnolog\u00eda comprobada. La detecci\u00f3n de llamas UV\/IR usa un detector de rayos ultravioletas e infrarrojos para monitorear las posibles llamas con una inmunidad a las falsas alarmas mejorada gracias a la medici\u00f3n en dos espectros de llamas distintos.<\/li>\n<li>Desempe\u00f1o aprobado por FM. Seis fuentes combustibles (heptano, metano, metanol, propano, etano, butano) probadas con un campo visual verificado.<\/li>\n<li>Amplio campo visual. Cono de visi\u00f3n de 130\u00b0 para cubrir grandes distancias.<\/li>\n<li>Control autom\u00e1tico del nivel de integridad de seguridad. El monitoreo continuo de la trayectoria \u00f3ptica (COPM, por sus siglas en ingl\u00e9s) realiza un control autom\u00e1tico cada dos minutos para asegurar que la trayectoria \u00f3ptica est\u00e9 despejada y el circuito electr\u00f3nico funcione correctamente.<\/li>\n<li>Pruebas en cualquier momento y en cualquier lugar. Pruebas f\u00e1ciles con nuestra exclusiva l\u00e1mpara de prueba TL105 que permite efectuar una prueba segura del detector de llamas UV\/IR FL500 en condiciones de fuego real con un centelleo simulado del fuego.<\/li>\n<li>Soporta condiciones extremas. El amplio rango de temperaturas de trabajo (de -55 \u00b0C a +85 \u00b0C) hace posible el funcionamiento en ambientes con condiciones extremas.<\/li>\n<li>Indicaci\u00f3n inmediata del estado. Tres indicadores LED de estado se\u00f1alan las condiciones de falla, alarma y funcionamiento normal.<\/li>\n<li>Carcasa resistente. Carcasa de acero inoxidable 316 para una excelente resistencia a las condiciones m\u00e1s adversas.<\/li>\n<li>Opciones de salidas m\u00faltiples. Industrial est\u00e1ndar 4-20 mA (anal\u00f3gica PNP o NPN), Modbus, HART, rel\u00e9s<\/li>\n<\/ul>\n<p class=\"parrafo-small\">Mercados: Sector petrolero, Industria general, Servicios p\u00fablicos<\/p>\n","protected":false},"excerpt":{"rendered":"<p>El detector de llamas FL500 UVIR ofrece una detecci\u00f3n r\u00e1pida de las llamas con inmunidad mejorada a las falsas alarmas en un dise\u00f1o compacto. La combinaci\u00f3n UV\/IR permite monitorear la radiaci\u00f3n emitida por las llamas en los rangos espectrales tanto ultravioleta (UV) como infrarrojo (IR) proporcionando un tiempo de respuesta r\u00e1pido y una mayor inmunidad contra falsas alarmas contra fuentes de radiaci\u00f3n para una protecci\u00f3n confiable<\/p>\n","protected":false},"featured_media":3940,"template":"","meta":{"site-sidebar-layout":"default","site-content-layout":"","ast-site-content-layout":"default","site-content-style":"default","site-sidebar-style":"default","ast-global-header-display":"","ast-banner-title-visibility":"","ast-main-header-display":"","ast-hfb-above-header-display":"","ast-hfb-below-header-display":"","ast-hfb-mobile-header-display":"","site-post-title":"","ast-breadcrumbs-content":"","ast-featured-img":"","footer-sml-layout":"","ast-disable-related-posts":"","theme-transparent-header-meta":"default","adv-header-id-meta":"","stick-header-meta":"","header-above-stick-meta":"","header-main-stick-meta":"","header-below-stick-meta":"","astra-migrate-meta-layouts":"set","ast-page-background-enabled":"default","ast-page-background-meta":{"desktop":{"background-color":"var(--ast-global-color-4)","background-image":"","background-repeat":"repeat","background-position":"center center","background-size":"auto","background-attachment":"scroll","background-type":"","background-media":"","overlay-type":"","overlay-color":"","overlay-opacity":"","overlay-gradient":""},"tablet":{"background-color":"","background-image":"","background-repeat":"repeat","background-position":"center center","background-size":"auto","background-attachment":"scroll","background-type":"","background-media":"","overlay-type":"","overlay-color":"","overlay-opacity":"","overlay-gradient":""},"mobile":{"background-color":"","background-image":"","background-repeat":"repeat","background-position":"center center","background-size":"auto","background-attachment":"scroll","background-type":"","background-media":"","overlay-type":"","overlay-color":"","overlay-opacity":"","overlay-gradient":""}},"ast-content-background-meta":{"desktop":{"background-color":"var(--ast-global-color-5)","background-image":"","background-repeat":"repeat","background-position":"center center","background-size":"auto","background-attachment":"scroll","background-type":"","background-media":"","overlay-type":"","overlay-color":"","overlay-opacity":"","overlay-gradient":""},"tablet":{"background-color":"var(--ast-global-color-5)","background-image":"","background-repeat":"repeat","background-position":"center center","background-size":"auto","background-attachment":"scroll","background-type":"","background-media":"","overlay-type":"","overlay-color":"","overlay-opacity":"","overlay-gradient":""},"mobile":{"background-color":"var(--ast-global-color-5)","background-image":"","background-repeat":"repeat","background-position":"center center","background-size":"auto","background-attachment":"scroll","background-type":"","background-media":"","overlay-type":"","overlay-color":"","overlay-opacity":"","overlay-gradient":""}},"_joinchat":[]},"product_brand":[],"product_cat":[367],"product_tag":[],"class_list":{"0":"post-3939","1":"product","2":"type-product","3":"status-publish","4":"has-post-thumbnail","6":"product_cat-sistemas-de-fire-gas","7":"desktop-align-left","8":"tablet-align-left","9":"mobile-align-left","11":"first","12":"instock","13":"shipping-taxable","14":"product-type-simple"},"_links":{"self":[{"href":"https:\/\/vtec-automation.com\/index.php?rest_route=\/wp\/v2\/product\/3939","targetHints":{"allow":["GET"]}}],"collection":[{"href":"https:\/\/vtec-automation.com\/index.php?rest_route=\/wp\/v2\/product"}],"about":[{"href":"https:\/\/vtec-automation.com\/index.php?rest_route=\/wp\/v2\/types\/product"}],"version-history":[{"count":1,"href":"https:\/\/vtec-automation.com\/index.php?rest_route=\/wp\/v2\/product\/3939\/revisions"}],"predecessor-version":[{"id":3941,"href":"https:\/\/vtec-automation.com\/index.php?rest_route=\/wp\/v2\/product\/3939\/revisions\/3941"}],"wp:featuredmedia":[{"embeddable":true,"href":"https:\/\/vtec-automation.com\/index.php?rest_route=\/wp\/v2\/media\/3940"}],"wp:attachment":[{"href":"https:\/\/vtec-automation.com\/index.php?rest_route=%2Fwp%2Fv2%2Fmedia&parent=3939"}],"wp:term":[{"taxonomy":"product_brand","embeddable":true,"href":"https:\/\/vtec-automation.com\/index.php?rest_route=%2Fwp%2Fv2%2Fproduct_brand&post=3939"},{"taxonomy":"product_cat","embeddable":true,"href":"https:\/\/vtec-automation.com\/index.php?rest_route=%2Fwp%2Fv2%2Fproduct_cat&post=3939"},{"taxonomy":"product_tag","embeddable":true,"href":"https:\/\/vtec-automation.com\/index.php?rest_route=%2Fwp%2Fv2%2Fproduct_tag&post=3939"}],"curies":[{"name":"wp","href":"https:\/\/api.w.org\/{rel}","templated":true}]}}