{"id":3989,"date":"2024-05-22T06:05:31","date_gmt":"2024-05-22T06:05:31","guid":{"rendered":"http:\/\/vtec-automation.com\/?post_type=product&#038;p=3989"},"modified":"2024-11-13T20:03:47","modified_gmt":"2024-11-13T20:03:47","slug":"postadiscos","status":"publish","type":"product","link":"https:\/\/vtec-automation.com\/?product=postadiscos","title":{"rendered":"Cabezales de seguridad"},"content":{"rendered":"<div id=\"fb-root\"><\/div>\n<ul>\n<li>Cabezal de seguridad tipo inserto que encaja dentro del c\u00edrculo de pernos de las bridas complementarias para permitir una f\u00e1cil instalaci\u00f3n y extracci\u00f3n<\/li>\n<li>Los tornillos de cabeza preapretados sujetan el disco de ruptura dentro de la cabeza de seguridad, independientemente de los pernos de brida complementarios, lo que permite su extracci\u00f3n, inspecci\u00f3n y reinstalaci\u00f3n futuras.<\/li>\n<li>Un perno en J garantiza que el cabezal de seguridad se ajuste en la direcci\u00f3n requerida entre las bridas complementarias mediante el acoplamiento de un orificio ciego perforado en el per\u00edmetro de la brida complementaria de entrada<\/li>\n<li>Los pasadores de alineaci\u00f3n asim\u00e9tricos en el cabezal de seguridad se acoplan a los orificios de ubicaci\u00f3n en el disco de ruptura, lo que garantiza el centrado y la orientaci\u00f3n correcta del disco de ruptura dentro del cabezal de seguridad<\/li>\n<\/ul>\n","protected":false},"excerpt":{"rendered":"<p>Este es un dispositivo de seguridad especializado dise\u00f1ado para instalar discos de ruptura en sistemas de tuber\u00edas de alta presi\u00f3n, asegurando la orientaci\u00f3n y el sellado correctos en aplicaciones industriales.<\/p>\n","protected":false},"featured_media":6414,"template":"","meta":{"site-sidebar-layout":"default","site-content-layout":"","ast-site-content-layout":"default","site-content-style":"default","site-sidebar-style":"default","ast-global-header-display":"","ast-banner-title-visibility":"","ast-main-header-display":"","ast-hfb-above-header-display":"","ast-hfb-below-header-display":"","ast-hfb-mobile-header-display":"","site-post-title":"","ast-breadcrumbs-content":"","ast-featured-img":"","footer-sml-layout":"","ast-disable-related-posts":"","theme-transparent-header-meta":"default","adv-header-id-meta":"","stick-header-meta":"","header-above-stick-meta":"","header-main-stick-meta":"","header-below-stick-meta":"","astra-migrate-meta-layouts":"set","ast-page-background-enabled":"default","ast-page-background-meta":{"desktop":{"background-color":"var(--ast-global-color-4)","background-image":"","background-repeat":"repeat","background-position":"center center","background-size":"auto","background-attachment":"scroll","background-type":"","background-media":"","overlay-type":"","overlay-color":"","overlay-opacity":"","overlay-gradient":""},"tablet":{"background-color":"","background-image":"","background-repeat":"repeat","background-position":"center center","background-size":"auto","background-attachment":"scroll","background-type":"","background-media":"","overlay-type":"","overlay-color":"","overlay-opacity":"","overlay-gradient":""},"mobile":{"background-color":"","background-image":"","background-repeat":"repeat","background-position":"center center","background-size":"auto","background-attachment":"scroll","background-type":"","background-media":"","overlay-type":"","overlay-color":"","overlay-opacity":"","overlay-gradient":""}},"ast-content-background-meta":{"desktop":{"background-color":"var(--ast-global-color-5)","background-image":"","background-repeat":"repeat","background-position":"center center","background-size":"auto","background-attachment":"scroll","background-type":"","background-media":"","overlay-type":"","overlay-color":"","overlay-opacity":"","overlay-gradient":""},"tablet":{"background-color":"var(--ast-global-color-5)","background-image":"","background-repeat":"repeat","background-position":"center center","background-size":"auto","background-attachment":"scroll","background-type":"","background-media":"","overlay-type":"","overlay-color":"","overlay-opacity":"","overlay-gradient":""},"mobile":{"background-color":"var(--ast-global-color-5)","background-image":"","background-repeat":"repeat","background-position":"center center","background-size":"auto","background-attachment":"scroll","background-type":"","background-media":"","overlay-type":"","overlay-color":"","overlay-opacity":"","overlay-gradient":""}},"_joinchat":[]},"product_brand":[],"product_cat":[369],"product_tag":[],"class_list":{"0":"post-3989","1":"product","2":"type-product","3":"status-publish","4":"has-post-thumbnail","6":"product_cat-seguridad-en-proceso","7":"desktop-align-left","8":"tablet-align-left","9":"mobile-align-left","11":"first","12":"instock","13":"shipping-taxable","14":"product-type-simple"},"_links":{"self":[{"href":"https:\/\/vtec-automation.com\/index.php?rest_route=\/wp\/v2\/product\/3989","targetHints":{"allow":["GET"]}}],"collection":[{"href":"https:\/\/vtec-automation.com\/index.php?rest_route=\/wp\/v2\/product"}],"about":[{"href":"https:\/\/vtec-automation.com\/index.php?rest_route=\/wp\/v2\/types\/product"}],"version-history":[{"count":2,"href":"https:\/\/vtec-automation.com\/index.php?rest_route=\/wp\/v2\/product\/3989\/revisions"}],"predecessor-version":[{"id":6416,"href":"https:\/\/vtec-automation.com\/index.php?rest_route=\/wp\/v2\/product\/3989\/revisions\/6416"}],"wp:featuredmedia":[{"embeddable":true,"href":"https:\/\/vtec-automation.com\/index.php?rest_route=\/wp\/v2\/media\/6414"}],"wp:attachment":[{"href":"https:\/\/vtec-automation.com\/index.php?rest_route=%2Fwp%2Fv2%2Fmedia&parent=3989"}],"wp:term":[{"taxonomy":"product_brand","embeddable":true,"href":"https:\/\/vtec-automation.com\/index.php?rest_route=%2Fwp%2Fv2%2Fproduct_brand&post=3989"},{"taxonomy":"product_cat","embeddable":true,"href":"https:\/\/vtec-automation.com\/index.php?rest_route=%2Fwp%2Fv2%2Fproduct_cat&post=3989"},{"taxonomy":"product_tag","embeddable":true,"href":"https:\/\/vtec-automation.com\/index.php?rest_route=%2Fwp%2Fv2%2Fproduct_tag&post=3989"}],"curies":[{"name":"wp","href":"https:\/\/api.w.org\/{rel}","templated":true}]}}