{"id":4030,"date":"2024-05-22T06:40:53","date_gmt":"2024-05-22T06:40:53","guid":{"rendered":"http:\/\/vtec-automation.com\/?post_type=product&#038;p=4030"},"modified":"2024-05-22T06:40:53","modified_gmt":"2024-05-22T06:40:53","slug":"indicadores-de-nivel-magnetico","status":"publish","type":"product","link":"https:\/\/vtec-automation.com\/?product=indicadores-de-nivel-magnetico","title":{"rendered":"Indicadores de Nivel Magn\u00e9tico"},"content":{"rendered":"<div id=\"fb-root\"><\/div>\n<table cellspacing=\"5\">\n<tbody>\n<tr>\n<td><strong>Atlas&#x2122;<\/strong><\/td>\n<td><\/td>\n<td><strong>Aurora\u00ae<\/strong><\/td>\n<td><\/td>\n<td><strong>Gemini&#x2122;<\/strong><\/td>\n<td><\/td>\n<td><strong>Jupiter\u00ae<\/strong><\/td>\n<\/tr>\n<tr>\n<td>Indicador Magn\u00e9tico de Nivel<\/td>\n<td><\/td>\n<td>Indicador Magn\u00e9tico de Nivel + Eclipse<\/td>\n<td><\/td>\n<td>Indicador Magn\u00e9tico de Nivel Doble C\u00e1mara<\/td>\n<td><\/td>\n<td>Transmisor Magnetostrictivo JM4<\/td>\n<\/tr>\n<tr>\n<td>\n<p class=\"parrafo-small\">\n<\/td>\n<td><\/td>\n<td><\/td>\n<td><\/td>\n<td><\/td>\n<td><\/td>\n<td><\/td>\n<\/tr>\n<tr>\n<td>Indicadores magn\u00e9ticos de nivel convencionales de Orion Instruments aplican para una amplia gama de aplicaciones y condiciones de proceso<\/td>\n<td><\/td>\n<td>Combinaci\u00f3n<br \/>\n\u00fanica de indicador de<br \/>\nnivel magn\u00e9tico y radar de\u00a0onda guiada, un verdadero<br \/>\ninstrumento redundante para<br \/>\ncontrol de nivel<\/td>\n<td><\/td>\n<td>Dise\u00f1o \u00fanico, totalmente modular y dise\u00f1ado contra pedido para incorporar diferentes paquetes de instrumentaci\u00f3n para maximizan funcionalidad y reducir el costo total de posesi\u00f3n<\/td>\n<td><\/td>\n<td>Dispositivo de medici\u00f3n de nivel de alta exactitud puede ser insertado directamente en el recipiente o montado externamente a un visor de nivel magn\u00e9tico Orion<\/td>\n<\/tr>\n<\/tbody>\n<\/table>\n","protected":false},"excerpt":{"rendered":"<p>Atlas&#x2122; Aurora\u00ae Gemini&#x2122; Jupiter\u00ae Indicador Magn\u00e9tico de Nivel Indicador Magn\u00e9tico de Nivel + Eclipse Indicador Magn\u00e9tico de Nivel Doble C\u00e1mara [&hellip;]<\/p>\n","protected":false},"featured_media":4029,"template":"","meta":{"site-sidebar-layout":"default","site-content-layout":"","ast-site-content-layout":"default","site-content-style":"default","site-sidebar-style":"default","ast-global-header-display":"","ast-banner-title-visibility":"","ast-main-header-display":"","ast-hfb-above-header-display":"","ast-hfb-below-header-display":"","ast-hfb-mobile-header-display":"","site-post-title":"","ast-breadcrumbs-content":"","ast-featured-img":"","footer-sml-layout":"","ast-disable-related-posts":"","theme-transparent-header-meta":"default","adv-header-id-meta":"","stick-header-meta":"","header-above-stick-meta":"","header-main-stick-meta":"","header-below-stick-meta":"","astra-migrate-meta-layouts":"set","ast-page-background-enabled":"default","ast-page-background-meta":{"desktop":{"background-color":"var(--ast-global-color-4)","background-image":"","background-repeat":"repeat","background-position":"center center","background-size":"auto","background-attachment":"scroll","background-type":"","background-media":"","overlay-type":"","overlay-color":"","overlay-opacity":"","overlay-gradient":""},"tablet":{"background-color":"","background-image":"","background-repeat":"repeat","background-position":"center center","background-size":"auto","background-attachment":"scroll","background-type":"","background-media":"","overlay-type":"","overlay-color":"","overlay-opacity":"","overlay-gradient":""},"mobile":{"background-color":"","background-image":"","background-repeat":"repeat","background-position":"center center","background-size":"auto","background-attachment":"scroll","background-type":"","background-media":"","overlay-type":"","overlay-color":"","overlay-opacity":"","overlay-gradient":""}},"ast-content-background-meta":{"desktop":{"background-color":"var(--ast-global-color-5)","background-image":"","background-repeat":"repeat","background-position":"center center","background-size":"auto","background-attachment":"scroll","background-type":"","background-media":"","overlay-type":"","overlay-color":"","overlay-opacity":"","overlay-gradient":""},"tablet":{"background-color":"var(--ast-global-color-5)","background-image":"","background-repeat":"repeat","background-position":"center center","background-size":"auto","background-attachment":"scroll","background-type":"","background-media":"","overlay-type":"","overlay-color":"","overlay-opacity":"","overlay-gradient":""},"mobile":{"background-color":"var(--ast-global-color-5)","background-image":"","background-repeat":"repeat","background-position":"center center","background-size":"auto","background-attachment":"scroll","background-type":"","background-media":"","overlay-type":"","overlay-color":"","overlay-opacity":"","overlay-gradient":""}},"_joinchat":[]},"product_brand":[],"product_cat":[372],"product_tag":[],"class_list":{"0":"post-4030","1":"product","2":"type-product","3":"status-publish","4":"has-post-thumbnail","6":"product_cat-nivel","7":"desktop-align-left","8":"tablet-align-left","9":"mobile-align-left","11":"first","12":"instock","13":"shipping-taxable","14":"product-type-simple"},"_links":{"self":[{"href":"https:\/\/vtec-automation.com\/index.php?rest_route=\/wp\/v2\/product\/4030","targetHints":{"allow":["GET"]}}],"collection":[{"href":"https:\/\/vtec-automation.com\/index.php?rest_route=\/wp\/v2\/product"}],"about":[{"href":"https:\/\/vtec-automation.com\/index.php?rest_route=\/wp\/v2\/types\/product"}],"version-history":[{"count":1,"href":"https:\/\/vtec-automation.com\/index.php?rest_route=\/wp\/v2\/product\/4030\/revisions"}],"predecessor-version":[{"id":4031,"href":"https:\/\/vtec-automation.com\/index.php?rest_route=\/wp\/v2\/product\/4030\/revisions\/4031"}],"wp:featuredmedia":[{"embeddable":true,"href":"https:\/\/vtec-automation.com\/index.php?rest_route=\/wp\/v2\/media\/4029"}],"wp:attachment":[{"href":"https:\/\/vtec-automation.com\/index.php?rest_route=%2Fwp%2Fv2%2Fmedia&parent=4030"}],"wp:term":[{"taxonomy":"product_brand","embeddable":true,"href":"https:\/\/vtec-automation.com\/index.php?rest_route=%2Fwp%2Fv2%2Fproduct_brand&post=4030"},{"taxonomy":"product_cat","embeddable":true,"href":"https:\/\/vtec-automation.com\/index.php?rest_route=%2Fwp%2Fv2%2Fproduct_cat&post=4030"},{"taxonomy":"product_tag","embeddable":true,"href":"https:\/\/vtec-automation.com\/index.php?rest_route=%2Fwp%2Fv2%2Fproduct_tag&post=4030"}],"curies":[{"name":"wp","href":"https:\/\/api.w.org\/{rel}","templated":true}]}}