{"id":4032,"date":"2024-05-22T06:42:29","date_gmt":"2024-05-22T06:42:29","guid":{"rendered":"http:\/\/vtec-automation.com\/?post_type=product&#038;p=4032"},"modified":"2024-05-22T06:42:29","modified_gmt":"2024-05-22T06:42:29","slug":"interruptores-de-nivel","status":"publish","type":"product","link":"https:\/\/vtec-automation.com\/?product=interruptores-de-nivel","title":{"rendered":"Interruptores de Nivel"},"content":{"rendered":"<div id=\"fb-root\"><\/div>\n<p><strong>Desplazador:\u00a0<\/strong>Altamente confiable con uno, dos o tres niveles de control de alarma (diferencial corto) o control ON\/OFF (diferencial amplio). Aplicaciones en fluidos limpios o sucios y fosas con lodos o crudos pesados, tanques de almacenamiento y protecci\u00f3n sobre llenado seg\u00fan\u00a0<strong>API RP 2350\u00a0<\/strong><\/p>\n<p><strong>T62:\u00a0<\/strong>Los controladores de flotador de montaje lateral se montan horizontalmente a cualquier tanque o recipiente a trav\u00e9s de una conexi\u00f3n de l\u00ednea bridada o roscada. Los modelos de interruptor simple o doble pueden usarse para alarmas de nivel alto\/bajo o aplicaciones de control.<\/p>\n<p><a href=\"https:\/\/www.magnetrol.com\/es\/interruptores-de-camara-externa\">M\u00e1s Informaci\u00f3n<\/a><\/p>\n<p><strong>ELECTR\u00d3NICOS<\/strong><\/p>\n<p><strong>TD1\/TD2:\u00a0<\/strong>Los interruptores de flujo\/nivel\/interfase Thermatel Modelo TD1\/TD2 proveen un nuevo nivel de confiabilidad no visto en generaciones anteriores. Diagn\u00f3sticos cont\u00ednuos con indicaci\u00f3n de fallas, compensaci\u00f3n por temperatura, hist\u00e9risis m\u00ednima y un tiempo de respuesta mas r\u00e1pido hacen del TD1\/TD2 lo \u00faltimo disponible en interruptores basados en la tecnolog\u00eda de dispersi\u00f3n t\u00e9rmica.<\/p>\n<p><strong>961\/962:<\/strong>\u00a0El aumento de la demanda de cumplimiento de los sistemas de seguridad y protecci\u00f3n contra sobrellenado (<strong>API RP 2350<\/strong>) han exigen un control de nivel mas confiable. Los interruptores ultras\u00f3nicos de nivel modelos Echotel \u00ae Modelos 961 y 962 satisfacen estas demandas con dise\u00f1os avanzados de transductores, extensas aprobaciones para \u00e1reas peligrosas y una nueva tecnolog\u00eda de auto-diagn\u00f3stico compatibles con SIL2.<\/p>\n","protected":false},"excerpt":{"rendered":"<p><strong>B40:<\/strong>\u00a0El interruptor de nivel de l\u00edquido de cuerpo externo B40 es un controlador actuado por flotador espec\u00edficamente dise\u00f1ado y construido para condiciones de servicio de alta presi\u00f3n y alta temperatura. Est\u00e1 disponible en construcci\u00f3n industrial s\u00f3lida o ASME B31.1.<\/p>\n","protected":false},"featured_media":4033,"template":"","meta":{"site-sidebar-layout":"default","site-content-layout":"","ast-site-content-layout":"default","site-content-style":"default","site-sidebar-style":"default","ast-global-header-display":"","ast-banner-title-visibility":"","ast-main-header-display":"","ast-hfb-above-header-display":"","ast-hfb-below-header-display":"","ast-hfb-mobile-header-display":"","site-post-title":"","ast-breadcrumbs-content":"","ast-featured-img":"","footer-sml-layout":"","ast-disable-related-posts":"","theme-transparent-header-meta":"default","adv-header-id-meta":"","stick-header-meta":"","header-above-stick-meta":"","header-main-stick-meta":"","header-below-stick-meta":"","astra-migrate-meta-layouts":"set","ast-page-background-enabled":"default","ast-page-background-meta":{"desktop":{"background-color":"var(--ast-global-color-4)","background-image":"","background-repeat":"repeat","background-position":"center center","background-size":"auto","background-attachment":"scroll","background-type":"","background-media":"","overlay-type":"","overlay-color":"","overlay-opacity":"","overlay-gradient":""},"tablet":{"background-color":"","background-image":"","background-repeat":"repeat","background-position":"center center","background-size":"auto","background-attachment":"scroll","background-type":"","background-media":"","overlay-type":"","overlay-color":"","overlay-opacity":"","overlay-gradient":""},"mobile":{"background-color":"","background-image":"","background-repeat":"repeat","background-position":"center center","background-size":"auto","background-attachment":"scroll","background-type":"","background-media":"","overlay-type":"","overlay-color":"","overlay-opacity":"","overlay-gradient":""}},"ast-content-background-meta":{"desktop":{"background-color":"var(--ast-global-color-5)","background-image":"","background-repeat":"repeat","background-position":"center center","background-size":"auto","background-attachment":"scroll","background-type":"","background-media":"","overlay-type":"","overlay-color":"","overlay-opacity":"","overlay-gradient":""},"tablet":{"background-color":"var(--ast-global-color-5)","background-image":"","background-repeat":"repeat","background-position":"center center","background-size":"auto","background-attachment":"scroll","background-type":"","background-media":"","overlay-type":"","overlay-color":"","overlay-opacity":"","overlay-gradient":""},"mobile":{"background-color":"var(--ast-global-color-5)","background-image":"","background-repeat":"repeat","background-position":"center center","background-size":"auto","background-attachment":"scroll","background-type":"","background-media":"","overlay-type":"","overlay-color":"","overlay-opacity":"","overlay-gradient":""}},"_joinchat":[]},"product_brand":[],"product_cat":[372],"product_tag":[],"class_list":{"0":"post-4032","1":"product","2":"type-product","3":"status-publish","4":"has-post-thumbnail","6":"product_cat-nivel","7":"desktop-align-left","8":"tablet-align-left","9":"mobile-align-left","11":"first","12":"instock","13":"shipping-taxable","14":"product-type-simple"},"_links":{"self":[{"href":"https:\/\/vtec-automation.com\/index.php?rest_route=\/wp\/v2\/product\/4032","targetHints":{"allow":["GET"]}}],"collection":[{"href":"https:\/\/vtec-automation.com\/index.php?rest_route=\/wp\/v2\/product"}],"about":[{"href":"https:\/\/vtec-automation.com\/index.php?rest_route=\/wp\/v2\/types\/product"}],"version-history":[{"count":1,"href":"https:\/\/vtec-automation.com\/index.php?rest_route=\/wp\/v2\/product\/4032\/revisions"}],"predecessor-version":[{"id":4034,"href":"https:\/\/vtec-automation.com\/index.php?rest_route=\/wp\/v2\/product\/4032\/revisions\/4034"}],"wp:featuredmedia":[{"embeddable":true,"href":"https:\/\/vtec-automation.com\/index.php?rest_route=\/wp\/v2\/media\/4033"}],"wp:attachment":[{"href":"https:\/\/vtec-automation.com\/index.php?rest_route=%2Fwp%2Fv2%2Fmedia&parent=4032"}],"wp:term":[{"taxonomy":"product_brand","embeddable":true,"href":"https:\/\/vtec-automation.com\/index.php?rest_route=%2Fwp%2Fv2%2Fproduct_brand&post=4032"},{"taxonomy":"product_cat","embeddable":true,"href":"https:\/\/vtec-automation.com\/index.php?rest_route=%2Fwp%2Fv2%2Fproduct_cat&post=4032"},{"taxonomy":"product_tag","embeddable":true,"href":"https:\/\/vtec-automation.com\/index.php?rest_route=%2Fwp%2Fv2%2Fproduct_tag&post=4032"}],"curies":[{"name":"wp","href":"https:\/\/api.w.org\/{rel}","templated":true}]}}