{"id":4035,"date":"2024-05-22T06:43:59","date_gmt":"2024-05-22T06:43:59","guid":{"rendered":"http:\/\/vtec-automation.com\/?post_type=product&#038;p=4035"},"modified":"2024-05-22T06:43:59","modified_gmt":"2024-05-22T06:43:59","slug":"laser","status":"publish","type":"product","link":"https:\/\/vtec-automation.com\/?product=laser","title":{"rendered":"Laser"},"content":{"rendered":"<div id=\"fb-root\"><\/div>\n<p><strong>Bajo costo de propiedad<\/strong><\/p>\n<p class=\"parrafo-small\">-Sin mantenimiento<\/p>\n<p class=\"parrafo-small\">&#8211; No es necesario calibrar<\/p>\n<p class=\"parrafo-small\">&#8211; de nivel vers\u00e1til<\/p>\n<p class=\"parrafo-small\"><strong>De confianza<\/strong><\/p>\n<p class=\"parrafo-small\">&#8211; Medici\u00f3n precisa de cualquier superficie s\u00f3lida o l\u00edquida<\/p>\n<p class=\"parrafo-small\">\u00a0&#8211; Capacidades de penetraci\u00f3n de polvo y niebla<\/p>\n<p class=\"parrafo-small\">&#8211; A prueba de explosi\u00f3n clase 1 \/ divisi\u00f3n 1 (zona 1)<\/p>\n<p class=\"parrafo-small\"><strong>Conveniente<\/strong><\/p>\n<p class=\"parrafo-small\">&#8211; Instalaci\u00f3n r\u00e1pida y flexible<\/p>\n<p class=\"parrafo-small\">&#8211; Funci\u00f3n de configuraci\u00f3n f\u00e1cil<\/p>\n<p class=\"parrafo-small\">&#8211; Alimentado por 2 hilos y comunicaci\u00f3n HART<\/p>\n","protected":false},"excerpt":{"rendered":"<p>La familia de los transmisores de nivel de no contacto L\u00e1ser de ABB proporciona soluciones sencillas para una medici\u00f3n de nivel precisa y fiable tanto en l\u00edquidos como s\u00f3lidos Esta tecnolog\u00eda de medici\u00f3n revoluciona la industria de la medici\u00f3n de nivel, est\u00e1 dise\u00f1ado para todas las aplicaciones industriales y reemplaza f\u00e1cilmente algunas otras tecnolog\u00edas a fin cambiar la forma en que realiza la medici\u00f3n de nivel en sus procesos.<\/p>\n","protected":false},"featured_media":4036,"template":"","meta":{"site-sidebar-layout":"default","site-content-layout":"","ast-site-content-layout":"default","site-content-style":"default","site-sidebar-style":"default","ast-global-header-display":"","ast-banner-title-visibility":"","ast-main-header-display":"","ast-hfb-above-header-display":"","ast-hfb-below-header-display":"","ast-hfb-mobile-header-display":"","site-post-title":"","ast-breadcrumbs-content":"","ast-featured-img":"","footer-sml-layout":"","ast-disable-related-posts":"","theme-transparent-header-meta":"default","adv-header-id-meta":"","stick-header-meta":"","header-above-stick-meta":"","header-main-stick-meta":"","header-below-stick-meta":"","astra-migrate-meta-layouts":"set","ast-page-background-enabled":"default","ast-page-background-meta":{"desktop":{"background-color":"var(--ast-global-color-4)","background-image":"","background-repeat":"repeat","background-position":"center center","background-size":"auto","background-attachment":"scroll","background-type":"","background-media":"","overlay-type":"","overlay-color":"","overlay-opacity":"","overlay-gradient":""},"tablet":{"background-color":"","background-image":"","background-repeat":"repeat","background-position":"center center","background-size":"auto","background-attachment":"scroll","background-type":"","background-media":"","overlay-type":"","overlay-color":"","overlay-opacity":"","overlay-gradient":""},"mobile":{"background-color":"","background-image":"","background-repeat":"repeat","background-position":"center center","background-size":"auto","background-attachment":"scroll","background-type":"","background-media":"","overlay-type":"","overlay-color":"","overlay-opacity":"","overlay-gradient":""}},"ast-content-background-meta":{"desktop":{"background-color":"var(--ast-global-color-5)","background-image":"","background-repeat":"repeat","background-position":"center center","background-size":"auto","background-attachment":"scroll","background-type":"","background-media":"","overlay-type":"","overlay-color":"","overlay-opacity":"","overlay-gradient":""},"tablet":{"background-color":"var(--ast-global-color-5)","background-image":"","background-repeat":"repeat","background-position":"center center","background-size":"auto","background-attachment":"scroll","background-type":"","background-media":"","overlay-type":"","overlay-color":"","overlay-opacity":"","overlay-gradient":""},"mobile":{"background-color":"var(--ast-global-color-5)","background-image":"","background-repeat":"repeat","background-position":"center center","background-size":"auto","background-attachment":"scroll","background-type":"","background-media":"","overlay-type":"","overlay-color":"","overlay-opacity":"","overlay-gradient":""}},"_joinchat":[]},"product_brand":[],"product_cat":[372],"product_tag":[],"class_list":{"0":"post-4035","1":"product","2":"type-product","3":"status-publish","4":"has-post-thumbnail","6":"product_cat-nivel","7":"desktop-align-left","8":"tablet-align-left","9":"mobile-align-left","11":"first","12":"instock","13":"shipping-taxable","14":"product-type-simple"},"_links":{"self":[{"href":"https:\/\/vtec-automation.com\/index.php?rest_route=\/wp\/v2\/product\/4035","targetHints":{"allow":["GET"]}}],"collection":[{"href":"https:\/\/vtec-automation.com\/index.php?rest_route=\/wp\/v2\/product"}],"about":[{"href":"https:\/\/vtec-automation.com\/index.php?rest_route=\/wp\/v2\/types\/product"}],"version-history":[{"count":1,"href":"https:\/\/vtec-automation.com\/index.php?rest_route=\/wp\/v2\/product\/4035\/revisions"}],"predecessor-version":[{"id":4037,"href":"https:\/\/vtec-automation.com\/index.php?rest_route=\/wp\/v2\/product\/4035\/revisions\/4037"}],"wp:featuredmedia":[{"embeddable":true,"href":"https:\/\/vtec-automation.com\/index.php?rest_route=\/wp\/v2\/media\/4036"}],"wp:attachment":[{"href":"https:\/\/vtec-automation.com\/index.php?rest_route=%2Fwp%2Fv2%2Fmedia&parent=4035"}],"wp:term":[{"taxonomy":"product_brand","embeddable":true,"href":"https:\/\/vtec-automation.com\/index.php?rest_route=%2Fwp%2Fv2%2Fproduct_brand&post=4035"},{"taxonomy":"product_cat","embeddable":true,"href":"https:\/\/vtec-automation.com\/index.php?rest_route=%2Fwp%2Fv2%2Fproduct_cat&post=4035"},{"taxonomy":"product_tag","embeddable":true,"href":"https:\/\/vtec-automation.com\/index.php?rest_route=%2Fwp%2Fv2%2Fproduct_tag&post=4035"}],"curies":[{"name":"wp","href":"https:\/\/api.w.org\/{rel}","templated":true}]}}