{"id":4038,"date":"2024-05-22T06:45:30","date_gmt":"2024-05-22T06:45:30","guid":{"rendered":"http:\/\/vtec-automation.com\/?post_type=product&#038;p=4038"},"modified":"2024-05-22T06:45:31","modified_gmt":"2024-05-22T06:45:31","slug":"radar-onda-guiada-eclipse-706","status":"publish","type":"product","link":"https:\/\/vtec-automation.com\/?product=radar-onda-guiada-eclipse-706","title":{"rendered":"Radar Onda Guiada &#8211; Eclipse 706"},"content":{"rendered":"<div id=\"fb-root\"><\/div>\n<p class=\"parrafo-small\">Configuraciones de Sonda para Cada Aplicaci\u00f3n El ECLIPSE Modelo 706 proporciona un rango completo de soluciones de medici\u00f3n con radar de onda guiada. Una extensa l\u00ednea de sondas coaxiales, sencillas y de cable gemelo proporcionan un control de nivel confiable y exacto. El Modelo 706 es apto para aplicaciones desde almacenaje de agua hasta medios de proceso con vapores corrosivos, espuma, vapor, recubrimiento o acumulaci\u00f3n de producto en la sonda, agitaci\u00f3n de superficie, burbujeo o ebullici\u00f3n, altos \u00edndices de llenado o vac\u00edo, nivel bajo o condiciones de diel\u00e9ctrico o gravedad espec\u00edfica variante.<br \/>\nSondas con Capacidad de Sobrellenado MAGNETROL ofrece el \u00fanico transmisor de radar de onda guiada en el mercado con sondas con capacidad de medir nivel hasta el tope de la sonda. A diferencia de otros, el Modelo 706 mide nivel real espec\u00edfico hasta la brida de proceso. Las sondas con capacidad de sobrellenado de varilla sencilla o coaxiales pueden instalarse en varias configuraciones y ofrecerle tranquilidad en aplicaciones donde existe riesgo de derrames.<\/p>\n<p class=\"parrafo-small\">Diagn\u00f3sticos Avanzados El Eclipse Modelo 706 provee curvas de eco en tiempo real y datos de tendencias con una destacable facilidad de uso. \u2022 Interfase de usuario de 4 botones y pantalla gr\u00e1fica LCD que proporcionan informaci\u00f3n, curvas de eco en pantalla y sugerencias para realizar diagn\u00f3sticos \u2022 Opcion de programaci\u00f3n para la captura autom\u00e1tica de datos, incluyendo curvas de eco, en base a tiempo o evento. Por defecto sale de f\u00e1brica en base a eventos. \u2022 Cumple con los est\u00e1ndares NAMUR NE 107 \u2022 Nuveo DTM intuitivo y m\u00e1s f\u00e1cil de manipular<\/p>\n<p class=\"parrafo-small\"><strong>\u00a0 \u00a0\u00a0<\/strong><\/p>\n<p class=\"parrafo-small\"><strong>Caracter\u00edsticas<\/strong><\/p>\n<ul class=\"feature-list feature-list--main\">\n<li class=\"feature-list__item\">\u2022\u00a0 Capacidad de medici\u00f3n diel\u00e9ctrico bajos (\u03b5r \u2265 1.4)<\/li>\n<li class=\"feature-list__item\">\u2022\u00a0 Salida proporcional a nivel, interface o volumen<\/li>\n<li class=\"feature-list__item\">\u2022\u00a0 Acoplamiento r\u00e1pido de la sonda<\/li>\n<li class=\"feature-list__item\">\u2022\u00a0 Opera en vapores visibles e ignora la mayor\u00eda de las espumas<\/li>\n<li class=\"feature-list__item\">\u2022\u00a0 Aprobaciones IS, XP y no ign\u00edgenas<\/li>\n<li class=\"feature-list__item\">\u2022\u00a0 Ignora la acumulaci\u00f3n de producto en la sonda<\/li>\n<\/ul>\n","protected":false},"excerpt":{"rendered":"<p>Ning\u00fan otro GWR puede eclipsar este desempe\u00f1o Desempe\u00f1o de Se\u00f1al Superior Los novedosos circuitos del ECLPSE consiguen una mayor amplitud de pulso de transmisi\u00f3n y una sensibilidad de recepci\u00f3n mejorada, que resulta en un mejor \u00edndice de se\u00f1al a ruido. Esto asegura un control preciso para cada aplicaci\u00f3n de nivel, incluyendo medios con diel\u00e9ctrico extremadamente bajo, rangos de medici\u00f3n extendidos y condiciones demandantes donde puede existir espuma, burbujeo u oleaje.<\/p>\n","protected":false},"featured_media":4039,"template":"","meta":{"site-sidebar-layout":"default","site-content-layout":"","ast-site-content-layout":"default","site-content-style":"default","site-sidebar-style":"default","ast-global-header-display":"","ast-banner-title-visibility":"","ast-main-header-display":"","ast-hfb-above-header-display":"","ast-hfb-below-header-display":"","ast-hfb-mobile-header-display":"","site-post-title":"","ast-breadcrumbs-content":"","ast-featured-img":"","footer-sml-layout":"","ast-disable-related-posts":"","theme-transparent-header-meta":"default","adv-header-id-meta":"","stick-header-meta":"","header-above-stick-meta":"","header-main-stick-meta":"","header-below-stick-meta":"","astra-migrate-meta-layouts":"set","ast-page-background-enabled":"default","ast-page-background-meta":{"desktop":{"background-color":"var(--ast-global-color-4)","background-image":"","background-repeat":"repeat","background-position":"center center","background-size":"auto","background-attachment":"scroll","background-type":"","background-media":"","overlay-type":"","overlay-color":"","overlay-opacity":"","overlay-gradient":""},"tablet":{"background-color":"","background-image":"","background-repeat":"repeat","background-position":"center center","background-size":"auto","background-attachment":"scroll","background-type":"","background-media":"","overlay-type":"","overlay-color":"","overlay-opacity":"","overlay-gradient":""},"mobile":{"background-color":"","background-image":"","background-repeat":"repeat","background-position":"center center","background-size":"auto","background-attachment":"scroll","background-type":"","background-media":"","overlay-type":"","overlay-color":"","overlay-opacity":"","overlay-gradient":""}},"ast-content-background-meta":{"desktop":{"background-color":"var(--ast-global-color-5)","background-image":"","background-repeat":"repeat","background-position":"center center","background-size":"auto","background-attachment":"scroll","background-type":"","background-media":"","overlay-type":"","overlay-color":"","overlay-opacity":"","overlay-gradient":""},"tablet":{"background-color":"var(--ast-global-color-5)","background-image":"","background-repeat":"repeat","background-position":"center center","background-size":"auto","background-attachment":"scroll","background-type":"","background-media":"","overlay-type":"","overlay-color":"","overlay-opacity":"","overlay-gradient":""},"mobile":{"background-color":"var(--ast-global-color-5)","background-image":"","background-repeat":"repeat","background-position":"center center","background-size":"auto","background-attachment":"scroll","background-type":"","background-media":"","overlay-type":"","overlay-color":"","overlay-opacity":"","overlay-gradient":""}},"_joinchat":[]},"product_brand":[],"product_cat":[372],"product_tag":[],"class_list":{"0":"post-4038","1":"product","2":"type-product","3":"status-publish","4":"has-post-thumbnail","6":"product_cat-nivel","7":"desktop-align-left","8":"tablet-align-left","9":"mobile-align-left","11":"first","12":"instock","13":"shipping-taxable","14":"product-type-simple"},"_links":{"self":[{"href":"https:\/\/vtec-automation.com\/index.php?rest_route=\/wp\/v2\/product\/4038","targetHints":{"allow":["GET"]}}],"collection":[{"href":"https:\/\/vtec-automation.com\/index.php?rest_route=\/wp\/v2\/product"}],"about":[{"href":"https:\/\/vtec-automation.com\/index.php?rest_route=\/wp\/v2\/types\/product"}],"version-history":[{"count":1,"href":"https:\/\/vtec-automation.com\/index.php?rest_route=\/wp\/v2\/product\/4038\/revisions"}],"predecessor-version":[{"id":4040,"href":"https:\/\/vtec-automation.com\/index.php?rest_route=\/wp\/v2\/product\/4038\/revisions\/4040"}],"wp:featuredmedia":[{"embeddable":true,"href":"https:\/\/vtec-automation.com\/index.php?rest_route=\/wp\/v2\/media\/4039"}],"wp:attachment":[{"href":"https:\/\/vtec-automation.com\/index.php?rest_route=%2Fwp%2Fv2%2Fmedia&parent=4038"}],"wp:term":[{"taxonomy":"product_brand","embeddable":true,"href":"https:\/\/vtec-automation.com\/index.php?rest_route=%2Fwp%2Fv2%2Fproduct_brand&post=4038"},{"taxonomy":"product_cat","embeddable":true,"href":"https:\/\/vtec-automation.com\/index.php?rest_route=%2Fwp%2Fv2%2Fproduct_cat&post=4038"},{"taxonomy":"product_tag","embeddable":true,"href":"https:\/\/vtec-automation.com\/index.php?rest_route=%2Fwp%2Fv2%2Fproduct_tag&post=4038"}],"curies":[{"name":"wp","href":"https:\/\/api.w.org\/{rel}","templated":true}]}}