{"id":4041,"date":"2024-05-22T06:47:46","date_gmt":"2024-05-22T06:47:46","guid":{"rendered":"http:\/\/vtec-automation.com\/?post_type=product&#038;p=4041"},"modified":"2024-05-22T06:47:47","modified_gmt":"2024-05-22T06:47:47","slug":"radares-no-contacto","status":"publish","type":"product","link":"https:\/\/vtec-automation.com\/?product=radares-no-contacto","title":{"rendered":"Radares No Contacto"},"content":{"rendered":"<div id=\"fb-root\"><\/div>\n<p class=\"parrafo-small\">Desempe\u00f1o Mejorado La se\u00f1al de radar de 26Ghz tiene una menor longitud de onda para antenas peque\u00f1as y mejor resoluci\u00f3n. Estas antenas permites instalaciones en conexiones a proceso a partir de 1\u00bd\u201d. Antenas para Alta Presion y Temperatura Para aplicaciones extremadamente demandantes y condiciones desafiantes de hasta 400 \u00b0C o 160 bar (750 \u00b0F o 2320 psi). Extensiones de boquillas desde 4\u201d a 72\u201d (10cm a 1.8m) para que distancias largas y tuber\u00edas en tanques subterr\u00e1neos no sean problema. Polarizaci\u00f3n Circular No se requiere ajustar la antena para evitar superficies falsas de rebote, lo que simplifica la instalaci\u00f3n y proporciona alineaci\u00f3n correcta en pr\u00e1cticamente todas las aplicaciones. Poderoso Microprocesador Con amplia memoria para nuevas e importantes caracter\u00edsticas, como:<\/p>\n<p class=\"parrafo-small\">\u2022 Capacidad volum\u00e9trica con nueve formas de tanque comunes y una tabla de hasta 30 pares de datos de interpolaci\u00f3n para recipientes de forma irregualr.<\/p>\n<p class=\"parrafo-small\">\u2022 Almacenaje de datos que puede programarse para guardar datos, incluyendo curvas de eco, activados bien sea por lapsos de tiempo o por eventos.<\/p>\n<p class=\"parrafo-small\">Por defecto, la unidad sale de f\u00e1brica programada en base a eventos.<\/p>\n<p class=\"parrafo-small\">&#8212;&#8212;-<br \/>\nTransmisor Radar por Aire PULSAR\u00ae Modelo R96 Modelo de 6Ghz para aplicaciones industriales dif\u00edciles. Aplicaciones Medios: \u2022 L\u00edquidos y Lodos \u2022 Hidrocarburos y medios que contienen agua agua Tanques: \u2022 Tanques de proceso y almacenaje con rangos de presi\u00f3n y temperatura \u2022 Fosas y Letrinas Caracter\u00edsticas \u2022 Desempe\u00f1o que no depende del proceso \u2022 Dise\u00f1os de antena hasta +204 \u00b0C (+400 \u00b0F) \u2022 Rango hasta 40 metros (130 pies) \u2022 Acoples de sonda con conexi\u00f3n r\u00e1pida con sellado continuo de tanque \u2022 Capacidad SIL 2 con Fracci\u00f3n de Falla Segura (SFF) = 92.7% (FMEDA disponible sobre pedido) \u2022 Nuevo y mejorado Administrador de Tipo de Dispositivo (DTM). Opciones \u2022 Comunicaciones digitales HART\u00ae 7.1 y FOUNDATION fieldbus&#x2122; \u2022 Opci\u00f3n de carcaza de compartimiento dual de acero inoxidable 316 \u2022 Antenas de cono de 3\u201d, 4\u201d y 6\u201d \u2022 Antenas de varilla de polipropileno y Teflon\u00ae \u2022 Extensiones de boquilla para las antenas<\/p>\n<p class=\"parrafo-small\">&#8212;&#8211;<br \/>\nECONOMICO R86 Para aplicaciones simples<br \/>\nModelo de 26Ghz para aplicaciones industriales ligeras Aplicaciones Nivel: \u2022 Tanques de almacenaje y dep\u00f3sitos intermedios \u2022 C\u00e1maras externas \u2022 Tanques de mezclado<\/p>\n<p class=\"parrafo-small\">\u2022 Fosas s\u00e9pticas cerradas Flujo de Canal Abierto: \u2022 Canales y presas cerradas Caracter\u00edsticas \u2022 24 VDC, alimentado por lazo con HART\u00ae \u2022 Rango: 380mm (15\u201d) hasta 12 metros (40\u2019) medidos desde la conexi\u00f3n a proceso dependiendo del grado de turbulencia y conductividad del flu\u00eddo. \u2022 Antena: Cono de bronce encapsulado \u2014 polipropileno o Tefzel\u00ae \u2022 Temperatura de Proceso: -40 a +93 \u00b0C (-40 a +200 \u00b0F) \u2022 Presi\u00f3n de Proceso: Vac\u00edo hasta 13.8 bar (200 psi) Opciones \u2022 Aprobaciones de Prop\u00f3sito General e Intr\u00ednsecamente Seguro \u2022 Lexan o aluminio, Carcaza de un solo compartimiento \u2022 Conexiones Conduit de \u00be\u201d NPT o M20 \u2022 Conexiones a proceso: 2\u201d NPT o BSP \u2022 Extensiones de antena para alturas de boquilla de hasta 30 cm (12\u201d)<\/p>\n","protected":false},"excerpt":{"rendered":"<p>El Radar por Aire que es m\u00e1s inteligente en cualquier nivel El PULSAR Modelo R86 es el primer transmisor industrial de Radar por Aire de R\u00e1faga de Pulsos de 26 Ghz de MAGNETROL. A\u00fan m\u00e1s importante, es el transmisor con las innovaciones que la industria de proceo requiere actualmente.<\/p>\n","protected":false},"featured_media":4042,"template":"","meta":{"site-sidebar-layout":"default","site-content-layout":"","ast-site-content-layout":"default","site-content-style":"default","site-sidebar-style":"default","ast-global-header-display":"","ast-banner-title-visibility":"","ast-main-header-display":"","ast-hfb-above-header-display":"","ast-hfb-below-header-display":"","ast-hfb-mobile-header-display":"","site-post-title":"","ast-breadcrumbs-content":"","ast-featured-img":"","footer-sml-layout":"","ast-disable-related-posts":"","theme-transparent-header-meta":"default","adv-header-id-meta":"","stick-header-meta":"","header-above-stick-meta":"","header-main-stick-meta":"","header-below-stick-meta":"","astra-migrate-meta-layouts":"set","ast-page-background-enabled":"default","ast-page-background-meta":{"desktop":{"background-color":"var(--ast-global-color-4)","background-image":"","background-repeat":"repeat","background-position":"center center","background-size":"auto","background-attachment":"scroll","background-type":"","background-media":"","overlay-type":"","overlay-color":"","overlay-opacity":"","overlay-gradient":""},"tablet":{"background-color":"","background-image":"","background-repeat":"repeat","background-position":"center center","background-size":"auto","background-attachment":"scroll","background-type":"","background-media":"","overlay-type":"","overlay-color":"","overlay-opacity":"","overlay-gradient":""},"mobile":{"background-color":"","background-image":"","background-repeat":"repeat","background-position":"center center","background-size":"auto","background-attachment":"scroll","background-type":"","background-media":"","overlay-type":"","overlay-color":"","overlay-opacity":"","overlay-gradient":""}},"ast-content-background-meta":{"desktop":{"background-color":"var(--ast-global-color-5)","background-image":"","background-repeat":"repeat","background-position":"center center","background-size":"auto","background-attachment":"scroll","background-type":"","background-media":"","overlay-type":"","overlay-color":"","overlay-opacity":"","overlay-gradient":""},"tablet":{"background-color":"var(--ast-global-color-5)","background-image":"","background-repeat":"repeat","background-position":"center center","background-size":"auto","background-attachment":"scroll","background-type":"","background-media":"","overlay-type":"","overlay-color":"","overlay-opacity":"","overlay-gradient":""},"mobile":{"background-color":"var(--ast-global-color-5)","background-image":"","background-repeat":"repeat","background-position":"center center","background-size":"auto","background-attachment":"scroll","background-type":"","background-media":"","overlay-type":"","overlay-color":"","overlay-opacity":"","overlay-gradient":""}},"_joinchat":[]},"product_brand":[],"product_cat":[372],"product_tag":[],"class_list":{"0":"post-4041","1":"product","2":"type-product","3":"status-publish","4":"has-post-thumbnail","6":"product_cat-nivel","7":"desktop-align-left","8":"tablet-align-left","9":"mobile-align-left","11":"first","12":"instock","13":"shipping-taxable","14":"product-type-simple"},"_links":{"self":[{"href":"https:\/\/vtec-automation.com\/index.php?rest_route=\/wp\/v2\/product\/4041","targetHints":{"allow":["GET"]}}],"collection":[{"href":"https:\/\/vtec-automation.com\/index.php?rest_route=\/wp\/v2\/product"}],"about":[{"href":"https:\/\/vtec-automation.com\/index.php?rest_route=\/wp\/v2\/types\/product"}],"version-history":[{"count":1,"href":"https:\/\/vtec-automation.com\/index.php?rest_route=\/wp\/v2\/product\/4041\/revisions"}],"predecessor-version":[{"id":4043,"href":"https:\/\/vtec-automation.com\/index.php?rest_route=\/wp\/v2\/product\/4041\/revisions\/4043"}],"wp:featuredmedia":[{"embeddable":true,"href":"https:\/\/vtec-automation.com\/index.php?rest_route=\/wp\/v2\/media\/4042"}],"wp:attachment":[{"href":"https:\/\/vtec-automation.com\/index.php?rest_route=%2Fwp%2Fv2%2Fmedia&parent=4041"}],"wp:term":[{"taxonomy":"product_brand","embeddable":true,"href":"https:\/\/vtec-automation.com\/index.php?rest_route=%2Fwp%2Fv2%2Fproduct_brand&post=4041"},{"taxonomy":"product_cat","embeddable":true,"href":"https:\/\/vtec-automation.com\/index.php?rest_route=%2Fwp%2Fv2%2Fproduct_cat&post=4041"},{"taxonomy":"product_tag","embeddable":true,"href":"https:\/\/vtec-automation.com\/index.php?rest_route=%2Fwp%2Fv2%2Fproduct_tag&post=4041"}],"curies":[{"name":"wp","href":"https:\/\/api.w.org\/{rel}","templated":true}]}}