{"id":4064,"date":"2024-05-22T07:35:01","date_gmt":"2024-05-22T07:35:01","guid":{"rendered":"http:\/\/vtec-automation.com\/?post_type=product&#038;p=4064"},"modified":"2024-05-22T07:35:01","modified_gmt":"2024-05-22T07:35:01","slug":"switch-presostatos-electronicos","status":"publish","type":"product","link":"https:\/\/vtec-automation.com\/?product=switch-presostatos-electronicos","title":{"rendered":"Switch \/ Pres\u00f3statos Electr\u00f3nicos"},"content":{"rendered":"<div id=\"fb-root\"><\/div>\n<p class=\"parrafo-small\">Beneficios:<\/p>\n<ul>\n<li>Proceso digital y visualizaci\u00f3n de estado<\/li>\n<li>Punto de ajuste y banda muerta totalmente ajustables<\/li>\n<li>Informes de autodiagn\u00f3stico local y remoto<\/li>\n<li>Certificaciones de agencia para ubicaciones peligrosas<\/li>\n<li>3 formas de potenciar el control<\/li>\n<li>2 formas de programar el control<\/li>\n<li>M\u00faltiples tipos de sensores y rangos<\/li>\n<li>3 modelos para elegir:\n<ul>\n<li>Interruptor individual de baja potencia de 2 hilos (solo)<\/li>\n<li>Transmisor Hart alimentado por bucle m\u00e1s 2 rel\u00e9s de estado s\u00f3lido<\/li>\n<li>Transmisor Hart alimentado por bucle (solo)<\/li>\n<\/ul>\n<\/li>\n<\/ul>\n","protected":false},"excerpt":{"rendered":"<p>Los pres\u00f3statos permiten reemplazar un instrumento mec\u00e1nico por uno electr\u00f3nico sin necesidad de modificar el cableado, ya que estos se alimentan de los mismos 2 cables. Adicionalmente se tiene los beneficios de la indicaci\u00f3n digital, banda muerta 100% ajustable y autodiagn\u00f3sticos. Como opciones se pueden tener encerramientos para \u00e1rea clasificada y salida de 4-20mA m\u00e1s HART.<\/p>\n","protected":false},"featured_media":4065,"template":"","meta":{"site-sidebar-layout":"default","site-content-layout":"","ast-site-content-layout":"default","site-content-style":"default","site-sidebar-style":"default","ast-global-header-display":"","ast-banner-title-visibility":"","ast-main-header-display":"","ast-hfb-above-header-display":"","ast-hfb-below-header-display":"","ast-hfb-mobile-header-display":"","site-post-title":"","ast-breadcrumbs-content":"","ast-featured-img":"","footer-sml-layout":"","ast-disable-related-posts":"","theme-transparent-header-meta":"default","adv-header-id-meta":"","stick-header-meta":"","header-above-stick-meta":"","header-main-stick-meta":"","header-below-stick-meta":"","astra-migrate-meta-layouts":"set","ast-page-background-enabled":"default","ast-page-background-meta":{"desktop":{"background-color":"var(--ast-global-color-4)","background-image":"","background-repeat":"repeat","background-position":"center center","background-size":"auto","background-attachment":"scroll","background-type":"","background-media":"","overlay-type":"","overlay-color":"","overlay-opacity":"","overlay-gradient":""},"tablet":{"background-color":"","background-image":"","background-repeat":"repeat","background-position":"center center","background-size":"auto","background-attachment":"scroll","background-type":"","background-media":"","overlay-type":"","overlay-color":"","overlay-opacity":"","overlay-gradient":""},"mobile":{"background-color":"","background-image":"","background-repeat":"repeat","background-position":"center center","background-size":"auto","background-attachment":"scroll","background-type":"","background-media":"","overlay-type":"","overlay-color":"","overlay-opacity":"","overlay-gradient":""}},"ast-content-background-meta":{"desktop":{"background-color":"var(--ast-global-color-5)","background-image":"","background-repeat":"repeat","background-position":"center center","background-size":"auto","background-attachment":"scroll","background-type":"","background-media":"","overlay-type":"","overlay-color":"","overlay-opacity":"","overlay-gradient":""},"tablet":{"background-color":"var(--ast-global-color-5)","background-image":"","background-repeat":"repeat","background-position":"center center","background-size":"auto","background-attachment":"scroll","background-type":"","background-media":"","overlay-type":"","overlay-color":"","overlay-opacity":"","overlay-gradient":""},"mobile":{"background-color":"var(--ast-global-color-5)","background-image":"","background-repeat":"repeat","background-position":"center center","background-size":"auto","background-attachment":"scroll","background-type":"","background-media":"","overlay-type":"","overlay-color":"","overlay-opacity":"","overlay-gradient":""}},"_joinchat":[]},"product_brand":[],"product_cat":[374],"product_tag":[],"class_list":{"0":"post-4064","1":"product","2":"type-product","3":"status-publish","4":"has-post-thumbnail","6":"product_cat-presion","7":"desktop-align-left","8":"tablet-align-left","9":"mobile-align-left","11":"first","12":"instock","13":"shipping-taxable","14":"product-type-simple"},"_links":{"self":[{"href":"https:\/\/vtec-automation.com\/index.php?rest_route=\/wp\/v2\/product\/4064","targetHints":{"allow":["GET"]}}],"collection":[{"href":"https:\/\/vtec-automation.com\/index.php?rest_route=\/wp\/v2\/product"}],"about":[{"href":"https:\/\/vtec-automation.com\/index.php?rest_route=\/wp\/v2\/types\/product"}],"version-history":[{"count":1,"href":"https:\/\/vtec-automation.com\/index.php?rest_route=\/wp\/v2\/product\/4064\/revisions"}],"predecessor-version":[{"id":4066,"href":"https:\/\/vtec-automation.com\/index.php?rest_route=\/wp\/v2\/product\/4064\/revisions\/4066"}],"wp:featuredmedia":[{"embeddable":true,"href":"https:\/\/vtec-automation.com\/index.php?rest_route=\/wp\/v2\/media\/4065"}],"wp:attachment":[{"href":"https:\/\/vtec-automation.com\/index.php?rest_route=%2Fwp%2Fv2%2Fmedia&parent=4064"}],"wp:term":[{"taxonomy":"product_brand","embeddable":true,"href":"https:\/\/vtec-automation.com\/index.php?rest_route=%2Fwp%2Fv2%2Fproduct_brand&post=4064"},{"taxonomy":"product_cat","embeddable":true,"href":"https:\/\/vtec-automation.com\/index.php?rest_route=%2Fwp%2Fv2%2Fproduct_cat&post=4064"},{"taxonomy":"product_tag","embeddable":true,"href":"https:\/\/vtec-automation.com\/index.php?rest_route=%2Fwp%2Fv2%2Fproduct_tag&post=4064"}],"curies":[{"name":"wp","href":"https:\/\/api.w.org\/{rel}","templated":true}]}}