{"id":4483,"date":"2024-07-24T17:59:56","date_gmt":"2024-07-24T17:59:56","guid":{"rendered":"https:\/\/vtec-automation.com\/?post_type=product&#038;p=4483"},"modified":"2024-07-30T00:13:53","modified_gmt":"2024-07-30T00:13:53","slug":"valvula-de-bola-montada-en-munon-de-acero-forjado","status":"publish","type":"product","link":"https:\/\/vtec-automation.com\/?product=valvula-de-bola-montada-en-munon-de-acero-forjado","title":{"rendered":"V\u00c1LVULA DE BOLA MONTADA EN MU\u00d1\u00d3N DE ACERO FORJADO"},"content":{"rendered":"<div id=\"fb-root\"><\/div>\n<p>Tama\u00f1o: 2&#8243;~60&#8243;<br \/>\nClasificaci\u00f3n: 150LB~2500LB<br \/>\nMateriales del cuerpo: Acero al carbono, acero inoxidable, etc.<br \/>\nAcabado: A105+ENP, 13Cr, F304, F316<br \/>\nConexi\u00f3n final: RF, RTJ, BW<br \/>\nOperaci\u00f3n: Palanca, engranaje, motor, neum\u00e1tico<\/p>\n","protected":false},"excerpt":{"rendered":"<p>Las v\u00e1lvulas de bola montadas sobre mu\u00f1\u00f3n de acero forjado YDF est\u00e1n dise\u00f1adas, fabricadas y probadas de acuerdo con API 6D, ASME B16.34, y pueden cumplir con los requisitos de especificaci\u00f3n API 607 \u200b\u200bsexta edici\u00f3n, API 6FA tercera edici\u00f3n. Est\u00e1 dise\u00f1ada para 3 piezas de entrada lateral de cuerpo dividido y 2 piezas de entrada lateral de cuerpo dividido (2~4 pulgadas).<\/p>\n","protected":false},"featured_media":4484,"template":"","meta":{"site-sidebar-layout":"default","site-content-layout":"","ast-site-content-layout":"default","site-content-style":"default","site-sidebar-style":"default","ast-global-header-display":"","ast-banner-title-visibility":"","ast-main-header-display":"","ast-hfb-above-header-display":"","ast-hfb-below-header-display":"","ast-hfb-mobile-header-display":"","site-post-title":"","ast-breadcrumbs-content":"","ast-featured-img":"","footer-sml-layout":"","ast-disable-related-posts":"","theme-transparent-header-meta":"default","adv-header-id-meta":"","stick-header-meta":"","header-above-stick-meta":"","header-main-stick-meta":"","header-below-stick-meta":"","astra-migrate-meta-layouts":"set","ast-page-background-enabled":"default","ast-page-background-meta":{"desktop":{"background-color":"var(--ast-global-color-4)","background-image":"","background-repeat":"repeat","background-position":"center center","background-size":"auto","background-attachment":"scroll","background-type":"","background-media":"","overlay-type":"","overlay-color":"","overlay-opacity":"","overlay-gradient":""},"tablet":{"background-color":"","background-image":"","background-repeat":"repeat","background-position":"center center","background-size":"auto","background-attachment":"scroll","background-type":"","background-media":"","overlay-type":"","overlay-color":"","overlay-opacity":"","overlay-gradient":""},"mobile":{"background-color":"","background-image":"","background-repeat":"repeat","background-position":"center center","background-size":"auto","background-attachment":"scroll","background-type":"","background-media":"","overlay-type":"","overlay-color":"","overlay-opacity":"","overlay-gradient":""}},"ast-content-background-meta":{"desktop":{"background-color":"var(--ast-global-color-5)","background-image":"","background-repeat":"repeat","background-position":"center center","background-size":"auto","background-attachment":"scroll","background-type":"","background-media":"","overlay-type":"","overlay-color":"","overlay-opacity":"","overlay-gradient":""},"tablet":{"background-color":"var(--ast-global-color-5)","background-image":"","background-repeat":"repeat","background-position":"center center","background-size":"auto","background-attachment":"scroll","background-type":"","background-media":"","overlay-type":"","overlay-color":"","overlay-opacity":"","overlay-gradient":""},"mobile":{"background-color":"var(--ast-global-color-5)","background-image":"","background-repeat":"repeat","background-position":"center center","background-size":"auto","background-attachment":"scroll","background-type":"","background-media":"","overlay-type":"","overlay-color":"","overlay-opacity":"","overlay-gradient":""}},"_joinchat":[]},"product_brand":[],"product_cat":[348,386],"product_tag":[],"class_list":{"0":"post-4483","1":"product","2":"type-product","3":"status-publish","4":"has-post-thumbnail","6":"product_cat-cvs-controls","7":"product_cat-valvulas-y-actuadores","8":"desktop-align-left","9":"tablet-align-left","10":"mobile-align-left","12":"first","13":"instock","14":"shipping-taxable","15":"product-type-simple"},"_links":{"self":[{"href":"https:\/\/vtec-automation.com\/index.php?rest_route=\/wp\/v2\/product\/4483","targetHints":{"allow":["GET"]}}],"collection":[{"href":"https:\/\/vtec-automation.com\/index.php?rest_route=\/wp\/v2\/product"}],"about":[{"href":"https:\/\/vtec-automation.com\/index.php?rest_route=\/wp\/v2\/types\/product"}],"version-history":[{"count":3,"href":"https:\/\/vtec-automation.com\/index.php?rest_route=\/wp\/v2\/product\/4483\/revisions"}],"predecessor-version":[{"id":4662,"href":"https:\/\/vtec-automation.com\/index.php?rest_route=\/wp\/v2\/product\/4483\/revisions\/4662"}],"wp:featuredmedia":[{"embeddable":true,"href":"https:\/\/vtec-automation.com\/index.php?rest_route=\/wp\/v2\/media\/4484"}],"wp:attachment":[{"href":"https:\/\/vtec-automation.com\/index.php?rest_route=%2Fwp%2Fv2%2Fmedia&parent=4483"}],"wp:term":[{"taxonomy":"product_brand","embeddable":true,"href":"https:\/\/vtec-automation.com\/index.php?rest_route=%2Fwp%2Fv2%2Fproduct_brand&post=4483"},{"taxonomy":"product_cat","embeddable":true,"href":"https:\/\/vtec-automation.com\/index.php?rest_route=%2Fwp%2Fv2%2Fproduct_cat&post=4483"},{"taxonomy":"product_tag","embeddable":true,"href":"https:\/\/vtec-automation.com\/index.php?rest_route=%2Fwp%2Fv2%2Fproduct_tag&post=4483"}],"curies":[{"name":"wp","href":"https:\/\/api.w.org\/{rel}","templated":true}]}}