{"id":4497,"date":"2024-07-24T18:42:58","date_gmt":"2024-07-24T18:42:58","guid":{"rendered":"https:\/\/vtec-automation.com\/?post_type=product&#038;p=4497"},"modified":"2024-07-24T18:45:02","modified_gmt":"2024-07-24T18:45:02","slug":"sello-de-fuelle-de-metal-guardmaster","status":"publish","type":"product","link":"https:\/\/vtec-automation.com\/?product=sello-de-fuelle-de-metal-guardmaster","title":{"rendered":"Sello de fuelle de metal GuardMaster"},"content":{"rendered":"<div id=\"fb-root\"><\/div>\n<p class=\"parrafo-small\">Construcci\u00f3n:<br \/>\nModular<br \/>\nTolerancias estrictas<br \/>\nPuntos m\u00ednimos de soldadura<br \/>\nPuerto de monitoreo disponible<\/p>\n<p class=\"parrafo-small\">Materiales:<br \/>\nInconel Standard<br \/>\nHastelloy B &amp; C Variaciones<br \/>\nTrazabilidad completa<\/p>\n<p class=\"parrafo-small\">Operaci\u00f3n:<br \/>\nHasta 6 millones de ciclos<br \/>\n-380F a 1120F<br \/>\nPresiones de hasta 1300 psi<\/p>\n","protected":false},"excerpt":{"rendered":"<p>Adem\u00e1s de una variedad de configuraciones efectivas de empaque que ayudan a reducir las emisiones fugitivas, las v\u00e1lvulas de control Optimux OpGL pueden equiparse con el sello de fuelle met\u00e1lico GuardMaster para garantizar cero emisiones fugitivas. El sello de fuelle met\u00e1lico GuardMaster permite a las partes interesadas de la planta cumplir con las normas ambientales y de seguridad internacionales m\u00e1s estrictas.<\/p>\n","protected":false},"featured_media":4498,"template":"","meta":{"site-sidebar-layout":"default","site-content-layout":"","ast-site-content-layout":"default","site-content-style":"default","site-sidebar-style":"default","ast-global-header-display":"","ast-banner-title-visibility":"","ast-main-header-display":"","ast-hfb-above-header-display":"","ast-hfb-below-header-display":"","ast-hfb-mobile-header-display":"","site-post-title":"","ast-breadcrumbs-content":"","ast-featured-img":"","footer-sml-layout":"","ast-disable-related-posts":"","theme-transparent-header-meta":"default","adv-header-id-meta":"","stick-header-meta":"","header-above-stick-meta":"","header-main-stick-meta":"","header-below-stick-meta":"","astra-migrate-meta-layouts":"set","ast-page-background-enabled":"default","ast-page-background-meta":{"desktop":{"background-color":"var(--ast-global-color-4)","background-image":"","background-repeat":"repeat","background-position":"center center","background-size":"auto","background-attachment":"scroll","background-type":"","background-media":"","overlay-type":"","overlay-color":"","overlay-opacity":"","overlay-gradient":""},"tablet":{"background-color":"","background-image":"","background-repeat":"repeat","background-position":"center center","background-size":"auto","background-attachment":"scroll","background-type":"","background-media":"","overlay-type":"","overlay-color":"","overlay-opacity":"","overlay-gradient":""},"mobile":{"background-color":"","background-image":"","background-repeat":"repeat","background-position":"center center","background-size":"auto","background-attachment":"scroll","background-type":"","background-media":"","overlay-type":"","overlay-color":"","overlay-opacity":"","overlay-gradient":""}},"ast-content-background-meta":{"desktop":{"background-color":"var(--ast-global-color-5)","background-image":"","background-repeat":"repeat","background-position":"center center","background-size":"auto","background-attachment":"scroll","background-type":"","background-media":"","overlay-type":"","overlay-color":"","overlay-opacity":"","overlay-gradient":""},"tablet":{"background-color":"var(--ast-global-color-5)","background-image":"","background-repeat":"repeat","background-position":"center center","background-size":"auto","background-attachment":"scroll","background-type":"","background-media":"","overlay-type":"","overlay-color":"","overlay-opacity":"","overlay-gradient":""},"mobile":{"background-color":"var(--ast-global-color-5)","background-image":"","background-repeat":"repeat","background-position":"center center","background-size":"auto","background-attachment":"scroll","background-type":"","background-media":"","overlay-type":"","overlay-color":"","overlay-opacity":"","overlay-gradient":""}},"_joinchat":[]},"product_brand":[],"product_cat":[388],"product_tag":[],"class_list":{"0":"post-4497","1":"product","2":"type-product","3":"status-publish","4":"has-post-thumbnail","6":"product_cat-aplicaciones-severas","7":"desktop-align-left","8":"tablet-align-left","9":"mobile-align-left","11":"first","12":"instock","13":"shipping-taxable","14":"product-type-simple"},"_links":{"self":[{"href":"https:\/\/vtec-automation.com\/index.php?rest_route=\/wp\/v2\/product\/4497","targetHints":{"allow":["GET"]}}],"collection":[{"href":"https:\/\/vtec-automation.com\/index.php?rest_route=\/wp\/v2\/product"}],"about":[{"href":"https:\/\/vtec-automation.com\/index.php?rest_route=\/wp\/v2\/types\/product"}],"version-history":[{"count":1,"href":"https:\/\/vtec-automation.com\/index.php?rest_route=\/wp\/v2\/product\/4497\/revisions"}],"predecessor-version":[{"id":4499,"href":"https:\/\/vtec-automation.com\/index.php?rest_route=\/wp\/v2\/product\/4497\/revisions\/4499"}],"wp:featuredmedia":[{"embeddable":true,"href":"https:\/\/vtec-automation.com\/index.php?rest_route=\/wp\/v2\/media\/4498"}],"wp:attachment":[{"href":"https:\/\/vtec-automation.com\/index.php?rest_route=%2Fwp%2Fv2%2Fmedia&parent=4497"}],"wp:term":[{"taxonomy":"product_brand","embeddable":true,"href":"https:\/\/vtec-automation.com\/index.php?rest_route=%2Fwp%2Fv2%2Fproduct_brand&post=4497"},{"taxonomy":"product_cat","embeddable":true,"href":"https:\/\/vtec-automation.com\/index.php?rest_route=%2Fwp%2Fv2%2Fproduct_cat&post=4497"},{"taxonomy":"product_tag","embeddable":true,"href":"https:\/\/vtec-automation.com\/index.php?rest_route=%2Fwp%2Fv2%2Fproduct_tag&post=4497"}],"curies":[{"name":"wp","href":"https:\/\/api.w.org\/{rel}","templated":true}]}}