{"id":4500,"date":"2024-07-24T18:45:14","date_gmt":"2024-07-24T18:45:14","guid":{"rendered":"https:\/\/vtec-automation.com\/?post_type=product&#038;p=4500"},"modified":"2024-07-24T18:47:20","modified_gmt":"2024-07-24T18:47:20","slug":"st-4-stacked-disc-anti-cavitation-trim","status":"publish","type":"product","link":"https:\/\/vtec-automation.com\/?product=st-4-stacked-disc-anti-cavitation-trim","title":{"rendered":"ST-4 Stacked Disc Anti Cavitation Trim"},"content":{"rendered":"<div id=\"fb-root\"><\/div>\n<p class=\"parrafo-small\">Se puede usar en servicio l\u00edquido, gaseoso o de doble fase. El dise\u00f1o ST-4 consiste en discos individuales mecanizados con canales conc\u00e9ntricos mecanizados para crear un camino tortuoso y apilados para crear un cilindro compacto. Luego, el cilindro se sujeta a la cavidad del cuerpo de una v\u00e1lvula de globo OpGL y funciona como retenedor del asiento<\/p>\n<p class=\"parrafo-small\">El flujo en este caso est\u00e1 debajo del tap\u00f3n y a medida que el fluido viaja desde el interior del cilindro a trav\u00e9s de ranuras irregulares, a trav\u00e9s de las cuales se ve obligado a realizar una serie de inmersiones y ascensos de 45 grados, o a trav\u00e9s de giros laber\u00ednticos de 90 grados. Simult\u00e1neamente, el tama\u00f1o de los canales aumenta permitiendo la expansi\u00f3n y reduciendo as\u00ed la presi\u00f3n en etapas.<\/p>\n<p class=\"parrafo-small\">Tolera Sigma tan bajo como 1.001<br \/>\nPuede ser caracterizado<br \/>\nReducci\u00f3n de ruido de hasta 30dBA<br \/>\nDise\u00f1ado a medida para la optimizaci\u00f3n y caracterizaci\u00f3n del flujo de acuerdo con los requisitos de la aplicaci\u00f3n, incluido el servicio sucio<\/p>\n","protected":false},"excerpt":{"rendered":"<p>El ajuste del disco apilado ST-4 es una soluci\u00f3n poderosa dise\u00f1ada para hacer frente a las ca\u00eddas de presi\u00f3n m\u00e1s severas al tiempo que reduce los niveles de sonido y elimina los efectos de la cavitaci\u00f3n.<\/p>\n","protected":false},"featured_media":4501,"template":"","meta":{"site-sidebar-layout":"default","site-content-layout":"","ast-site-content-layout":"default","site-content-style":"default","site-sidebar-style":"default","ast-global-header-display":"","ast-banner-title-visibility":"","ast-main-header-display":"","ast-hfb-above-header-display":"","ast-hfb-below-header-display":"","ast-hfb-mobile-header-display":"","site-post-title":"","ast-breadcrumbs-content":"","ast-featured-img":"","footer-sml-layout":"","ast-disable-related-posts":"","theme-transparent-header-meta":"default","adv-header-id-meta":"","stick-header-meta":"","header-above-stick-meta":"","header-main-stick-meta":"","header-below-stick-meta":"","astra-migrate-meta-layouts":"set","ast-page-background-enabled":"default","ast-page-background-meta":{"desktop":{"background-color":"var(--ast-global-color-4)","background-image":"","background-repeat":"repeat","background-position":"center center","background-size":"auto","background-attachment":"scroll","background-type":"","background-media":"","overlay-type":"","overlay-color":"","overlay-opacity":"","overlay-gradient":""},"tablet":{"background-color":"","background-image":"","background-repeat":"repeat","background-position":"center center","background-size":"auto","background-attachment":"scroll","background-type":"","background-media":"","overlay-type":"","overlay-color":"","overlay-opacity":"","overlay-gradient":""},"mobile":{"background-color":"","background-image":"","background-repeat":"repeat","background-position":"center center","background-size":"auto","background-attachment":"scroll","background-type":"","background-media":"","overlay-type":"","overlay-color":"","overlay-opacity":"","overlay-gradient":""}},"ast-content-background-meta":{"desktop":{"background-color":"var(--ast-global-color-5)","background-image":"","background-repeat":"repeat","background-position":"center center","background-size":"auto","background-attachment":"scroll","background-type":"","background-media":"","overlay-type":"","overlay-color":"","overlay-opacity":"","overlay-gradient":""},"tablet":{"background-color":"var(--ast-global-color-5)","background-image":"","background-repeat":"repeat","background-position":"center center","background-size":"auto","background-attachment":"scroll","background-type":"","background-media":"","overlay-type":"","overlay-color":"","overlay-opacity":"","overlay-gradient":""},"mobile":{"background-color":"var(--ast-global-color-5)","background-image":"","background-repeat":"repeat","background-position":"center center","background-size":"auto","background-attachment":"scroll","background-type":"","background-media":"","overlay-type":"","overlay-color":"","overlay-opacity":"","overlay-gradient":""}},"_joinchat":[]},"product_brand":[],"product_cat":[388],"product_tag":[],"class_list":{"0":"post-4500","1":"product","2":"type-product","3":"status-publish","4":"has-post-thumbnail","6":"product_cat-aplicaciones-severas","7":"desktop-align-left","8":"tablet-align-left","9":"mobile-align-left","11":"first","12":"instock","13":"shipping-taxable","14":"product-type-simple"},"_links":{"self":[{"href":"https:\/\/vtec-automation.com\/index.php?rest_route=\/wp\/v2\/product\/4500","targetHints":{"allow":["GET"]}}],"collection":[{"href":"https:\/\/vtec-automation.com\/index.php?rest_route=\/wp\/v2\/product"}],"about":[{"href":"https:\/\/vtec-automation.com\/index.php?rest_route=\/wp\/v2\/types\/product"}],"version-history":[{"count":1,"href":"https:\/\/vtec-automation.com\/index.php?rest_route=\/wp\/v2\/product\/4500\/revisions"}],"predecessor-version":[{"id":4502,"href":"https:\/\/vtec-automation.com\/index.php?rest_route=\/wp\/v2\/product\/4500\/revisions\/4502"}],"wp:featuredmedia":[{"embeddable":true,"href":"https:\/\/vtec-automation.com\/index.php?rest_route=\/wp\/v2\/media\/4501"}],"wp:attachment":[{"href":"https:\/\/vtec-automation.com\/index.php?rest_route=%2Fwp%2Fv2%2Fmedia&parent=4500"}],"wp:term":[{"taxonomy":"product_brand","embeddable":true,"href":"https:\/\/vtec-automation.com\/index.php?rest_route=%2Fwp%2Fv2%2Fproduct_brand&post=4500"},{"taxonomy":"product_cat","embeddable":true,"href":"https:\/\/vtec-automation.com\/index.php?rest_route=%2Fwp%2Fv2%2Fproduct_cat&post=4500"},{"taxonomy":"product_tag","embeddable":true,"href":"https:\/\/vtec-automation.com\/index.php?rest_route=%2Fwp%2Fv2%2Fproduct_tag&post=4500"}],"curies":[{"name":"wp","href":"https:\/\/api.w.org\/{rel}","templated":true}]}}