{"id":4550,"date":"2024-07-24T19:56:18","date_gmt":"2024-07-24T19:56:18","guid":{"rendered":"https:\/\/vtec-automation.com\/?post_type=product&#038;p=4550"},"modified":"2024-07-24T19:58:16","modified_gmt":"2024-07-24T19:58:16","slug":"ac500-proposito-general","status":"publish","type":"product","link":"https:\/\/vtec-automation.com\/?product=ac500-proposito-general","title":{"rendered":"AC500 Proposito General"},"content":{"rendered":"<div id=\"fb-root\"><\/div>\n<div>\n<ul>\n<li>Mediante una herramienta de ingenier\u00eda \u00fanica es posible realizar aplicaciones simples hasta las m\u00e1s complejas.<\/li>\n<\/ul>\n<\/div>\n<p class=\"header3\">Competitivas<\/p>\n<div>\n<ul>\n<li>La plataforma AC500 dispone de varias CPU, m\u00f3dulos de E\/S, m\u00f3dulos de comunicaci\u00f3n y accesorios, entre otros.<\/li>\n<li>La combinaci\u00f3n perfecta entre los diferentes tipos de m\u00f3dulos de E\/S y CPU permite adaptarse a los requisitos individuales de cada aplicaci\u00f3n y as\u00ed ofrecer una soluci\u00f3n competitiva.<\/li>\n<\/ul>\n<\/div>\n<p class=\"header3\">Flexibles<\/p>\n<div>\n<ul>\n<li>La plataforma AC500 ha sido dise\u00f1ada para ofrecer la facilidad necesaria, seguridad y fiabilidad para expandir el sistema de automatizaci\u00f3n a nuevos retos.<\/li>\n<li>La memoria, el rendimiento y las posibilidades de comunicaci\u00f3n significan mayor funcionalidad, visualizaci\u00f3n avanzada y m\u00e1s comodidad de operaci\u00f3n para obtener mejores soluciones para los clientes.<\/li>\n<\/ul>\n<\/div>\n","protected":false},"excerpt":{"rendered":"<p class=\"parrafo-small\">La gama de PLC AC500 proporciona una plataforma fiable y potente para dise\u00f1ar y crear soluciones de automatizaci\u00f3n escalables, flexibles y competitivas.<\/p>\n<div>\u00a0Escalables<\/div>\n<div>\n<ul>\n<li>La escalabilidad del PLC AC500 se logra ofreciendo una gran variedad de dispositivos para dise\u00f1ar e implementar configuraciones adecuadas para tareas de control sencillas o soluciones de automatizaci\u00f3n complejas.<\/li>\n<\/ul>\n<\/div>\n","protected":false},"featured_media":4551,"template":"","meta":{"site-sidebar-layout":"default","site-content-layout":"","ast-site-content-layout":"default","site-content-style":"default","site-sidebar-style":"default","ast-global-header-display":"","ast-banner-title-visibility":"","ast-main-header-display":"","ast-hfb-above-header-display":"","ast-hfb-below-header-display":"","ast-hfb-mobile-header-display":"","site-post-title":"","ast-breadcrumbs-content":"","ast-featured-img":"","footer-sml-layout":"","ast-disable-related-posts":"","theme-transparent-header-meta":"default","adv-header-id-meta":"","stick-header-meta":"","header-above-stick-meta":"","header-main-stick-meta":"","header-below-stick-meta":"","astra-migrate-meta-layouts":"set","ast-page-background-enabled":"default","ast-page-background-meta":{"desktop":{"background-color":"var(--ast-global-color-4)","background-image":"","background-repeat":"repeat","background-position":"center center","background-size":"auto","background-attachment":"scroll","background-type":"","background-media":"","overlay-type":"","overlay-color":"","overlay-opacity":"","overlay-gradient":""},"tablet":{"background-color":"","background-image":"","background-repeat":"repeat","background-position":"center center","background-size":"auto","background-attachment":"scroll","background-type":"","background-media":"","overlay-type":"","overlay-color":"","overlay-opacity":"","overlay-gradient":""},"mobile":{"background-color":"","background-image":"","background-repeat":"repeat","background-position":"center center","background-size":"auto","background-attachment":"scroll","background-type":"","background-media":"","overlay-type":"","overlay-color":"","overlay-opacity":"","overlay-gradient":""}},"ast-content-background-meta":{"desktop":{"background-color":"var(--ast-global-color-5)","background-image":"","background-repeat":"repeat","background-position":"center center","background-size":"auto","background-attachment":"scroll","background-type":"","background-media":"","overlay-type":"","overlay-color":"","overlay-opacity":"","overlay-gradient":""},"tablet":{"background-color":"var(--ast-global-color-5)","background-image":"","background-repeat":"repeat","background-position":"center center","background-size":"auto","background-attachment":"scroll","background-type":"","background-media":"","overlay-type":"","overlay-color":"","overlay-opacity":"","overlay-gradient":""},"mobile":{"background-color":"var(--ast-global-color-5)","background-image":"","background-repeat":"repeat","background-position":"center center","background-size":"auto","background-attachment":"scroll","background-type":"","background-media":"","overlay-type":"","overlay-color":"","overlay-opacity":"","overlay-gradient":""}},"_joinchat":[]},"product_brand":[],"product_cat":[391],"product_tag":[],"class_list":{"0":"post-4550","1":"product","2":"type-product","3":"status-publish","4":"has-post-thumbnail","6":"product_cat-abb","7":"desktop-align-left","8":"tablet-align-left","9":"mobile-align-left","11":"first","12":"instock","13":"shipping-taxable","14":"product-type-simple"},"_links":{"self":[{"href":"https:\/\/vtec-automation.com\/index.php?rest_route=\/wp\/v2\/product\/4550","targetHints":{"allow":["GET"]}}],"collection":[{"href":"https:\/\/vtec-automation.com\/index.php?rest_route=\/wp\/v2\/product"}],"about":[{"href":"https:\/\/vtec-automation.com\/index.php?rest_route=\/wp\/v2\/types\/product"}],"version-history":[{"count":1,"href":"https:\/\/vtec-automation.com\/index.php?rest_route=\/wp\/v2\/product\/4550\/revisions"}],"predecessor-version":[{"id":4552,"href":"https:\/\/vtec-automation.com\/index.php?rest_route=\/wp\/v2\/product\/4550\/revisions\/4552"}],"wp:featuredmedia":[{"embeddable":true,"href":"https:\/\/vtec-automation.com\/index.php?rest_route=\/wp\/v2\/media\/4551"}],"wp:attachment":[{"href":"https:\/\/vtec-automation.com\/index.php?rest_route=%2Fwp%2Fv2%2Fmedia&parent=4550"}],"wp:term":[{"taxonomy":"product_brand","embeddable":true,"href":"https:\/\/vtec-automation.com\/index.php?rest_route=%2Fwp%2Fv2%2Fproduct_brand&post=4550"},{"taxonomy":"product_cat","embeddable":true,"href":"https:\/\/vtec-automation.com\/index.php?rest_route=%2Fwp%2Fv2%2Fproduct_cat&post=4550"},{"taxonomy":"product_tag","embeddable":true,"href":"https:\/\/vtec-automation.com\/index.php?rest_route=%2Fwp%2Fv2%2Fproduct_tag&post=4550"}],"curies":[{"name":"wp","href":"https:\/\/api.w.org\/{rel}","templated":true}]}}