{"id":4553,"date":"2024-07-24T22:27:15","date_gmt":"2024-07-24T22:27:15","guid":{"rendered":"https:\/\/vtec-automation.com\/?post_type=product&#038;p=4553"},"modified":"2024-07-24T22:29:26","modified_gmt":"2024-07-24T22:29:26","slug":"ac500-eco","status":"publish","type":"product","link":"https:\/\/vtec-automation.com\/?product=ac500-eco","title":{"rendered":"AC500-ECO"},"content":{"rendered":"<div id=\"fb-root\"><\/div>\n<p class=\"header3\">Escalable<\/p>\n<div>\n<ul type=\"disc\">\n<li>La flexibilidad de la plataforma AC500 permite escalar hacia soluciones de mayor rendimiento cuando sea necesario.<\/li>\n<li>La gama AC500-eCo de ABB ha sido dise\u00f1ada para integrarse a la perfecci\u00f3n en la familia AC500, ofreci\u00e9ndole todos los beneficios de la plataforma AC500.<\/li>\n<li>El AC500-eCo permite ofrecer soluciones a medida usando m\u00f3dulos de E\/S S500 y S500-eCo.<\/li>\n<\/ul>\n<\/div>\n<p class=\"header3\">Uso f\u00e1cil<\/p>\n<div>\n<ul type=\"disc\">\n<li>El programa de usuario puede ser descargado desde una tarjeta SD est\u00e1ndar, sin necesidad de utilizar herramientas de programaci\u00f3n adicionales.<\/li>\n<li>CPU disponibles con E\/S integradas para aplicaciones sencillas.<\/li>\n<li>El precableado es posible mediante el uso de bloques de terminales que se pueden conectar\/desconectar.<\/li>\n<\/ul>\n<\/div>\n<p class=\"header3\">Flexible<\/p>\n<div>\n<ul type=\"disc\">\n<li>El AC500-eCo utiliza los m\u00f3dulos de E\/S S500 y S500-eCo, permitiendo adaptarse perfectamente a los requerimientos de cada aplicaci\u00f3n.<\/li>\n<\/ul>\n<\/div>\n","protected":false},"excerpt":{"rendered":"<p>El AC500-eCo de ABB es una gama de PLC escalable para ofrecer soluciones de automatizaci\u00f3n modernas y competitivas. Es la soluci\u00f3n ideal para aplicaciones peque\u00f1as y modernas.<\/p>\n","protected":false},"featured_media":4554,"template":"","meta":{"site-sidebar-layout":"default","site-content-layout":"","ast-site-content-layout":"default","site-content-style":"default","site-sidebar-style":"default","ast-global-header-display":"","ast-banner-title-visibility":"","ast-main-header-display":"","ast-hfb-above-header-display":"","ast-hfb-below-header-display":"","ast-hfb-mobile-header-display":"","site-post-title":"","ast-breadcrumbs-content":"","ast-featured-img":"","footer-sml-layout":"","ast-disable-related-posts":"","theme-transparent-header-meta":"default","adv-header-id-meta":"","stick-header-meta":"","header-above-stick-meta":"","header-main-stick-meta":"","header-below-stick-meta":"","astra-migrate-meta-layouts":"set","ast-page-background-enabled":"default","ast-page-background-meta":{"desktop":{"background-color":"var(--ast-global-color-4)","background-image":"","background-repeat":"repeat","background-position":"center center","background-size":"auto","background-attachment":"scroll","background-type":"","background-media":"","overlay-type":"","overlay-color":"","overlay-opacity":"","overlay-gradient":""},"tablet":{"background-color":"","background-image":"","background-repeat":"repeat","background-position":"center center","background-size":"auto","background-attachment":"scroll","background-type":"","background-media":"","overlay-type":"","overlay-color":"","overlay-opacity":"","overlay-gradient":""},"mobile":{"background-color":"","background-image":"","background-repeat":"repeat","background-position":"center center","background-size":"auto","background-attachment":"scroll","background-type":"","background-media":"","overlay-type":"","overlay-color":"","overlay-opacity":"","overlay-gradient":""}},"ast-content-background-meta":{"desktop":{"background-color":"var(--ast-global-color-5)","background-image":"","background-repeat":"repeat","background-position":"center center","background-size":"auto","background-attachment":"scroll","background-type":"","background-media":"","overlay-type":"","overlay-color":"","overlay-opacity":"","overlay-gradient":""},"tablet":{"background-color":"var(--ast-global-color-5)","background-image":"","background-repeat":"repeat","background-position":"center center","background-size":"auto","background-attachment":"scroll","background-type":"","background-media":"","overlay-type":"","overlay-color":"","overlay-opacity":"","overlay-gradient":""},"mobile":{"background-color":"var(--ast-global-color-5)","background-image":"","background-repeat":"repeat","background-position":"center center","background-size":"auto","background-attachment":"scroll","background-type":"","background-media":"","overlay-type":"","overlay-color":"","overlay-opacity":"","overlay-gradient":""}},"_joinchat":[]},"product_brand":[],"product_cat":[391],"product_tag":[],"class_list":{"0":"post-4553","1":"product","2":"type-product","3":"status-publish","4":"has-post-thumbnail","6":"product_cat-abb","7":"desktop-align-left","8":"tablet-align-left","9":"mobile-align-left","11":"first","12":"instock","13":"shipping-taxable","14":"product-type-simple"},"_links":{"self":[{"href":"https:\/\/vtec-automation.com\/index.php?rest_route=\/wp\/v2\/product\/4553","targetHints":{"allow":["GET"]}}],"collection":[{"href":"https:\/\/vtec-automation.com\/index.php?rest_route=\/wp\/v2\/product"}],"about":[{"href":"https:\/\/vtec-automation.com\/index.php?rest_route=\/wp\/v2\/types\/product"}],"version-history":[{"count":1,"href":"https:\/\/vtec-automation.com\/index.php?rest_route=\/wp\/v2\/product\/4553\/revisions"}],"predecessor-version":[{"id":4555,"href":"https:\/\/vtec-automation.com\/index.php?rest_route=\/wp\/v2\/product\/4553\/revisions\/4555"}],"wp:featuredmedia":[{"embeddable":true,"href":"https:\/\/vtec-automation.com\/index.php?rest_route=\/wp\/v2\/media\/4554"}],"wp:attachment":[{"href":"https:\/\/vtec-automation.com\/index.php?rest_route=%2Fwp%2Fv2%2Fmedia&parent=4553"}],"wp:term":[{"taxonomy":"product_brand","embeddable":true,"href":"https:\/\/vtec-automation.com\/index.php?rest_route=%2Fwp%2Fv2%2Fproduct_brand&post=4553"},{"taxonomy":"product_cat","embeddable":true,"href":"https:\/\/vtec-automation.com\/index.php?rest_route=%2Fwp%2Fv2%2Fproduct_cat&post=4553"},{"taxonomy":"product_tag","embeddable":true,"href":"https:\/\/vtec-automation.com\/index.php?rest_route=%2Fwp%2Fv2%2Fproduct_tag&post=4553"}],"curies":[{"name":"wp","href":"https:\/\/api.w.org\/{rel}","templated":true}]}}