{"id":4556,"date":"2024-07-24T22:30:42","date_gmt":"2024-07-24T22:30:42","guid":{"rendered":"https:\/\/vtec-automation.com\/?post_type=product&#038;p=4556"},"modified":"2024-07-24T22:32:36","modified_gmt":"2024-07-24T22:32:36","slug":"ac500-s-para-soluciones-de-falla-segura","status":"publish","type":"product","link":"https:\/\/vtec-automation.com\/?product=ac500-s-para-soluciones-de-falla-segura","title":{"rendered":"AC500-S Para soluciones de falla segura"},"content":{"rendered":"<div id=\"fb-root\"><\/div>\n<p class=\"header3\">Arquitecturas flexibles:<\/p>\n<p class=\"header3\">M\u00f3dulos de seguridad digitales e incluso anal\u00f3gicos (certificados por T\u00dcV) para expansi\u00f3n local y descentralizada mediante PROFINET con PROFIsafe.<\/p>\n<p class=\"header3\">Funcionalidades avanzadas:<\/p>\n<p class=\"header3\">Funciones integradas y listas para usar en operaciones trigonom\u00e9tricas como SIN, COS, TAN, ASIN, ACOS y LOG y obtener un control sencillo y seguro de m\u00e1quinas con cinem\u00e1tica compleja.<\/p>\n<p class=\"header3\">Potente programaci\u00f3n:<\/p>\n<p class=\"header3\">Posibilidad de utilizar el lenguaje de Texto Estructurado (ST),lenguaje de programaci\u00f3n del est\u00e1ndar IEC 61131-3, adem\u00e1s de los lenguajes de Diagrama de contactos (LD) y Diagrama de bloques funcionales (FBD)<\/p>\n<p class=\"header3\">Implementaci\u00f3n de c\u00e1lculos complejos y creaci\u00f3n de bibliotecas de usuario espec\u00edficas de una manera f\u00e1cil y r\u00e1pida.<\/p>\n<p class=\"header3\">Integraci\u00f3n completa:<\/p>\n<p class=\"header3\">Configuraci\u00f3n completa y programaci\u00f3n de la parte est\u00e1ndar y de seguridad a trav\u00e9s del mismo entorno de ingenier\u00eda, Control Builder Plus PS501, herramienta \u00fanica, completa y f\u00e1cil de usar para toda la plataforma AC500.<\/p>\n<p class=\"header3\">Soluciones est\u00e1ndares:<\/p>\n<p class=\"header3\">Librer\u00edas de seguridad basadas en PLCopen, con bloques funcionales de seguridad est\u00e1ndares, que contribuyen a reducir el tiempo y los costes de ingenier\u00eda.<\/p>\n<p class=\"header3\">Validaci\u00f3n f\u00e1cil:<\/p>\n<p class=\"header3\">La herramienta \u201cSafety Code Analyzer\u201d comprueba que la programaci\u00f3n de la parte de seguridad cumpla con las reglas de seguridad, minimiza los esfuerzos y reduce los costes de puesta en marcha y mantenimiento.<\/p>\n","protected":false},"excerpt":{"rendered":"<p>El PLC de seguridad AC500-S de ABB, basado en la plataforma de automatizaci\u00f3n AC500, es el equipo id\u00f3neo para aplicaciones que requieren seguridad tales como maquinaria (alimentaci\u00f3n y bebidas, pl\u00e1stico, madera, bancos de prueba), gr\u00faas, elevaci\u00f3n, turbinas e\u00f3licas, rob\u00f3tica y mucho m\u00e1s.<\/p>\n","protected":false},"featured_media":4557,"template":"","meta":{"site-sidebar-layout":"default","site-content-layout":"","ast-site-content-layout":"default","site-content-style":"default","site-sidebar-style":"default","ast-global-header-display":"","ast-banner-title-visibility":"","ast-main-header-display":"","ast-hfb-above-header-display":"","ast-hfb-below-header-display":"","ast-hfb-mobile-header-display":"","site-post-title":"","ast-breadcrumbs-content":"","ast-featured-img":"","footer-sml-layout":"","ast-disable-related-posts":"","theme-transparent-header-meta":"default","adv-header-id-meta":"","stick-header-meta":"","header-above-stick-meta":"","header-main-stick-meta":"","header-below-stick-meta":"","astra-migrate-meta-layouts":"set","ast-page-background-enabled":"default","ast-page-background-meta":{"desktop":{"background-color":"var(--ast-global-color-4)","background-image":"","background-repeat":"repeat","background-position":"center center","background-size":"auto","background-attachment":"scroll","background-type":"","background-media":"","overlay-type":"","overlay-color":"","overlay-opacity":"","overlay-gradient":""},"tablet":{"background-color":"","background-image":"","background-repeat":"repeat","background-position":"center center","background-size":"auto","background-attachment":"scroll","background-type":"","background-media":"","overlay-type":"","overlay-color":"","overlay-opacity":"","overlay-gradient":""},"mobile":{"background-color":"","background-image":"","background-repeat":"repeat","background-position":"center center","background-size":"auto","background-attachment":"scroll","background-type":"","background-media":"","overlay-type":"","overlay-color":"","overlay-opacity":"","overlay-gradient":""}},"ast-content-background-meta":{"desktop":{"background-color":"var(--ast-global-color-5)","background-image":"","background-repeat":"repeat","background-position":"center center","background-size":"auto","background-attachment":"scroll","background-type":"","background-media":"","overlay-type":"","overlay-color":"","overlay-opacity":"","overlay-gradient":""},"tablet":{"background-color":"var(--ast-global-color-5)","background-image":"","background-repeat":"repeat","background-position":"center center","background-size":"auto","background-attachment":"scroll","background-type":"","background-media":"","overlay-type":"","overlay-color":"","overlay-opacity":"","overlay-gradient":""},"mobile":{"background-color":"var(--ast-global-color-5)","background-image":"","background-repeat":"repeat","background-position":"center center","background-size":"auto","background-attachment":"scroll","background-type":"","background-media":"","overlay-type":"","overlay-color":"","overlay-opacity":"","overlay-gradient":""}},"_joinchat":[]},"product_brand":[],"product_cat":[391],"product_tag":[],"class_list":{"0":"post-4556","1":"product","2":"type-product","3":"status-publish","4":"has-post-thumbnail","6":"product_cat-abb","7":"desktop-align-left","8":"tablet-align-left","9":"mobile-align-left","11":"first","12":"instock","13":"shipping-taxable","14":"product-type-simple"},"_links":{"self":[{"href":"https:\/\/vtec-automation.com\/index.php?rest_route=\/wp\/v2\/product\/4556","targetHints":{"allow":["GET"]}}],"collection":[{"href":"https:\/\/vtec-automation.com\/index.php?rest_route=\/wp\/v2\/product"}],"about":[{"href":"https:\/\/vtec-automation.com\/index.php?rest_route=\/wp\/v2\/types\/product"}],"version-history":[{"count":1,"href":"https:\/\/vtec-automation.com\/index.php?rest_route=\/wp\/v2\/product\/4556\/revisions"}],"predecessor-version":[{"id":4558,"href":"https:\/\/vtec-automation.com\/index.php?rest_route=\/wp\/v2\/product\/4556\/revisions\/4558"}],"wp:featuredmedia":[{"embeddable":true,"href":"https:\/\/vtec-automation.com\/index.php?rest_route=\/wp\/v2\/media\/4557"}],"wp:attachment":[{"href":"https:\/\/vtec-automation.com\/index.php?rest_route=%2Fwp%2Fv2%2Fmedia&parent=4556"}],"wp:term":[{"taxonomy":"product_brand","embeddable":true,"href":"https:\/\/vtec-automation.com\/index.php?rest_route=%2Fwp%2Fv2%2Fproduct_brand&post=4556"},{"taxonomy":"product_cat","embeddable":true,"href":"https:\/\/vtec-automation.com\/index.php?rest_route=%2Fwp%2Fv2%2Fproduct_cat&post=4556"},{"taxonomy":"product_tag","embeddable":true,"href":"https:\/\/vtec-automation.com\/index.php?rest_route=%2Fwp%2Fv2%2Fproduct_tag&post=4556"}],"curies":[{"name":"wp","href":"https:\/\/api.w.org\/{rel}","templated":true}]}}