{"id":4623,"date":"2024-07-29T23:30:39","date_gmt":"2024-07-29T23:30:39","guid":{"rendered":"https:\/\/vtec-automation.com\/?post_type=product&#038;p=4623"},"modified":"2024-07-29T23:31:11","modified_gmt":"2024-07-29T23:31:11","slug":"version-tipo-lug","status":"publish","type":"product","link":"https:\/\/vtec-automation.com\/?product=version-tipo-lug","title":{"rendered":"Versi\u00f3n tipo Lug"},"content":{"rendered":"<div id=\"fb-root\"><\/div>\n","protected":false},"excerpt":{"rendered":"<p class=\"parrafo-small\">Versi\u00f3n lug adecuada para ser instalada entre bridas de acuerdo a la norma EN 558. Debido a su reducida distancia entre caras es una versi\u00f3n m\u00e1s econ\u00f3mica.<\/p>\n<p class=\"parrafo-small\"><strong>Especificaciones\u00a0<\/strong><\/p>\n<table>\n<tbody>\n<tr>\n<td>Di\u00e1metro nominal<\/td>\n<td>DN 50\u20131800, 2 \u201d-70\u201d y superior Largo<\/td>\n<\/tr>\n<tr>\n<td>Distancia entre caras<\/td>\n<td>EN 558 R16 (PN10 \u2013 PN63)<br \/>\nAPI 609 clase corta 150\u2013600<\/td>\n<\/tr>\n<tr>\n<td>Materiales<\/td>\n<td>Acero, acero inoxidable, materiales especiales (duplex, Inconel, bronce)<\/td>\n<\/tr>\n<tr>\n<td>Funci\u00f3n<\/td>\n<td>NC, NO, DA<\/td>\n<\/tr>\n<tr>\n<td>Rango de presi\u00f3n<\/td>\n<td>Presi\u00f3n corporal hasta 63 bar<br \/>\n\u2206p eje est\u00e1ndar 52 bar en ambas direcciones<\/td>\n<\/tr>\n<tr>\n<td>Tasa de fuga<\/td>\n<td>1 DIN 3230, A DIN EN 12266, BS 6364, a prueba de fuego, API 598, ANSI FCI 70-2 Clase VI<\/td>\n<\/tr>\n<tr>\n<td>Direcci\u00f3n de flujo<\/td>\n<td>bidireccional con la direcci\u00f3n preferida indicada en la v\u00e1lvula<\/td>\n<\/tr>\n<tr>\n<td>Temperatura de trabajo y ambiente<\/td>\n<td>Est\u00e1ndar \u201310 \u00b0 C a + 450 \u00b0 C<br \/>\nCon materiales especiales de \u2212270 \u00b0 C a + 800 \u00b0 C<\/td>\n<\/tr>\n<tr>\n<td>Aprobaciones<\/td>\n<td>PED, Fire safe, BAM, TA Luft, ATEX, SIL 3, etc.<\/td>\n<\/tr>\n<\/tbody>\n<\/table>\n","protected":false},"featured_media":4621,"template":"","meta":{"site-sidebar-layout":"default","site-content-layout":"","ast-site-content-layout":"default","site-content-style":"default","site-sidebar-style":"default","ast-global-header-display":"","ast-banner-title-visibility":"","ast-main-header-display":"","ast-hfb-above-header-display":"","ast-hfb-below-header-display":"","ast-hfb-mobile-header-display":"","site-post-title":"","ast-breadcrumbs-content":"","ast-featured-img":"","footer-sml-layout":"","ast-disable-related-posts":"","theme-transparent-header-meta":"default","adv-header-id-meta":"","stick-header-meta":"","header-above-stick-meta":"","header-main-stick-meta":"","header-below-stick-meta":"","astra-migrate-meta-layouts":"set","ast-page-background-enabled":"default","ast-page-background-meta":{"desktop":{"background-color":"var(--ast-global-color-4)","background-image":"","background-repeat":"repeat","background-position":"center center","background-size":"auto","background-attachment":"scroll","background-type":"","background-media":"","overlay-type":"","overlay-color":"","overlay-opacity":"","overlay-gradient":""},"tablet":{"background-color":"","background-image":"","background-repeat":"repeat","background-position":"center center","background-size":"auto","background-attachment":"scroll","background-type":"","background-media":"","overlay-type":"","overlay-color":"","overlay-opacity":"","overlay-gradient":""},"mobile":{"background-color":"","background-image":"","background-repeat":"repeat","background-position":"center center","background-size":"auto","background-attachment":"scroll","background-type":"","background-media":"","overlay-type":"","overlay-color":"","overlay-opacity":"","overlay-gradient":""}},"ast-content-background-meta":{"desktop":{"background-color":"var(--ast-global-color-5)","background-image":"","background-repeat":"repeat","background-position":"center center","background-size":"auto","background-attachment":"scroll","background-type":"","background-media":"","overlay-type":"","overlay-color":"","overlay-opacity":"","overlay-gradient":""},"tablet":{"background-color":"var(--ast-global-color-5)","background-image":"","background-repeat":"repeat","background-position":"center center","background-size":"auto","background-attachment":"scroll","background-type":"","background-media":"","overlay-type":"","overlay-color":"","overlay-opacity":"","overlay-gradient":""},"mobile":{"background-color":"var(--ast-global-color-5)","background-image":"","background-repeat":"repeat","background-position":"center center","background-size":"auto","background-attachment":"scroll","background-type":"","background-media":"","overlay-type":"","overlay-color":"","overlay-opacity":"","overlay-gradient":""}},"_joinchat":[]},"product_brand":[],"product_cat":[348],"product_tag":[],"class_list":{"0":"post-4623","1":"product","2":"type-product","3":"status-publish","4":"has-post-thumbnail","6":"product_cat-cvs-controls","7":"desktop-align-left","8":"tablet-align-left","9":"mobile-align-left","11":"first","12":"instock","13":"shipping-taxable","14":"product-type-simple"},"_links":{"self":[{"href":"https:\/\/vtec-automation.com\/index.php?rest_route=\/wp\/v2\/product\/4623","targetHints":{"allow":["GET"]}}],"collection":[{"href":"https:\/\/vtec-automation.com\/index.php?rest_route=\/wp\/v2\/product"}],"about":[{"href":"https:\/\/vtec-automation.com\/index.php?rest_route=\/wp\/v2\/types\/product"}],"version-history":[{"count":1,"href":"https:\/\/vtec-automation.com\/index.php?rest_route=\/wp\/v2\/product\/4623\/revisions"}],"predecessor-version":[{"id":4624,"href":"https:\/\/vtec-automation.com\/index.php?rest_route=\/wp\/v2\/product\/4623\/revisions\/4624"}],"wp:featuredmedia":[{"embeddable":true,"href":"https:\/\/vtec-automation.com\/index.php?rest_route=\/wp\/v2\/media\/4621"}],"wp:attachment":[{"href":"https:\/\/vtec-automation.com\/index.php?rest_route=%2Fwp%2Fv2%2Fmedia&parent=4623"}],"wp:term":[{"taxonomy":"product_brand","embeddable":true,"href":"https:\/\/vtec-automation.com\/index.php?rest_route=%2Fwp%2Fv2%2Fproduct_brand&post=4623"},{"taxonomy":"product_cat","embeddable":true,"href":"https:\/\/vtec-automation.com\/index.php?rest_route=%2Fwp%2Fv2%2Fproduct_cat&post=4623"},{"taxonomy":"product_tag","embeddable":true,"href":"https:\/\/vtec-automation.com\/index.php?rest_route=%2Fwp%2Fv2%2Fproduct_tag&post=4623"}],"curies":[{"name":"wp","href":"https:\/\/api.w.org\/{rel}","templated":true}]}}