{"id":4638,"date":"2024-07-29T23:47:35","date_gmt":"2024-07-29T23:47:35","guid":{"rendered":"https:\/\/vtec-automation.com\/?post_type=product&#038;p=4638"},"modified":"2024-07-29T23:49:21","modified_gmt":"2024-07-29T23:49:21","slug":"plug-excentrico","status":"publish","type":"product","link":"https:\/\/vtec-automation.com\/?product=plug-excentrico","title":{"rendered":"Plug Excentrico"},"content":{"rendered":"<div id=\"fb-root\"><\/div>\n<p class=\"parrafo-small\">El OpEXL es una alternativa robusta, ligera y econ\u00f3mica a las v\u00e1lvulas de control tipo globo. Est\u00e1 dise\u00f1ado para manejar c\u00f3modamente hasta 725 psi (50 bar), los rangos de temperatura de -150 grados F (-100 C) a 752 grados F (400 C), en tama\u00f1os de 1 \u00aba 14\u00bb y las clases ANSI 150 a 300.<\/p>\n<p class=\"parrafo-small\">Tiene una amplia capacidad de rango de 160: 1, que es mucho m\u00e1s alta que la mayor\u00eda de las v\u00e1lvulas de control de globo (50: 1), as\u00ed como la mayor\u00eda de las v\u00e1lvulas de mariposa (20: 1). Trimteck-Optimux OpEXL tiene tres ajustes disponibles para cada tama\u00f1o, que permiten a los usuarios centrarse en par\u00e1metros de control espec\u00edficos.<\/p>\n<p class=\"parrafo-small\">El dise\u00f1o del asiento en el que los tapones del asiento eliminan la fricci\u00f3n y reducen los efectos de los abrasivos, lo que hace que la v\u00e1lvula sea mucho m\u00e1s duradera en casi cualquier servicio.<\/p>\n<p class=\"parrafo-small\">160 a 1 Rangeability \/ Turndown<br \/>\nClase IV y VI disponibles<br \/>\nEje ISO est\u00e1ndar y almohadilla de montaje compatible con m\u00faltiples tipos de actuadores<\/p>\n","protected":false},"excerpt":{"rendered":"<p>Las v\u00e1lvulas de control de globo giratorio, las v\u00e1lvulas de tap\u00f3n exc\u00e9ntrico como OpEXL a veces se denominan, se han convertido en una opci\u00f3n aumentada, entre otras, su capacidad para manejar flujos altos, capacidad de rango superior, tama\u00f1o compacto y dise\u00f1o de sello de eje.<\/p>\n","protected":false},"featured_media":4639,"template":"","meta":{"site-sidebar-layout":"default","site-content-layout":"","ast-site-content-layout":"default","site-content-style":"default","site-sidebar-style":"default","ast-global-header-display":"","ast-banner-title-visibility":"","ast-main-header-display":"","ast-hfb-above-header-display":"","ast-hfb-below-header-display":"","ast-hfb-mobile-header-display":"","site-post-title":"","ast-breadcrumbs-content":"","ast-featured-img":"","footer-sml-layout":"","ast-disable-related-posts":"","theme-transparent-header-meta":"default","adv-header-id-meta":"","stick-header-meta":"","header-above-stick-meta":"","header-main-stick-meta":"","header-below-stick-meta":"","astra-migrate-meta-layouts":"set","ast-page-background-enabled":"default","ast-page-background-meta":{"desktop":{"background-color":"var(--ast-global-color-4)","background-image":"","background-repeat":"repeat","background-position":"center center","background-size":"auto","background-attachment":"scroll","background-type":"","background-media":"","overlay-type":"","overlay-color":"","overlay-opacity":"","overlay-gradient":""},"tablet":{"background-color":"","background-image":"","background-repeat":"repeat","background-position":"center center","background-size":"auto","background-attachment":"scroll","background-type":"","background-media":"","overlay-type":"","overlay-color":"","overlay-opacity":"","overlay-gradient":""},"mobile":{"background-color":"","background-image":"","background-repeat":"repeat","background-position":"center center","background-size":"auto","background-attachment":"scroll","background-type":"","background-media":"","overlay-type":"","overlay-color":"","overlay-opacity":"","overlay-gradient":""}},"ast-content-background-meta":{"desktop":{"background-color":"var(--ast-global-color-5)","background-image":"","background-repeat":"repeat","background-position":"center center","background-size":"auto","background-attachment":"scroll","background-type":"","background-media":"","overlay-type":"","overlay-color":"","overlay-opacity":"","overlay-gradient":""},"tablet":{"background-color":"var(--ast-global-color-5)","background-image":"","background-repeat":"repeat","background-position":"center center","background-size":"auto","background-attachment":"scroll","background-type":"","background-media":"","overlay-type":"","overlay-color":"","overlay-opacity":"","overlay-gradient":""},"mobile":{"background-color":"var(--ast-global-color-5)","background-image":"","background-repeat":"repeat","background-position":"center center","background-size":"auto","background-attachment":"scroll","background-type":"","background-media":"","overlay-type":"","overlay-color":"","overlay-opacity":"","overlay-gradient":""}},"_joinchat":[]},"product_brand":[],"product_cat":[348,386],"product_tag":[],"class_list":{"0":"post-4638","1":"product","2":"type-product","3":"status-publish","4":"has-post-thumbnail","6":"product_cat-cvs-controls","7":"product_cat-valvulas-y-actuadores","8":"desktop-align-left","9":"tablet-align-left","10":"mobile-align-left","12":"first","13":"instock","14":"shipping-taxable","15":"product-type-simple"},"_links":{"self":[{"href":"https:\/\/vtec-automation.com\/index.php?rest_route=\/wp\/v2\/product\/4638","targetHints":{"allow":["GET"]}}],"collection":[{"href":"https:\/\/vtec-automation.com\/index.php?rest_route=\/wp\/v2\/product"}],"about":[{"href":"https:\/\/vtec-automation.com\/index.php?rest_route=\/wp\/v2\/types\/product"}],"version-history":[{"count":1,"href":"https:\/\/vtec-automation.com\/index.php?rest_route=\/wp\/v2\/product\/4638\/revisions"}],"predecessor-version":[{"id":4640,"href":"https:\/\/vtec-automation.com\/index.php?rest_route=\/wp\/v2\/product\/4638\/revisions\/4640"}],"wp:featuredmedia":[{"embeddable":true,"href":"https:\/\/vtec-automation.com\/index.php?rest_route=\/wp\/v2\/media\/4639"}],"wp:attachment":[{"href":"https:\/\/vtec-automation.com\/index.php?rest_route=%2Fwp%2Fv2%2Fmedia&parent=4638"}],"wp:term":[{"taxonomy":"product_brand","embeddable":true,"href":"https:\/\/vtec-automation.com\/index.php?rest_route=%2Fwp%2Fv2%2Fproduct_brand&post=4638"},{"taxonomy":"product_cat","embeddable":true,"href":"https:\/\/vtec-automation.com\/index.php?rest_route=%2Fwp%2Fv2%2Fproduct_cat&post=4638"},{"taxonomy":"product_tag","embeddable":true,"href":"https:\/\/vtec-automation.com\/index.php?rest_route=%2Fwp%2Fv2%2Fproduct_tag&post=4638"}],"curies":[{"name":"wp","href":"https:\/\/api.w.org\/{rel}","templated":true}]}}