{"id":4644,"date":"2024-07-29T23:52:38","date_gmt":"2024-07-29T23:52:38","guid":{"rendered":"https:\/\/vtec-automation.com\/?post_type=product&#038;p=4644"},"modified":"2024-07-29T23:55:30","modified_gmt":"2024-07-29T23:55:30","slug":"tipo-globo","status":"publish","type":"product","link":"https:\/\/vtec-automation.com\/?product=tipo-globo","title":{"rendered":"Tipo Globo"},"content":{"rendered":"<div id=\"fb-root\"><\/div>\n<p class=\"parrafo-small\">Control preciso: amplio rango de control a trav\u00e9s de un tap\u00f3n de una sola pieza, guiado por la parte superior, desequilibrado, con caracterizaci\u00f3n de flujo integrada en la geometr\u00eda del cabezal del tap\u00f3n.<\/p>\n<p class=\"parrafo-small\">Cierre excepcional: cierre est\u00e1ndar ANSI Clase V de metal a metal en el proceso logrado con un dise\u00f1o \u00fanico de anillo de asiento y tap\u00f3n. ANSI Clase VI disponible en configuraci\u00f3n de asiento blando.<\/p>\n<p class=\"parrafo-small\">Actuador de pist\u00f3n de alto empuje: m\u00e1s preciso y m\u00e1s r\u00e1pido que los actuadores de diafragma, y ofrece una huella m\u00e1s peque\u00f1a y ligera, ideal para equipos de proceso montados sobre patines<\/p>\n<p class=\"parrafo-small\">Mantenimiento: el dise\u00f1o de entrada superior facilita el mantenimiento, a pesar de que la v\u00e1lvula tiene un ciclo MTBS mucho m\u00e1s largo que las v\u00e1lvulas accionadas por diafragma de la competencia.<\/p>\n<p class=\"parrafo-small\">Gama de configuraciones de ajuste: desde microflujos hasta ajustes de capacidad total, y todo lo dem\u00e1s, el OpGL puede dimensionarse para un control \u00f3ptimo de acuerdo con sus par\u00e1metros de proceso espec\u00edficos. Una l\u00ednea completa de anticavitaci\u00f3n y reducci\u00f3n de ruido disponibles.<\/p>\n","protected":false},"excerpt":{"rendered":"<p class=\"parrafo-small\">Las v\u00e1lvulas de control de globo Optimux OpGL son el producto estrella de Trimteck. El OpGL ha sido dise\u00f1ado para proporcionar un rendimiento superior al tiempo que permite un mantenimiento f\u00e1cil, r\u00e1pido y econ\u00f3mico. A diferencia de las v\u00e1lvulas de control accionadas por diafragma, el OpGL \u2122 accionado por cilindro de pist\u00f3n proporciona rigidez y mantiene una alta precisi\u00f3n de posicionamiento, lo que lo convierte en la v\u00e1lvula de respuesta m\u00e1s eficiente y precisa del mundo.<\/p>\n","protected":false},"featured_media":4645,"template":"","meta":{"site-sidebar-layout":"default","site-content-layout":"","ast-site-content-layout":"default","site-content-style":"default","site-sidebar-style":"default","ast-global-header-display":"","ast-banner-title-visibility":"","ast-main-header-display":"","ast-hfb-above-header-display":"","ast-hfb-below-header-display":"","ast-hfb-mobile-header-display":"","site-post-title":"","ast-breadcrumbs-content":"","ast-featured-img":"","footer-sml-layout":"","ast-disable-related-posts":"","theme-transparent-header-meta":"default","adv-header-id-meta":"","stick-header-meta":"","header-above-stick-meta":"","header-main-stick-meta":"","header-below-stick-meta":"","astra-migrate-meta-layouts":"set","ast-page-background-enabled":"default","ast-page-background-meta":{"desktop":{"background-color":"var(--ast-global-color-4)","background-image":"","background-repeat":"repeat","background-position":"center center","background-size":"auto","background-attachment":"scroll","background-type":"","background-media":"","overlay-type":"","overlay-color":"","overlay-opacity":"","overlay-gradient":""},"tablet":{"background-color":"","background-image":"","background-repeat":"repeat","background-position":"center center","background-size":"auto","background-attachment":"scroll","background-type":"","background-media":"","overlay-type":"","overlay-color":"","overlay-opacity":"","overlay-gradient":""},"mobile":{"background-color":"","background-image":"","background-repeat":"repeat","background-position":"center center","background-size":"auto","background-attachment":"scroll","background-type":"","background-media":"","overlay-type":"","overlay-color":"","overlay-opacity":"","overlay-gradient":""}},"ast-content-background-meta":{"desktop":{"background-color":"var(--ast-global-color-5)","background-image":"","background-repeat":"repeat","background-position":"center center","background-size":"auto","background-attachment":"scroll","background-type":"","background-media":"","overlay-type":"","overlay-color":"","overlay-opacity":"","overlay-gradient":""},"tablet":{"background-color":"var(--ast-global-color-5)","background-image":"","background-repeat":"repeat","background-position":"center center","background-size":"auto","background-attachment":"scroll","background-type":"","background-media":"","overlay-type":"","overlay-color":"","overlay-opacity":"","overlay-gradient":""},"mobile":{"background-color":"var(--ast-global-color-5)","background-image":"","background-repeat":"repeat","background-position":"center center","background-size":"auto","background-attachment":"scroll","background-type":"","background-media":"","overlay-type":"","overlay-color":"","overlay-opacity":"","overlay-gradient":""}},"_joinchat":[]},"product_brand":[],"product_cat":[348,386],"product_tag":[],"class_list":{"0":"post-4644","1":"product","2":"type-product","3":"status-publish","4":"has-post-thumbnail","6":"product_cat-cvs-controls","7":"product_cat-valvulas-y-actuadores","8":"desktop-align-left","9":"tablet-align-left","10":"mobile-align-left","12":"first","13":"instock","14":"shipping-taxable","15":"product-type-simple"},"_links":{"self":[{"href":"https:\/\/vtec-automation.com\/index.php?rest_route=\/wp\/v2\/product\/4644","targetHints":{"allow":["GET"]}}],"collection":[{"href":"https:\/\/vtec-automation.com\/index.php?rest_route=\/wp\/v2\/product"}],"about":[{"href":"https:\/\/vtec-automation.com\/index.php?rest_route=\/wp\/v2\/types\/product"}],"version-history":[{"count":1,"href":"https:\/\/vtec-automation.com\/index.php?rest_route=\/wp\/v2\/product\/4644\/revisions"}],"predecessor-version":[{"id":4646,"href":"https:\/\/vtec-automation.com\/index.php?rest_route=\/wp\/v2\/product\/4644\/revisions\/4646"}],"wp:featuredmedia":[{"embeddable":true,"href":"https:\/\/vtec-automation.com\/index.php?rest_route=\/wp\/v2\/media\/4645"}],"wp:attachment":[{"href":"https:\/\/vtec-automation.com\/index.php?rest_route=%2Fwp%2Fv2%2Fmedia&parent=4644"}],"wp:term":[{"taxonomy":"product_brand","embeddable":true,"href":"https:\/\/vtec-automation.com\/index.php?rest_route=%2Fwp%2Fv2%2Fproduct_brand&post=4644"},{"taxonomy":"product_cat","embeddable":true,"href":"https:\/\/vtec-automation.com\/index.php?rest_route=%2Fwp%2Fv2%2Fproduct_cat&post=4644"},{"taxonomy":"product_tag","embeddable":true,"href":"https:\/\/vtec-automation.com\/index.php?rest_route=%2Fwp%2Fv2%2Fproduct_tag&post=4644"}],"curies":[{"name":"wp","href":"https:\/\/api.w.org\/{rel}","templated":true}]}}