{"id":4650,"date":"2024-07-29T23:58:17","date_gmt":"2024-07-29T23:58:17","guid":{"rendered":"https:\/\/vtec-automation.com\/?post_type=product&#038;p=4650"},"modified":"2024-07-30T00:00:05","modified_gmt":"2024-07-30T00:00:05","slug":"posicionador-de-valvula-digital-de-corriente","status":"publish","type":"product","link":"https:\/\/vtec-automation.com\/?product=posicionador-de-valvula-digital-de-corriente","title":{"rendered":"Posicionador de v\u00e1lvula digital de corriente"},"content":{"rendered":"<div id=\"fb-root\"><\/div>\n<p class=\"parrafo-small\">El HPP4000 viene con un protocolo de comunicaci\u00f3n HART est\u00e1ndar, una se\u00f1al de retroalimentaci\u00f3n de 4-20 mA y una pantalla LCD que permite la programaci\u00f3n, la calibraci\u00f3n y la configuraci\u00f3n sin la necesidad de un comunicador HART.<br \/>\nAdem\u00e1s, la unidad incluye interruptores de l\u00edmite auxiliares, as\u00ed como tolerancia a la vibraci\u00f3n de hasta 6G a 5 a 400Hz.<\/p>\n<p class=\"parrafo-small\">Configuraci\u00f3n autom\u00e1tica y calibraci\u00f3n: durante este ciclo, el HPP4000 reconoce y almacena en su memoria los par\u00e1metros clave de rendimiento de la v\u00e1lvula en la que est\u00e1 instalado.<\/p>\n<p class=\"parrafo-small\">\nFlexibilidad: disponible para modelos de v\u00e1lvulas de control lineales y rotativas con kits de montaje y conexi\u00f3n para la mayor\u00eda de los principales fabricantes.<br \/>\nFiabilidad: el cierre herm\u00e9tico y las funciones de apertura total garantizan un sellado positivo.<br \/>\nCaracter\u00edsticas de flujo m\u00faltiple: se puede configurar para apertura lineal, igual porcentaje y r\u00e1pida<\/p>\n","protected":false},"excerpt":{"rendered":"<p class=\"parrafo-small\">El HPP4000 es un posicionador de v\u00e1lvula digital de corriente a neum\u00e1tico equipado con microprocesador a prueba de explosi\u00f3n. Muchas de las caracter\u00edsticas est\u00e1ndar que se ofrecen en este dispositivo confiable y preciso son complementos tradicionalmente opcionales en los productos de otros fabricantes.<\/p>\n","protected":false},"featured_media":4651,"template":"","meta":{"site-sidebar-layout":"default","site-content-layout":"","ast-site-content-layout":"default","site-content-style":"default","site-sidebar-style":"default","ast-global-header-display":"","ast-banner-title-visibility":"","ast-main-header-display":"","ast-hfb-above-header-display":"","ast-hfb-below-header-display":"","ast-hfb-mobile-header-display":"","site-post-title":"","ast-breadcrumbs-content":"","ast-featured-img":"","footer-sml-layout":"","ast-disable-related-posts":"","theme-transparent-header-meta":"default","adv-header-id-meta":"","stick-header-meta":"","header-above-stick-meta":"","header-main-stick-meta":"","header-below-stick-meta":"","astra-migrate-meta-layouts":"set","ast-page-background-enabled":"default","ast-page-background-meta":{"desktop":{"background-color":"var(--ast-global-color-4)","background-image":"","background-repeat":"repeat","background-position":"center center","background-size":"auto","background-attachment":"scroll","background-type":"","background-media":"","overlay-type":"","overlay-color":"","overlay-opacity":"","overlay-gradient":""},"tablet":{"background-color":"","background-image":"","background-repeat":"repeat","background-position":"center center","background-size":"auto","background-attachment":"scroll","background-type":"","background-media":"","overlay-type":"","overlay-color":"","overlay-opacity":"","overlay-gradient":""},"mobile":{"background-color":"","background-image":"","background-repeat":"repeat","background-position":"center center","background-size":"auto","background-attachment":"scroll","background-type":"","background-media":"","overlay-type":"","overlay-color":"","overlay-opacity":"","overlay-gradient":""}},"ast-content-background-meta":{"desktop":{"background-color":"var(--ast-global-color-5)","background-image":"","background-repeat":"repeat","background-position":"center center","background-size":"auto","background-attachment":"scroll","background-type":"","background-media":"","overlay-type":"","overlay-color":"","overlay-opacity":"","overlay-gradient":""},"tablet":{"background-color":"var(--ast-global-color-5)","background-image":"","background-repeat":"repeat","background-position":"center center","background-size":"auto","background-attachment":"scroll","background-type":"","background-media":"","overlay-type":"","overlay-color":"","overlay-opacity":"","overlay-gradient":""},"mobile":{"background-color":"var(--ast-global-color-5)","background-image":"","background-repeat":"repeat","background-position":"center center","background-size":"auto","background-attachment":"scroll","background-type":"","background-media":"","overlay-type":"","overlay-color":"","overlay-opacity":"","overlay-gradient":""}},"_joinchat":[]},"product_brand":[],"product_cat":[348,386],"product_tag":[],"class_list":{"0":"post-4650","1":"product","2":"type-product","3":"status-publish","4":"has-post-thumbnail","6":"product_cat-cvs-controls","7":"product_cat-valvulas-y-actuadores","8":"desktop-align-left","9":"tablet-align-left","10":"mobile-align-left","12":"first","13":"instock","14":"shipping-taxable","15":"product-type-simple"},"_links":{"self":[{"href":"https:\/\/vtec-automation.com\/index.php?rest_route=\/wp\/v2\/product\/4650","targetHints":{"allow":["GET"]}}],"collection":[{"href":"https:\/\/vtec-automation.com\/index.php?rest_route=\/wp\/v2\/product"}],"about":[{"href":"https:\/\/vtec-automation.com\/index.php?rest_route=\/wp\/v2\/types\/product"}],"version-history":[{"count":1,"href":"https:\/\/vtec-automation.com\/index.php?rest_route=\/wp\/v2\/product\/4650\/revisions"}],"predecessor-version":[{"id":4652,"href":"https:\/\/vtec-automation.com\/index.php?rest_route=\/wp\/v2\/product\/4650\/revisions\/4652"}],"wp:featuredmedia":[{"embeddable":true,"href":"https:\/\/vtec-automation.com\/index.php?rest_route=\/wp\/v2\/media\/4651"}],"wp:attachment":[{"href":"https:\/\/vtec-automation.com\/index.php?rest_route=%2Fwp%2Fv2%2Fmedia&parent=4650"}],"wp:term":[{"taxonomy":"product_brand","embeddable":true,"href":"https:\/\/vtec-automation.com\/index.php?rest_route=%2Fwp%2Fv2%2Fproduct_brand&post=4650"},{"taxonomy":"product_cat","embeddable":true,"href":"https:\/\/vtec-automation.com\/index.php?rest_route=%2Fwp%2Fv2%2Fproduct_cat&post=4650"},{"taxonomy":"product_tag","embeddable":true,"href":"https:\/\/vtec-automation.com\/index.php?rest_route=%2Fwp%2Fv2%2Fproduct_tag&post=4650"}],"curies":[{"name":"wp","href":"https:\/\/api.w.org\/{rel}","templated":true}]}}