{"id":4699,"date":"2024-07-30T01:32:06","date_gmt":"2024-07-30T01:32:06","guid":{"rendered":"https:\/\/vtec-automation.com\/?post_type=product&#038;p=4699"},"modified":"2024-07-30T03:36:58","modified_gmt":"2024-07-30T03:36:58","slug":"interruptor-y-transmisor-electronico-de-la-serie-one","status":"publish","type":"product","link":"https:\/\/vtec-automation.com\/?product=interruptor-y-transmisor-electronico-de-la-serie-one","title":{"rendered":"Interruptor y transmisor electr\u00f3nico de la serie One"},"content":{"rendered":"<div id=\"fb-root\"><\/div>\n<ul>\n<li><span>Actualice los sistemas heredados y reduzca los costos y el mantenimiento de dispositivos, cableado y programaci\u00f3n al reemplazar un interruptor mec\u00e1nico, un medidor y un transmisor con un solo dispositivo.<\/span><\/li>\n<li><span>Reducir m\u00faltiples v\u00edas de fuga potenciales con un solo dispositivo<\/span><\/li>\n<li><span>Controle con precisi\u00f3n las aplicaciones de proceso utilizando un punto de ajuste y una banda muerta totalmente ajustables, al mismo tiempo que minimiza los disparos molestos utilizando funciones avanzadas como el filtrado de disparos y el retardo de disparo.<\/span><\/li>\n<li><span>Detecte fallas de One Series antes de que se conviertan en problemas de monitoreo de procesos utilizando autodiagn\u00f3sticos patentados de IAW<\/span><\/li>\n<li><span>Elimine las se\u00f1ales de \u00abcero vivo\u00bb causadas por puertos de presi\u00f3n bloqueados o v\u00e1lvulas de aislamiento cerradas durante el mantenimiento mediante la detecci\u00f3n de puerto de tap\u00f3n<\/span><\/li>\n<\/ul>\n","protected":false},"excerpt":{"rendered":"<p>La serie ONE es un dispositivo multifuncional (interruptor, medidor y transmisor) que se instala a trav\u00e9s de una \u00fanica conexi\u00f3n de proceso y utiliza el cableado existente, lo que reduce el costo de instalaci\u00f3n. El autodiagn\u00f3stico patentado IAW\u00ae (I Am Working) comunica continuamente su estado de salud y aumenta la eficiencia operativa y de mantenimiento.<\/p>\n","protected":false},"featured_media":4700,"template":"","meta":{"site-sidebar-layout":"default","site-content-layout":"","ast-site-content-layout":"default","site-content-style":"default","site-sidebar-style":"default","ast-global-header-display":"","ast-banner-title-visibility":"","ast-main-header-display":"","ast-hfb-above-header-display":"","ast-hfb-below-header-display":"","ast-hfb-mobile-header-display":"","site-post-title":"","ast-breadcrumbs-content":"","ast-featured-img":"","footer-sml-layout":"","ast-disable-related-posts":"","theme-transparent-header-meta":"default","adv-header-id-meta":"","stick-header-meta":"","header-above-stick-meta":"","header-main-stick-meta":"","header-below-stick-meta":"","astra-migrate-meta-layouts":"set","ast-page-background-enabled":"default","ast-page-background-meta":{"desktop":{"background-color":"var(--ast-global-color-4)","background-image":"","background-repeat":"repeat","background-position":"center center","background-size":"auto","background-attachment":"scroll","background-type":"","background-media":"","overlay-type":"","overlay-color":"","overlay-opacity":"","overlay-gradient":""},"tablet":{"background-color":"","background-image":"","background-repeat":"repeat","background-position":"center center","background-size":"auto","background-attachment":"scroll","background-type":"","background-media":"","overlay-type":"","overlay-color":"","overlay-opacity":"","overlay-gradient":""},"mobile":{"background-color":"","background-image":"","background-repeat":"repeat","background-position":"center center","background-size":"auto","background-attachment":"scroll","background-type":"","background-media":"","overlay-type":"","overlay-color":"","overlay-opacity":"","overlay-gradient":""}},"ast-content-background-meta":{"desktop":{"background-color":"var(--ast-global-color-5)","background-image":"","background-repeat":"repeat","background-position":"center center","background-size":"auto","background-attachment":"scroll","background-type":"","background-media":"","overlay-type":"","overlay-color":"","overlay-opacity":"","overlay-gradient":""},"tablet":{"background-color":"var(--ast-global-color-5)","background-image":"","background-repeat":"repeat","background-position":"center center","background-size":"auto","background-attachment":"scroll","background-type":"","background-media":"","overlay-type":"","overlay-color":"","overlay-opacity":"","overlay-gradient":""},"mobile":{"background-color":"var(--ast-global-color-5)","background-image":"","background-repeat":"repeat","background-position":"center center","background-size":"auto","background-attachment":"scroll","background-type":"","background-media":"","overlay-type":"","overlay-color":"","overlay-opacity":"","overlay-gradient":""}},"_joinchat":[]},"product_brand":[],"product_cat":[374],"product_tag":[],"class_list":{"0":"post-4699","1":"product","2":"type-product","3":"status-publish","4":"has-post-thumbnail","6":"product_cat-presion","7":"desktop-align-left","8":"tablet-align-left","9":"mobile-align-left","11":"first","12":"instock","13":"shipping-taxable","14":"product-type-simple"},"_links":{"self":[{"href":"https:\/\/vtec-automation.com\/index.php?rest_route=\/wp\/v2\/product\/4699","targetHints":{"allow":["GET"]}}],"collection":[{"href":"https:\/\/vtec-automation.com\/index.php?rest_route=\/wp\/v2\/product"}],"about":[{"href":"https:\/\/vtec-automation.com\/index.php?rest_route=\/wp\/v2\/types\/product"}],"version-history":[{"count":1,"href":"https:\/\/vtec-automation.com\/index.php?rest_route=\/wp\/v2\/product\/4699\/revisions"}],"predecessor-version":[{"id":4701,"href":"https:\/\/vtec-automation.com\/index.php?rest_route=\/wp\/v2\/product\/4699\/revisions\/4701"}],"wp:featuredmedia":[{"embeddable":true,"href":"https:\/\/vtec-automation.com\/index.php?rest_route=\/wp\/v2\/media\/4700"}],"wp:attachment":[{"href":"https:\/\/vtec-automation.com\/index.php?rest_route=%2Fwp%2Fv2%2Fmedia&parent=4699"}],"wp:term":[{"taxonomy":"product_brand","embeddable":true,"href":"https:\/\/vtec-automation.com\/index.php?rest_route=%2Fwp%2Fv2%2Fproduct_brand&post=4699"},{"taxonomy":"product_cat","embeddable":true,"href":"https:\/\/vtec-automation.com\/index.php?rest_route=%2Fwp%2Fv2%2Fproduct_cat&post=4699"},{"taxonomy":"product_tag","embeddable":true,"href":"https:\/\/vtec-automation.com\/index.php?rest_route=%2Fwp%2Fv2%2Fproduct_tag&post=4699"}],"curies":[{"name":"wp","href":"https:\/\/api.w.org\/{rel}","templated":true}]}}