{"id":4708,"date":"2024-07-30T03:45:15","date_gmt":"2024-07-30T03:45:15","guid":{"rendered":"https:\/\/vtec-automation.com\/?post_type=product&#038;p=4708"},"modified":"2024-07-30T03:47:50","modified_gmt":"2024-07-30T03:47:50","slug":"interruptor-electronico-de-presion-y-temperatura-excela","status":"publish","type":"product","link":"https:\/\/vtec-automation.com\/?product=interruptor-electronico-de-presion-y-temperatura-excela","title":{"rendered":"Interruptor electr\u00f3nico de presi\u00f3n y temperatura Excela\u2122"},"content":{"rendered":"<div id=\"fb-root\"><\/div>\n<ul>\n<li><span>Optimice la configuraci\u00f3n de control para mejorar el rendimiento de los activos a trav\u00e9s de un punto de ajuste y una banda muerta totalmente ajustables; a los que se accede a trav\u00e9s del men\u00fa f\u00e1cil de programar de Excela<\/span><\/li>\n<li><span>Actualizaci\u00f3n\/reemplazo r\u00e1pido y sencillo de interruptores y medidores electromec\u00e1nicos con un solo dispositivo y utilizando el cableado existente<\/span><\/li>\n<li><span>Minimice los viajes molestos utilizando funciones avanzadas como el filtrado de viajes y el retraso de viajes.<\/span><\/li>\n<li><span>Estado visual del funcionamiento del interruptor desde una gran pantalla LCD y luces indicadoras LED rojas y verdes<\/span><\/li>\n<li><span>Dise\u00f1o patentado<\/span><\/li>\n<\/ul>\n","protected":false},"excerpt":{"rendered":"<p>El interruptor electr\u00f3nico Excela est\u00e1 dise\u00f1ado para instalarse tan f\u00e1cilmente como un interruptor electromec\u00e1nico utilizando el mismo cableado. Es un interruptor inteligente con diagn\u00f3sticos e indicaci\u00f3n de estado LED para que los operadores puedan gastar menos mano de obra, tiempo y dinero en mantenimiento sabiendo que Excela siempre est\u00e1 listo. El control preciso a trav\u00e9s de un punto de ajuste y una banda muerta 100% ajustables se logra mediante un men\u00fa de programaci\u00f3n simple que se puede proteger con contrase\u00f1a.<\/p>\n","protected":false},"featured_media":4709,"template":"","meta":{"site-sidebar-layout":"default","site-content-layout":"","ast-site-content-layout":"default","site-content-style":"default","site-sidebar-style":"default","ast-global-header-display":"","ast-banner-title-visibility":"","ast-main-header-display":"","ast-hfb-above-header-display":"","ast-hfb-below-header-display":"","ast-hfb-mobile-header-display":"","site-post-title":"","ast-breadcrumbs-content":"","ast-featured-img":"","footer-sml-layout":"","ast-disable-related-posts":"","theme-transparent-header-meta":"default","adv-header-id-meta":"","stick-header-meta":"","header-above-stick-meta":"","header-main-stick-meta":"","header-below-stick-meta":"","astra-migrate-meta-layouts":"set","ast-page-background-enabled":"default","ast-page-background-meta":{"desktop":{"background-color":"var(--ast-global-color-4)","background-image":"","background-repeat":"repeat","background-position":"center center","background-size":"auto","background-attachment":"scroll","background-type":"","background-media":"","overlay-type":"","overlay-color":"","overlay-opacity":"","overlay-gradient":""},"tablet":{"background-color":"","background-image":"","background-repeat":"repeat","background-position":"center center","background-size":"auto","background-attachment":"scroll","background-type":"","background-media":"","overlay-type":"","overlay-color":"","overlay-opacity":"","overlay-gradient":""},"mobile":{"background-color":"","background-image":"","background-repeat":"repeat","background-position":"center center","background-size":"auto","background-attachment":"scroll","background-type":"","background-media":"","overlay-type":"","overlay-color":"","overlay-opacity":"","overlay-gradient":""}},"ast-content-background-meta":{"desktop":{"background-color":"var(--ast-global-color-5)","background-image":"","background-repeat":"repeat","background-position":"center center","background-size":"auto","background-attachment":"scroll","background-type":"","background-media":"","overlay-type":"","overlay-color":"","overlay-opacity":"","overlay-gradient":""},"tablet":{"background-color":"var(--ast-global-color-5)","background-image":"","background-repeat":"repeat","background-position":"center center","background-size":"auto","background-attachment":"scroll","background-type":"","background-media":"","overlay-type":"","overlay-color":"","overlay-opacity":"","overlay-gradient":""},"mobile":{"background-color":"var(--ast-global-color-5)","background-image":"","background-repeat":"repeat","background-position":"center center","background-size":"auto","background-attachment":"scroll","background-type":"","background-media":"","overlay-type":"","overlay-color":"","overlay-opacity":"","overlay-gradient":""}},"_joinchat":[]},"product_brand":[],"product_cat":[374],"product_tag":[],"class_list":{"0":"post-4708","1":"product","2":"type-product","3":"status-publish","4":"has-post-thumbnail","6":"product_cat-presion","7":"desktop-align-left","8":"tablet-align-left","9":"mobile-align-left","11":"first","12":"instock","13":"shipping-taxable","14":"product-type-simple"},"_links":{"self":[{"href":"https:\/\/vtec-automation.com\/index.php?rest_route=\/wp\/v2\/product\/4708","targetHints":{"allow":["GET"]}}],"collection":[{"href":"https:\/\/vtec-automation.com\/index.php?rest_route=\/wp\/v2\/product"}],"about":[{"href":"https:\/\/vtec-automation.com\/index.php?rest_route=\/wp\/v2\/types\/product"}],"version-history":[{"count":1,"href":"https:\/\/vtec-automation.com\/index.php?rest_route=\/wp\/v2\/product\/4708\/revisions"}],"predecessor-version":[{"id":4710,"href":"https:\/\/vtec-automation.com\/index.php?rest_route=\/wp\/v2\/product\/4708\/revisions\/4710"}],"wp:featuredmedia":[{"embeddable":true,"href":"https:\/\/vtec-automation.com\/index.php?rest_route=\/wp\/v2\/media\/4709"}],"wp:attachment":[{"href":"https:\/\/vtec-automation.com\/index.php?rest_route=%2Fwp%2Fv2%2Fmedia&parent=4708"}],"wp:term":[{"taxonomy":"product_brand","embeddable":true,"href":"https:\/\/vtec-automation.com\/index.php?rest_route=%2Fwp%2Fv2%2Fproduct_brand&post=4708"},{"taxonomy":"product_cat","embeddable":true,"href":"https:\/\/vtec-automation.com\/index.php?rest_route=%2Fwp%2Fv2%2Fproduct_cat&post=4708"},{"taxonomy":"product_tag","embeddable":true,"href":"https:\/\/vtec-automation.com\/index.php?rest_route=%2Fwp%2Fv2%2Fproduct_tag&post=4708"}],"curies":[{"name":"wp","href":"https:\/\/api.w.org\/{rel}","templated":true}]}}