{"id":4711,"date":"2024-07-30T03:49:24","date_gmt":"2024-07-30T03:49:24","guid":{"rendered":"https:\/\/vtec-automation.com\/?post_type=product&#038;p=4711"},"modified":"2024-07-30T03:50:41","modified_gmt":"2024-07-30T03:50:41","slug":"interruptor-de-presion-y-temperatura-serie-12","status":"publish","type":"product","link":"https:\/\/vtec-automation.com\/?product=interruptor-de-presion-y-temperatura-serie-12","title":{"rendered":"Interruptor de presi\u00f3n y temperatura serie 12"},"content":{"rendered":"<div id=\"fb-root\"><\/div>\n<ul>\n<li><span><span>El dise\u00f1o compacto y cil\u00edndrico proporciona flexibilidad de instalaci\u00f3n para equipos de proceso o paneles de control.<\/span><\/span><\/li>\n<li><span><span>El conjunto de sensor de disco Belleville de acci\u00f3n r\u00e1pida es resistente a la vibraci\u00f3n, reduce los disparos falsos y mejora la estabilidad del punto de ajuste.<\/span><\/span><\/li>\n<li><span><span>El interruptor herm\u00e9ticamente sellado proporciona un sello secundario para el sellado del proceso entre el sistema el\u00e9ctrico y los medios del proceso, certificado seg\u00fan ANSI\/ISA 12.27.01<\/span><\/span><\/li>\n<li><span><span>Construcci\u00f3n de acero inoxidable 316 resistente a la corrosi\u00f3n y modelos NACE MR0175 para entornos hostiles<\/span><\/span><\/li>\n<\/ul>\n","protected":false},"excerpt":{"rendered":"<p>La Serie 12 ofrece a los usuarios finales de procesos y a los fabricantes de equipos originales (OEM) seguridad y confiabilidad de control en un dise\u00f1o compacto y resistente para aplicaciones de alarma y apagado de emergencia. Est\u00e1 certificada seg\u00fan los requisitos de ANSI\/ISA 12.27.01 y NFPA 70 que enfatizan la importancia de sellar adecuadamente los equipos el\u00e9ctricos para evitar que los medios de proceso ingresen al sistema de conductos el\u00e9ctricos, sin necesidad de componentes ni mano de obra adicionales.<\/p>\n","protected":false},"featured_media":4712,"template":"","meta":{"site-sidebar-layout":"default","site-content-layout":"","ast-site-content-layout":"default","site-content-style":"default","site-sidebar-style":"default","ast-global-header-display":"","ast-banner-title-visibility":"","ast-main-header-display":"","ast-hfb-above-header-display":"","ast-hfb-below-header-display":"","ast-hfb-mobile-header-display":"","site-post-title":"","ast-breadcrumbs-content":"","ast-featured-img":"","footer-sml-layout":"","ast-disable-related-posts":"","theme-transparent-header-meta":"default","adv-header-id-meta":"","stick-header-meta":"","header-above-stick-meta":"","header-main-stick-meta":"","header-below-stick-meta":"","astra-migrate-meta-layouts":"set","ast-page-background-enabled":"default","ast-page-background-meta":{"desktop":{"background-color":"var(--ast-global-color-4)","background-image":"","background-repeat":"repeat","background-position":"center center","background-size":"auto","background-attachment":"scroll","background-type":"","background-media":"","overlay-type":"","overlay-color":"","overlay-opacity":"","overlay-gradient":""},"tablet":{"background-color":"","background-image":"","background-repeat":"repeat","background-position":"center center","background-size":"auto","background-attachment":"scroll","background-type":"","background-media":"","overlay-type":"","overlay-color":"","overlay-opacity":"","overlay-gradient":""},"mobile":{"background-color":"","background-image":"","background-repeat":"repeat","background-position":"center center","background-size":"auto","background-attachment":"scroll","background-type":"","background-media":"","overlay-type":"","overlay-color":"","overlay-opacity":"","overlay-gradient":""}},"ast-content-background-meta":{"desktop":{"background-color":"var(--ast-global-color-5)","background-image":"","background-repeat":"repeat","background-position":"center center","background-size":"auto","background-attachment":"scroll","background-type":"","background-media":"","overlay-type":"","overlay-color":"","overlay-opacity":"","overlay-gradient":""},"tablet":{"background-color":"var(--ast-global-color-5)","background-image":"","background-repeat":"repeat","background-position":"center center","background-size":"auto","background-attachment":"scroll","background-type":"","background-media":"","overlay-type":"","overlay-color":"","overlay-opacity":"","overlay-gradient":""},"mobile":{"background-color":"var(--ast-global-color-5)","background-image":"","background-repeat":"repeat","background-position":"center center","background-size":"auto","background-attachment":"scroll","background-type":"","background-media":"","overlay-type":"","overlay-color":"","overlay-opacity":"","overlay-gradient":""}},"_joinchat":[]},"product_brand":[],"product_cat":[374],"product_tag":[],"class_list":{"0":"post-4711","1":"product","2":"type-product","3":"status-publish","4":"has-post-thumbnail","6":"product_cat-presion","7":"desktop-align-left","8":"tablet-align-left","9":"mobile-align-left","11":"first","12":"instock","13":"shipping-taxable","14":"product-type-simple"},"_links":{"self":[{"href":"https:\/\/vtec-automation.com\/index.php?rest_route=\/wp\/v2\/product\/4711","targetHints":{"allow":["GET"]}}],"collection":[{"href":"https:\/\/vtec-automation.com\/index.php?rest_route=\/wp\/v2\/product"}],"about":[{"href":"https:\/\/vtec-automation.com\/index.php?rest_route=\/wp\/v2\/types\/product"}],"version-history":[{"count":1,"href":"https:\/\/vtec-automation.com\/index.php?rest_route=\/wp\/v2\/product\/4711\/revisions"}],"predecessor-version":[{"id":4713,"href":"https:\/\/vtec-automation.com\/index.php?rest_route=\/wp\/v2\/product\/4711\/revisions\/4713"}],"wp:featuredmedia":[{"embeddable":true,"href":"https:\/\/vtec-automation.com\/index.php?rest_route=\/wp\/v2\/media\/4712"}],"wp:attachment":[{"href":"https:\/\/vtec-automation.com\/index.php?rest_route=%2Fwp%2Fv2%2Fmedia&parent=4711"}],"wp:term":[{"taxonomy":"product_brand","embeddable":true,"href":"https:\/\/vtec-automation.com\/index.php?rest_route=%2Fwp%2Fv2%2Fproduct_brand&post=4711"},{"taxonomy":"product_cat","embeddable":true,"href":"https:\/\/vtec-automation.com\/index.php?rest_route=%2Fwp%2Fv2%2Fproduct_cat&post=4711"},{"taxonomy":"product_tag","embeddable":true,"href":"https:\/\/vtec-automation.com\/index.php?rest_route=%2Fwp%2Fv2%2Fproduct_tag&post=4711"}],"curies":[{"name":"wp","href":"https:\/\/api.w.org\/{rel}","templated":true}]}}