{"id":4726,"date":"2024-07-30T04:10:18","date_gmt":"2024-07-30T04:10:18","guid":{"rendered":"https:\/\/vtec-automation.com\/?post_type=product&#038;p=4726"},"modified":"2024-07-30T04:12:26","modified_gmt":"2024-07-30T04:12:26","slug":"coriolis","status":"publish","type":"product","link":"https:\/\/vtec-automation.com\/?product=coriolis","title":{"rendered":"Coriolis"},"content":{"rendered":"<div id=\"fb-root\"><\/div>\n","protected":false},"excerpt":{"rendered":"<p class=\"parrafo-small\">La serie Coriolis Master de medidores de flujo m\u00e1sicos de ABB cuenta con baja ca\u00edda de presi\u00f3n, alta capacidad, pantalla com\u00fan ABB intuitiva, cinco E\/S modulares y varios protocolos de comunicaci\u00f3n integrados, y ahora con aprobaci\u00f3n OIML R117 y MID<\/p>\n<p class=\"parrafo-small\"><strong>Especificaciones generales:<\/strong><\/p>\n<p class=\"parrafo-small\"><strong>Aprobaciones Ex<\/strong><\/p>\n<p class=\"parrafo-small\">&#8211; ATEX zona 0\/1\/2, CFMus Div 1\/2 y zona 0\/1\/2<\/p>\n<p class=\"parrafo-small\">&#8211; NEPSI Zona 0\/1\/2 &#8211; OIML R117; Aprobado por MID Precisi\u00f3n para l\u00edquidos<\/p>\n<p class=\"parrafo-small\">&#8211; Masa y volumen: 0,4 %0. R.\/0,25 %o. R.\/0,2% o. R.<\/p>\n<p class=\"parrafo-small\">\u00a0&#8211; Densidad: 10 g\/l<\/p>\n<p class=\"parrafo-small\">\u00a0&#8211; Masa: 0,15 %o. R. \/0,1 %o. r., volumen: 0,15 %o. R.<\/p>\n<p class=\"parrafo-small\">&#8211; Densidad: 0,002 kg\/m3 0 0,001 kg\/m<\/p>\n<p class=\"parrafo-small\"><strong>Medici\u00f3n de la temperatura del medio<\/strong><\/p>\n<p class=\"parrafo-small\">&#8211;50 a 205 \u00b0C (-58 a 400 \u00b0F)<\/p>\n<p class=\"parrafo-small\"><strong>Salidas<\/strong><\/p>\n<p class=\"parrafo-small\">-5 E\/S modulares<\/p>\n<p class=\"parrafo-small\">-HART 7.1, PROFIBUS DP, Modbus, Ethernet (IP Ethernet, servidor web Modbus TCP)<\/p>\n<p class=\"parrafo-small\"><strong>Fuente de alimentaci\u00f3n<\/strong><\/p>\n<p class=\"parrafo-small\">&#8211; 11 a 30 V CC, 110\/230 V CA<\/p>\n<p class=\"parrafo-small\">&#8211; Alimentaci\u00f3n a trav\u00e9s de Ethernet<\/p>\n","protected":false},"featured_media":4727,"template":"","meta":{"site-sidebar-layout":"default","site-content-layout":"","ast-site-content-layout":"default","site-content-style":"default","site-sidebar-style":"default","ast-global-header-display":"","ast-banner-title-visibility":"","ast-main-header-display":"","ast-hfb-above-header-display":"","ast-hfb-below-header-display":"","ast-hfb-mobile-header-display":"","site-post-title":"","ast-breadcrumbs-content":"","ast-featured-img":"","footer-sml-layout":"","ast-disable-related-posts":"","theme-transparent-header-meta":"default","adv-header-id-meta":"","stick-header-meta":"","header-above-stick-meta":"","header-main-stick-meta":"","header-below-stick-meta":"","astra-migrate-meta-layouts":"set","ast-page-background-enabled":"default","ast-page-background-meta":{"desktop":{"background-color":"var(--ast-global-color-4)","background-image":"","background-repeat":"repeat","background-position":"center center","background-size":"auto","background-attachment":"scroll","background-type":"","background-media":"","overlay-type":"","overlay-color":"","overlay-opacity":"","overlay-gradient":""},"tablet":{"background-color":"","background-image":"","background-repeat":"repeat","background-position":"center center","background-size":"auto","background-attachment":"scroll","background-type":"","background-media":"","overlay-type":"","overlay-color":"","overlay-opacity":"","overlay-gradient":""},"mobile":{"background-color":"","background-image":"","background-repeat":"repeat","background-position":"center center","background-size":"auto","background-attachment":"scroll","background-type":"","background-media":"","overlay-type":"","overlay-color":"","overlay-opacity":"","overlay-gradient":""}},"ast-content-background-meta":{"desktop":{"background-color":"var(--ast-global-color-5)","background-image":"","background-repeat":"repeat","background-position":"center center","background-size":"auto","background-attachment":"scroll","background-type":"","background-media":"","overlay-type":"","overlay-color":"","overlay-opacity":"","overlay-gradient":""},"tablet":{"background-color":"var(--ast-global-color-5)","background-image":"","background-repeat":"repeat","background-position":"center center","background-size":"auto","background-attachment":"scroll","background-type":"","background-media":"","overlay-type":"","overlay-color":"","overlay-opacity":"","overlay-gradient":""},"mobile":{"background-color":"var(--ast-global-color-5)","background-image":"","background-repeat":"repeat","background-position":"center center","background-size":"auto","background-attachment":"scroll","background-type":"","background-media":"","overlay-type":"","overlay-color":"","overlay-opacity":"","overlay-gradient":""}},"_joinchat":[]},"product_brand":[],"product_cat":[394],"product_tag":[],"class_list":{"0":"post-4726","1":"product","2":"type-product","3":"status-publish","4":"has-post-thumbnail","6":"product_cat-flujo","7":"desktop-align-left","8":"tablet-align-left","9":"mobile-align-left","11":"first","12":"instock","13":"shipping-taxable","14":"product-type-simple"},"_links":{"self":[{"href":"https:\/\/vtec-automation.com\/index.php?rest_route=\/wp\/v2\/product\/4726","targetHints":{"allow":["GET"]}}],"collection":[{"href":"https:\/\/vtec-automation.com\/index.php?rest_route=\/wp\/v2\/product"}],"about":[{"href":"https:\/\/vtec-automation.com\/index.php?rest_route=\/wp\/v2\/types\/product"}],"version-history":[{"count":1,"href":"https:\/\/vtec-automation.com\/index.php?rest_route=\/wp\/v2\/product\/4726\/revisions"}],"predecessor-version":[{"id":4728,"href":"https:\/\/vtec-automation.com\/index.php?rest_route=\/wp\/v2\/product\/4726\/revisions\/4728"}],"wp:featuredmedia":[{"embeddable":true,"href":"https:\/\/vtec-automation.com\/index.php?rest_route=\/wp\/v2\/media\/4727"}],"wp:attachment":[{"href":"https:\/\/vtec-automation.com\/index.php?rest_route=%2Fwp%2Fv2%2Fmedia&parent=4726"}],"wp:term":[{"taxonomy":"product_brand","embeddable":true,"href":"https:\/\/vtec-automation.com\/index.php?rest_route=%2Fwp%2Fv2%2Fproduct_brand&post=4726"},{"taxonomy":"product_cat","embeddable":true,"href":"https:\/\/vtec-automation.com\/index.php?rest_route=%2Fwp%2Fv2%2Fproduct_cat&post=4726"},{"taxonomy":"product_tag","embeddable":true,"href":"https:\/\/vtec-automation.com\/index.php?rest_route=%2Fwp%2Fv2%2Fproduct_tag&post=4726"}],"curies":[{"name":"wp","href":"https:\/\/api.w.org\/{rel}","templated":true}]}}