{"id":4730,"date":"2024-07-30T04:12:39","date_gmt":"2024-07-30T04:12:39","guid":{"rendered":"https:\/\/vtec-automation.com\/?post_type=product&#038;p=4730"},"modified":"2024-07-30T04:15:47","modified_gmt":"2024-07-30T04:15:47","slug":"switch-flujo-dispersion-termica-magnetrol","status":"publish","type":"product","link":"https:\/\/vtec-automation.com\/?product=switch-flujo-dispersion-termica-magnetrol","title":{"rendered":"Switch Flujo Dispersi\u00f3n T\u00e9rmica &#8211; Magnetrol"},"content":{"rendered":"<div id=\"fb-root\"><\/div>\n","protected":false},"excerpt":{"rendered":"<p class=\"parrafo-small\">Interruptor confiable de caudal, nivel o interfase que detecta cambios en transferencia cal\u00f3rica debido a cambios en la naturaleza del flu\u00eddo o tasas de flujo<\/p>\n<p class=\"parrafo-small\">\n<h4>Aplicaciones<\/h4>\n<p class=\"parrafo-small\">Interruptor de flujo para gases y l\u00edquidos. Interruptor de nivel e interfase entre medios con constante t\u00e9rmica diferentes<\/p>\n<p class=\"parrafo-small\">\n<h4>Caracter\u00edsticas<\/h4>\n<ul>\n<li>\u00a0 \u2022\u00a0 Diagn\u00f3sticos cont\u00ednuos con detecci\u00f3n de falla<\/li>\n<li>\u00a0 \u2022\u00a0 Compensaci\u00f3n por temperatura<\/li>\n<li>\u00a0 \u2022\u00a0 Salida en mA (TD2) para diagn\u00f3sticos remotos o monitoreo de fluctuaci\u00f3n de caudal<\/li>\n<li>\u00a0 \u2022\u00a0 Presiones hasta de 410 bar y temperaturas hasta +450 \u00b0C<\/li>\n<li>\u00a0 \u2022\u00a0 Punto de actuaci\u00f3n y s\u00edncope de tiempo ajustable en campo<\/li>\n<li>\u00a0 \u2022\u00a0 Sensores de muy bajo flujo, sensores de punta esf\u00e9rica o doble punta<\/li>\n<\/ul>\n","protected":false},"featured_media":4731,"template":"","meta":{"site-sidebar-layout":"default","site-content-layout":"","ast-site-content-layout":"default","site-content-style":"default","site-sidebar-style":"default","ast-global-header-display":"","ast-banner-title-visibility":"","ast-main-header-display":"","ast-hfb-above-header-display":"","ast-hfb-below-header-display":"","ast-hfb-mobile-header-display":"","site-post-title":"","ast-breadcrumbs-content":"","ast-featured-img":"","footer-sml-layout":"","ast-disable-related-posts":"","theme-transparent-header-meta":"default","adv-header-id-meta":"","stick-header-meta":"","header-above-stick-meta":"","header-main-stick-meta":"","header-below-stick-meta":"","astra-migrate-meta-layouts":"set","ast-page-background-enabled":"default","ast-page-background-meta":{"desktop":{"background-color":"var(--ast-global-color-4)","background-image":"","background-repeat":"repeat","background-position":"center center","background-size":"auto","background-attachment":"scroll","background-type":"","background-media":"","overlay-type":"","overlay-color":"","overlay-opacity":"","overlay-gradient":""},"tablet":{"background-color":"","background-image":"","background-repeat":"repeat","background-position":"center center","background-size":"auto","background-attachment":"scroll","background-type":"","background-media":"","overlay-type":"","overlay-color":"","overlay-opacity":"","overlay-gradient":""},"mobile":{"background-color":"","background-image":"","background-repeat":"repeat","background-position":"center center","background-size":"auto","background-attachment":"scroll","background-type":"","background-media":"","overlay-type":"","overlay-color":"","overlay-opacity":"","overlay-gradient":""}},"ast-content-background-meta":{"desktop":{"background-color":"var(--ast-global-color-5)","background-image":"","background-repeat":"repeat","background-position":"center center","background-size":"auto","background-attachment":"scroll","background-type":"","background-media":"","overlay-type":"","overlay-color":"","overlay-opacity":"","overlay-gradient":""},"tablet":{"background-color":"var(--ast-global-color-5)","background-image":"","background-repeat":"repeat","background-position":"center center","background-size":"auto","background-attachment":"scroll","background-type":"","background-media":"","overlay-type":"","overlay-color":"","overlay-opacity":"","overlay-gradient":""},"mobile":{"background-color":"var(--ast-global-color-5)","background-image":"","background-repeat":"repeat","background-position":"center center","background-size":"auto","background-attachment":"scroll","background-type":"","background-media":"","overlay-type":"","overlay-color":"","overlay-opacity":"","overlay-gradient":""}},"_joinchat":[]},"product_brand":[],"product_cat":[394],"product_tag":[],"class_list":{"0":"post-4730","1":"product","2":"type-product","3":"status-publish","4":"has-post-thumbnail","6":"product_cat-flujo","7":"desktop-align-left","8":"tablet-align-left","9":"mobile-align-left","11":"first","12":"instock","13":"shipping-taxable","14":"product-type-simple"},"_links":{"self":[{"href":"https:\/\/vtec-automation.com\/index.php?rest_route=\/wp\/v2\/product\/4730","targetHints":{"allow":["GET"]}}],"collection":[{"href":"https:\/\/vtec-automation.com\/index.php?rest_route=\/wp\/v2\/product"}],"about":[{"href":"https:\/\/vtec-automation.com\/index.php?rest_route=\/wp\/v2\/types\/product"}],"version-history":[{"count":1,"href":"https:\/\/vtec-automation.com\/index.php?rest_route=\/wp\/v2\/product\/4730\/revisions"}],"predecessor-version":[{"id":4732,"href":"https:\/\/vtec-automation.com\/index.php?rest_route=\/wp\/v2\/product\/4730\/revisions\/4732"}],"wp:featuredmedia":[{"embeddable":true,"href":"https:\/\/vtec-automation.com\/index.php?rest_route=\/wp\/v2\/media\/4731"}],"wp:attachment":[{"href":"https:\/\/vtec-automation.com\/index.php?rest_route=%2Fwp%2Fv2%2Fmedia&parent=4730"}],"wp:term":[{"taxonomy":"product_brand","embeddable":true,"href":"https:\/\/vtec-automation.com\/index.php?rest_route=%2Fwp%2Fv2%2Fproduct_brand&post=4730"},{"taxonomy":"product_cat","embeddable":true,"href":"https:\/\/vtec-automation.com\/index.php?rest_route=%2Fwp%2Fv2%2Fproduct_cat&post=4730"},{"taxonomy":"product_tag","embeddable":true,"href":"https:\/\/vtec-automation.com\/index.php?rest_route=%2Fwp%2Fv2%2Fproduct_tag&post=4730"}],"curies":[{"name":"wp","href":"https:\/\/api.w.org\/{rel}","templated":true}]}}