{"id":4763,"date":"2024-07-30T16:19:14","date_gmt":"2024-07-30T16:19:14","guid":{"rendered":"https:\/\/vtec-automation.com\/?post_type=product&#038;p=4763"},"modified":"2024-07-30T16:21:12","modified_gmt":"2024-07-30T16:21:12","slug":"interruptor-de-temperatura-de-la-serie-800","status":"publish","type":"product","link":"https:\/\/vtec-automation.com\/?product=interruptor-de-temperatura-de-la-serie-800","title":{"rendered":"Interruptor de temperatura de la serie 800"},"content":{"rendered":"<div id=\"fb-root\"><\/div>\n<ul>\n<li><span><span>Alarma y control de l\u00edmite bajo y\/o alto con uno o dos interruptores independientes<\/span><\/span><\/li>\n<li><span><span>Visualice la temperatura del proceso o del ambiente a trav\u00e9s de una gran escala de temperatura de 4\u201d<\/span><\/span><\/li>\n<li><span><span>Versatilidad de instalaci\u00f3n a trav\u00e9s de recintos ordinarios y peligrosos<\/span><\/span><\/li>\n<li><span><span>Reemplaza un interruptor y un medidor, lo que reduce el costo de instalaci\u00f3n y aumenta la eficiencia del mantenimiento.<\/span><\/span><\/li>\n<\/ul>\n","protected":false},"excerpt":{"rendered":"<p>La serie 800 est\u00e1 dise\u00f1ada para aplicaciones en lugares peligrosos y comunes que requieren una indicaci\u00f3n visual de la temperatura ambiente o del proceso y del punto de ajuste. F\u00e1cil de operar, la serie 800 ofrece a los usuarios finales funciones de alarma, control y apagado de emergencia con m\u00faltiples salidas. Los requisitos de la aplicaci\u00f3n se satisfacen con una variedad de rangos de temperatura y longitudes de capilares personalizables y protecci\u00f3n.<\/p>\n","protected":false},"featured_media":4764,"template":"","meta":{"site-sidebar-layout":"default","site-content-layout":"","ast-site-content-layout":"default","site-content-style":"default","site-sidebar-style":"default","ast-global-header-display":"","ast-banner-title-visibility":"","ast-main-header-display":"","ast-hfb-above-header-display":"","ast-hfb-below-header-display":"","ast-hfb-mobile-header-display":"","site-post-title":"","ast-breadcrumbs-content":"","ast-featured-img":"","footer-sml-layout":"","ast-disable-related-posts":"","theme-transparent-header-meta":"default","adv-header-id-meta":"","stick-header-meta":"","header-above-stick-meta":"","header-main-stick-meta":"","header-below-stick-meta":"","astra-migrate-meta-layouts":"set","ast-page-background-enabled":"default","ast-page-background-meta":{"desktop":{"background-color":"var(--ast-global-color-4)","background-image":"","background-repeat":"repeat","background-position":"center center","background-size":"auto","background-attachment":"scroll","background-type":"","background-media":"","overlay-type":"","overlay-color":"","overlay-opacity":"","overlay-gradient":""},"tablet":{"background-color":"","background-image":"","background-repeat":"repeat","background-position":"center center","background-size":"auto","background-attachment":"scroll","background-type":"","background-media":"","overlay-type":"","overlay-color":"","overlay-opacity":"","overlay-gradient":""},"mobile":{"background-color":"","background-image":"","background-repeat":"repeat","background-position":"center center","background-size":"auto","background-attachment":"scroll","background-type":"","background-media":"","overlay-type":"","overlay-color":"","overlay-opacity":"","overlay-gradient":""}},"ast-content-background-meta":{"desktop":{"background-color":"var(--ast-global-color-5)","background-image":"","background-repeat":"repeat","background-position":"center center","background-size":"auto","background-attachment":"scroll","background-type":"","background-media":"","overlay-type":"","overlay-color":"","overlay-opacity":"","overlay-gradient":""},"tablet":{"background-color":"var(--ast-global-color-5)","background-image":"","background-repeat":"repeat","background-position":"center center","background-size":"auto","background-attachment":"scroll","background-type":"","background-media":"","overlay-type":"","overlay-color":"","overlay-opacity":"","overlay-gradient":""},"mobile":{"background-color":"var(--ast-global-color-5)","background-image":"","background-repeat":"repeat","background-position":"center center","background-size":"auto","background-attachment":"scroll","background-type":"","background-media":"","overlay-type":"","overlay-color":"","overlay-opacity":"","overlay-gradient":""}},"_joinchat":[]},"product_brand":[],"product_cat":[373],"product_tag":[],"class_list":{"0":"post-4763","1":"product","2":"type-product","3":"status-publish","4":"has-post-thumbnail","6":"product_cat-temperatura","7":"desktop-align-left","8":"tablet-align-left","9":"mobile-align-left","11":"first","12":"instock","13":"shipping-taxable","14":"product-type-simple"},"_links":{"self":[{"href":"https:\/\/vtec-automation.com\/index.php?rest_route=\/wp\/v2\/product\/4763","targetHints":{"allow":["GET"]}}],"collection":[{"href":"https:\/\/vtec-automation.com\/index.php?rest_route=\/wp\/v2\/product"}],"about":[{"href":"https:\/\/vtec-automation.com\/index.php?rest_route=\/wp\/v2\/types\/product"}],"version-history":[{"count":1,"href":"https:\/\/vtec-automation.com\/index.php?rest_route=\/wp\/v2\/product\/4763\/revisions"}],"predecessor-version":[{"id":4765,"href":"https:\/\/vtec-automation.com\/index.php?rest_route=\/wp\/v2\/product\/4763\/revisions\/4765"}],"wp:featuredmedia":[{"embeddable":true,"href":"https:\/\/vtec-automation.com\/index.php?rest_route=\/wp\/v2\/media\/4764"}],"wp:attachment":[{"href":"https:\/\/vtec-automation.com\/index.php?rest_route=%2Fwp%2Fv2%2Fmedia&parent=4763"}],"wp:term":[{"taxonomy":"product_brand","embeddable":true,"href":"https:\/\/vtec-automation.com\/index.php?rest_route=%2Fwp%2Fv2%2Fproduct_brand&post=4763"},{"taxonomy":"product_cat","embeddable":true,"href":"https:\/\/vtec-automation.com\/index.php?rest_route=%2Fwp%2Fv2%2Fproduct_cat&post=4763"},{"taxonomy":"product_tag","embeddable":true,"href":"https:\/\/vtec-automation.com\/index.php?rest_route=%2Fwp%2Fv2%2Fproduct_tag&post=4763"}],"curies":[{"name":"wp","href":"https:\/\/api.w.org\/{rel}","templated":true}]}}