{"id":4772,"date":"2024-07-31T00:39:30","date_gmt":"2024-07-31T00:39:30","guid":{"rendered":"https:\/\/vtec-automation.com\/?post_type=product&#038;p=4772"},"modified":"2024-07-31T00:41:20","modified_gmt":"2024-07-31T00:41:20","slug":"detectores-de-temperatura-de-resistencia-industriales-rtd-3","status":"publish","type":"product","link":"https:\/\/vtec-automation.com\/?product=detectores-de-temperatura-de-resistencia-industriales-rtd-3","title":{"rendered":"Detectores de temperatura de resistencia industriales (RTD)"},"content":{"rendered":"<div id=\"fb-root\"><\/div>\n<ul>\n<li><span>Dise\u00f1e un RTD seg\u00fan sus requisitos espec\u00edficos trabajando con nuestros ingenieros de dise\u00f1o y aplicaciones<\/span><\/li>\n<li><span>Las configuraciones est\u00e1ndar probadas satisfacen una variedad de aplicaciones industriales y OEM<\/span><\/li>\n<li><span>Mida con precisi\u00f3n y repetidamente temperaturas tan bajas como -200 \u00b0C y hasta 482 \u00b0C (-328 \u00b0F a 900 \u00b0F)<\/span><\/li>\n<li><span>Simplifique la instalaci\u00f3n y reduzca los costos de mantenimiento utilizando sensores de rastreo de calor resistentes con elementos reemplazables en campo<\/span><\/li>\n<\/ul>\n","protected":false},"excerpt":{"rendered":"<p>La divisi\u00f3n Applied Sensor Technologies (AST) de UE dise\u00f1a y fabrica RTD de uno o dos elementos, de acuerdo con la norma IEC 751. Nuestra experiencia en empaquetado de productos, t\u00e9cnicas de fabricaci\u00f3n y obtenci\u00f3n de componentes nos permite ofrecerle sensores confiables y estables con flexibilidad de hardware y salida para uso industrial general y OEM.<\/p>\n","protected":false},"featured_media":4773,"template":"","meta":{"site-sidebar-layout":"default","site-content-layout":"","ast-site-content-layout":"default","site-content-style":"default","site-sidebar-style":"default","ast-global-header-display":"","ast-banner-title-visibility":"","ast-main-header-display":"","ast-hfb-above-header-display":"","ast-hfb-below-header-display":"","ast-hfb-mobile-header-display":"","site-post-title":"","ast-breadcrumbs-content":"","ast-featured-img":"","footer-sml-layout":"","ast-disable-related-posts":"","theme-transparent-header-meta":"default","adv-header-id-meta":"","stick-header-meta":"","header-above-stick-meta":"","header-main-stick-meta":"","header-below-stick-meta":"","astra-migrate-meta-layouts":"set","ast-page-background-enabled":"default","ast-page-background-meta":{"desktop":{"background-color":"var(--ast-global-color-4)","background-image":"","background-repeat":"repeat","background-position":"center center","background-size":"auto","background-attachment":"scroll","background-type":"","background-media":"","overlay-type":"","overlay-color":"","overlay-opacity":"","overlay-gradient":""},"tablet":{"background-color":"","background-image":"","background-repeat":"repeat","background-position":"center center","background-size":"auto","background-attachment":"scroll","background-type":"","background-media":"","overlay-type":"","overlay-color":"","overlay-opacity":"","overlay-gradient":""},"mobile":{"background-color":"","background-image":"","background-repeat":"repeat","background-position":"center center","background-size":"auto","background-attachment":"scroll","background-type":"","background-media":"","overlay-type":"","overlay-color":"","overlay-opacity":"","overlay-gradient":""}},"ast-content-background-meta":{"desktop":{"background-color":"var(--ast-global-color-5)","background-image":"","background-repeat":"repeat","background-position":"center center","background-size":"auto","background-attachment":"scroll","background-type":"","background-media":"","overlay-type":"","overlay-color":"","overlay-opacity":"","overlay-gradient":""},"tablet":{"background-color":"var(--ast-global-color-5)","background-image":"","background-repeat":"repeat","background-position":"center center","background-size":"auto","background-attachment":"scroll","background-type":"","background-media":"","overlay-type":"","overlay-color":"","overlay-opacity":"","overlay-gradient":""},"mobile":{"background-color":"var(--ast-global-color-5)","background-image":"","background-repeat":"repeat","background-position":"center center","background-size":"auto","background-attachment":"scroll","background-type":"","background-media":"","overlay-type":"","overlay-color":"","overlay-opacity":"","overlay-gradient":""}},"_joinchat":[]},"product_brand":[],"product_cat":[373],"product_tag":[],"class_list":{"0":"post-4772","1":"product","2":"type-product","3":"status-publish","4":"has-post-thumbnail","6":"product_cat-temperatura","7":"desktop-align-left","8":"tablet-align-left","9":"mobile-align-left","11":"first","12":"instock","13":"shipping-taxable","14":"product-type-simple"},"_links":{"self":[{"href":"https:\/\/vtec-automation.com\/index.php?rest_route=\/wp\/v2\/product\/4772","targetHints":{"allow":["GET"]}}],"collection":[{"href":"https:\/\/vtec-automation.com\/index.php?rest_route=\/wp\/v2\/product"}],"about":[{"href":"https:\/\/vtec-automation.com\/index.php?rest_route=\/wp\/v2\/types\/product"}],"version-history":[{"count":1,"href":"https:\/\/vtec-automation.com\/index.php?rest_route=\/wp\/v2\/product\/4772\/revisions"}],"predecessor-version":[{"id":4774,"href":"https:\/\/vtec-automation.com\/index.php?rest_route=\/wp\/v2\/product\/4772\/revisions\/4774"}],"wp:featuredmedia":[{"embeddable":true,"href":"https:\/\/vtec-automation.com\/index.php?rest_route=\/wp\/v2\/media\/4773"}],"wp:attachment":[{"href":"https:\/\/vtec-automation.com\/index.php?rest_route=%2Fwp%2Fv2%2Fmedia&parent=4772"}],"wp:term":[{"taxonomy":"product_brand","embeddable":true,"href":"https:\/\/vtec-automation.com\/index.php?rest_route=%2Fwp%2Fv2%2Fproduct_brand&post=4772"},{"taxonomy":"product_cat","embeddable":true,"href":"https:\/\/vtec-automation.com\/index.php?rest_route=%2Fwp%2Fv2%2Fproduct_cat&post=4772"},{"taxonomy":"product_tag","embeddable":true,"href":"https:\/\/vtec-automation.com\/index.php?rest_route=%2Fwp%2Fv2%2Fproduct_tag&post=4772"}],"curies":[{"name":"wp","href":"https:\/\/api.w.org\/{rel}","templated":true}]}}