{"id":4819,"date":"2024-07-31T14:13:51","date_gmt":"2024-07-31T14:13:51","guid":{"rendered":"https:\/\/vtec-automation.com\/?post_type=product&#038;p=4819"},"modified":"2024-07-31T14:15:43","modified_gmt":"2024-07-31T14:15:43","slug":"controlador-ac-800f","status":"publish","type":"product","link":"https:\/\/vtec-automation.com\/?product=controlador-ac-800f","title":{"rendered":"Controlador AC 800F"},"content":{"rendered":"<div id=\"fb-root\"><\/div>\n","protected":false},"excerpt":{"rendered":"<p class=\"parrafo-small\">Este controlador de campo cubre todos los principales buses de campo en la automatizaci\u00f3n de procesos. Opcionalmente, AC 800F admite redundancia. Un solo controlador normalmente puede admitir alrededor de 1,000 E \/ S.<\/p>\n<p class=\"parrafo-small\">El controlador AC 800F tiene una estructura modular. La CPU est\u00e1 dise\u00f1ada como una placa posterior a la que se pueden conectar varios m\u00f3dulos (unidades de fuente de alimentaci\u00f3n, m\u00f3dulos Ethernet y de bus de campo) en l\u00ednea con la aplicaci\u00f3n. En el lado del bus de campo, los m\u00f3dulos est\u00e1n disponibles para:<\/p>\n<ul>\n<li>PROFIBUS-DPV1<\/li>\n<li>FOUNDATION Fieldbus HSE<\/li>\n<li>MODBUS (maestro \/ esclavo, RTU o ASCII)<\/li>\n<li>IEC 60870-5-101, IEC 60870-5-104<\/li>\n<li>CAN para E \/ S independientes de rack<\/li>\n<\/ul>\n<p class=\"parrafo-small\">La l\u00ednea de bus de campo y los dispositivos de campo conectados est\u00e1n completamente configurados y parametrizados utilizando la Herramienta de ingenier\u00eda independiente. No se necesitan m\u00e1s herramientas externas para la configuraci\u00f3n.<\/p>\n<div class=\"acordeon\"><\/div>\n","protected":false},"featured_media":4820,"template":"","meta":{"site-sidebar-layout":"default","site-content-layout":"","ast-site-content-layout":"default","site-content-style":"default","site-sidebar-style":"default","ast-global-header-display":"","ast-banner-title-visibility":"","ast-main-header-display":"","ast-hfb-above-header-display":"","ast-hfb-below-header-display":"","ast-hfb-mobile-header-display":"","site-post-title":"","ast-breadcrumbs-content":"","ast-featured-img":"","footer-sml-layout":"","ast-disable-related-posts":"","theme-transparent-header-meta":"default","adv-header-id-meta":"","stick-header-meta":"","header-above-stick-meta":"","header-main-stick-meta":"","header-below-stick-meta":"","astra-migrate-meta-layouts":"set","ast-page-background-enabled":"default","ast-page-background-meta":{"desktop":{"background-color":"var(--ast-global-color-4)","background-image":"","background-repeat":"repeat","background-position":"center center","background-size":"auto","background-attachment":"scroll","background-type":"","background-media":"","overlay-type":"","overlay-color":"","overlay-opacity":"","overlay-gradient":""},"tablet":{"background-color":"","background-image":"","background-repeat":"repeat","background-position":"center center","background-size":"auto","background-attachment":"scroll","background-type":"","background-media":"","overlay-type":"","overlay-color":"","overlay-opacity":"","overlay-gradient":""},"mobile":{"background-color":"","background-image":"","background-repeat":"repeat","background-position":"center center","background-size":"auto","background-attachment":"scroll","background-type":"","background-media":"","overlay-type":"","overlay-color":"","overlay-opacity":"","overlay-gradient":""}},"ast-content-background-meta":{"desktop":{"background-color":"var(--ast-global-color-5)","background-image":"","background-repeat":"repeat","background-position":"center center","background-size":"auto","background-attachment":"scroll","background-type":"","background-media":"","overlay-type":"","overlay-color":"","overlay-opacity":"","overlay-gradient":""},"tablet":{"background-color":"var(--ast-global-color-5)","background-image":"","background-repeat":"repeat","background-position":"center center","background-size":"auto","background-attachment":"scroll","background-type":"","background-media":"","overlay-type":"","overlay-color":"","overlay-opacity":"","overlay-gradient":""},"mobile":{"background-color":"var(--ast-global-color-5)","background-image":"","background-repeat":"repeat","background-position":"center center","background-size":"auto","background-attachment":"scroll","background-type":"","background-media":"","overlay-type":"","overlay-color":"","overlay-opacity":"","overlay-gradient":""}},"_joinchat":[]},"product_brand":[],"product_cat":[395],"product_tag":[],"class_list":{"0":"post-4819","1":"product","2":"type-product","3":"status-publish","4":"has-post-thumbnail","6":"product_cat-dcs","7":"desktop-align-left","8":"tablet-align-left","9":"mobile-align-left","11":"first","12":"instock","13":"shipping-taxable","14":"product-type-simple"},"_links":{"self":[{"href":"https:\/\/vtec-automation.com\/index.php?rest_route=\/wp\/v2\/product\/4819","targetHints":{"allow":["GET"]}}],"collection":[{"href":"https:\/\/vtec-automation.com\/index.php?rest_route=\/wp\/v2\/product"}],"about":[{"href":"https:\/\/vtec-automation.com\/index.php?rest_route=\/wp\/v2\/types\/product"}],"version-history":[{"count":1,"href":"https:\/\/vtec-automation.com\/index.php?rest_route=\/wp\/v2\/product\/4819\/revisions"}],"predecessor-version":[{"id":4821,"href":"https:\/\/vtec-automation.com\/index.php?rest_route=\/wp\/v2\/product\/4819\/revisions\/4821"}],"wp:featuredmedia":[{"embeddable":true,"href":"https:\/\/vtec-automation.com\/index.php?rest_route=\/wp\/v2\/media\/4820"}],"wp:attachment":[{"href":"https:\/\/vtec-automation.com\/index.php?rest_route=%2Fwp%2Fv2%2Fmedia&parent=4819"}],"wp:term":[{"taxonomy":"product_brand","embeddable":true,"href":"https:\/\/vtec-automation.com\/index.php?rest_route=%2Fwp%2Fv2%2Fproduct_brand&post=4819"},{"taxonomy":"product_cat","embeddable":true,"href":"https:\/\/vtec-automation.com\/index.php?rest_route=%2Fwp%2Fv2%2Fproduct_cat&post=4819"},{"taxonomy":"product_tag","embeddable":true,"href":"https:\/\/vtec-automation.com\/index.php?rest_route=%2Fwp%2Fv2%2Fproduct_tag&post=4819"}],"curies":[{"name":"wp","href":"https:\/\/api.w.org\/{rel}","templated":true}]}}