{"id":4822,"date":"2024-07-31T14:15:57","date_gmt":"2024-07-31T14:15:57","guid":{"rendered":"https:\/\/vtec-automation.com\/?post_type=product&#038;p=4822"},"modified":"2024-07-31T14:17:05","modified_gmt":"2024-07-31T14:17:05","slug":"controlador-ac-900f","status":"publish","type":"product","link":"https:\/\/vtec-automation.com\/?product=controlador-ac-900f","title":{"rendered":"Controlador AC 900F"},"content":{"rendered":"<div id=\"fb-root\"><\/div>\n","protected":false},"excerpt":{"rendered":"<p class=\"parrafo-small\">Con el nuevo y galardonado controlador AC 900F, el DCS Freelance proporciona m\u00e1s potencia, velocidad y funcionalidad que nunca.<\/p>\n<p class=\"parrafo-small\">Tras a\u00f1os de experiencia en productos de automatizaci\u00f3n y control, este controlador recientemente lanzado extiende la cartera de hardware del sistema de control distribuido (DCS) de Freelance. El controlador AC 900F consta de un m\u00f3dulo de CPU, que es el componente principal. De acuerdo con la aplicaci\u00f3n y los requisitos, se pueden agregar m\u00f3dulos de bus de campo y m\u00f3dulos de E \/ S al controlador. Opcionalmente, AC 900F admite redundancia.<\/p>\n<p class=\"parrafo-small\">El AC 900F consta de:<\/p>\n<ul>\n<li>M\u00e1s m\u00f3dulo de CPU PM 904F que ampl\u00eda la capacidad de la versi\u00f3n est\u00e1ndar PM 902F y admite hasta cuatro interfaces de comunicaci\u00f3n para PROFIBUS o CAN m\u00e1s memoria de aplicaci\u00f3n.<\/li>\n<li>M\u00f3dulo de CPU est\u00e1ndar PM 902F con cuatro interfaces Ethernet, una interfaz de diagn\u00f3stico, dos interfaces seriales y una unidad de visualizaci\u00f3n (opcional). Admite hasta dos interfaces de comunicaci\u00f3n.<\/li>\n<li>M\u00f3dulo de CPU PM 901F con tres interfaces Ethernet, una interfaz de diagn\u00f3stico, dos interfaces seriales y una unidad de visualizaci\u00f3n (opcional). Admite hasta dos interfaces de comunicaci\u00f3n.<\/li>\n<li>Hasta diez m\u00f3dulos de E \/ S S700 directamente conectados en unidades terminales<\/li>\n<\/ul>\n<p class=\"parrafo-small\">El controlador admite E \/ S remotas, transmisores, actuadores, unidades y otros dispositivos, por ejemplo a trav\u00e9s de PROFIBUS y otros protocolos de bus de campo.<\/p>\n<p class=\"parrafo-small\">Beneficios<\/p>\n<ul>\n<li>M\u00e1s potencia que cualquier controlador de la generaci\u00f3n anterior.<\/li>\n<li>Hasta cuatro (PM 904F) o hasta dos (PM 902F \/ PM 901F) interfaces de comunicaci\u00f3n para PROFIBUS o CAN<\/li>\n<li>Conectividad con 2 puertos seriales y 4 puertos Ethernet (3 con PM 901F)<\/li>\n<li>Soporte de tarjeta SD para un controlador f\u00e1cil<\/li>\n<li>Protocolos basados en Ethernet: Modbus TCP, IEC 60870-5-104<\/li>\n<li>Compatible con G3 para uso en entornos hostiles<\/li>\n<li>LCD opcional para acceder f\u00e1cilmente a la informaci\u00f3n de estado y diagn\u00f3stico<\/li>\n<li>Huella peque\u00f1a<\/li>\n<li>Redundancia opcional para mayor disponibilidad.<\/li>\n<\/ul>\n","protected":false},"featured_media":4820,"template":"","meta":{"site-sidebar-layout":"default","site-content-layout":"","ast-site-content-layout":"default","site-content-style":"default","site-sidebar-style":"default","ast-global-header-display":"","ast-banner-title-visibility":"","ast-main-header-display":"","ast-hfb-above-header-display":"","ast-hfb-below-header-display":"","ast-hfb-mobile-header-display":"","site-post-title":"","ast-breadcrumbs-content":"","ast-featured-img":"","footer-sml-layout":"","ast-disable-related-posts":"","theme-transparent-header-meta":"default","adv-header-id-meta":"","stick-header-meta":"","header-above-stick-meta":"","header-main-stick-meta":"","header-below-stick-meta":"","astra-migrate-meta-layouts":"set","ast-page-background-enabled":"default","ast-page-background-meta":{"desktop":{"background-color":"var(--ast-global-color-4)","background-image":"","background-repeat":"repeat","background-position":"center center","background-size":"auto","background-attachment":"scroll","background-type":"","background-media":"","overlay-type":"","overlay-color":"","overlay-opacity":"","overlay-gradient":""},"tablet":{"background-color":"","background-image":"","background-repeat":"repeat","background-position":"center center","background-size":"auto","background-attachment":"scroll","background-type":"","background-media":"","overlay-type":"","overlay-color":"","overlay-opacity":"","overlay-gradient":""},"mobile":{"background-color":"","background-image":"","background-repeat":"repeat","background-position":"center center","background-size":"auto","background-attachment":"scroll","background-type":"","background-media":"","overlay-type":"","overlay-color":"","overlay-opacity":"","overlay-gradient":""}},"ast-content-background-meta":{"desktop":{"background-color":"var(--ast-global-color-5)","background-image":"","background-repeat":"repeat","background-position":"center center","background-size":"auto","background-attachment":"scroll","background-type":"","background-media":"","overlay-type":"","overlay-color":"","overlay-opacity":"","overlay-gradient":""},"tablet":{"background-color":"var(--ast-global-color-5)","background-image":"","background-repeat":"repeat","background-position":"center center","background-size":"auto","background-attachment":"scroll","background-type":"","background-media":"","overlay-type":"","overlay-color":"","overlay-opacity":"","overlay-gradient":""},"mobile":{"background-color":"var(--ast-global-color-5)","background-image":"","background-repeat":"repeat","background-position":"center center","background-size":"auto","background-attachment":"scroll","background-type":"","background-media":"","overlay-type":"","overlay-color":"","overlay-opacity":"","overlay-gradient":""}},"_joinchat":[]},"product_brand":[],"product_cat":[395],"product_tag":[],"class_list":{"0":"post-4822","1":"product","2":"type-product","3":"status-publish","4":"has-post-thumbnail","6":"product_cat-dcs","7":"desktop-align-left","8":"tablet-align-left","9":"mobile-align-left","11":"first","12":"instock","13":"shipping-taxable","14":"product-type-simple"},"_links":{"self":[{"href":"https:\/\/vtec-automation.com\/index.php?rest_route=\/wp\/v2\/product\/4822","targetHints":{"allow":["GET"]}}],"collection":[{"href":"https:\/\/vtec-automation.com\/index.php?rest_route=\/wp\/v2\/product"}],"about":[{"href":"https:\/\/vtec-automation.com\/index.php?rest_route=\/wp\/v2\/types\/product"}],"version-history":[{"count":1,"href":"https:\/\/vtec-automation.com\/index.php?rest_route=\/wp\/v2\/product\/4822\/revisions"}],"predecessor-version":[{"id":4823,"href":"https:\/\/vtec-automation.com\/index.php?rest_route=\/wp\/v2\/product\/4822\/revisions\/4823"}],"wp:featuredmedia":[{"embeddable":true,"href":"https:\/\/vtec-automation.com\/index.php?rest_route=\/wp\/v2\/media\/4820"}],"wp:attachment":[{"href":"https:\/\/vtec-automation.com\/index.php?rest_route=%2Fwp%2Fv2%2Fmedia&parent=4822"}],"wp:term":[{"taxonomy":"product_brand","embeddable":true,"href":"https:\/\/vtec-automation.com\/index.php?rest_route=%2Fwp%2Fv2%2Fproduct_brand&post=4822"},{"taxonomy":"product_cat","embeddable":true,"href":"https:\/\/vtec-automation.com\/index.php?rest_route=%2Fwp%2Fv2%2Fproduct_cat&post=4822"},{"taxonomy":"product_tag","embeddable":true,"href":"https:\/\/vtec-automation.com\/index.php?rest_route=%2Fwp%2Fv2%2Fproduct_tag&post=4822"}],"curies":[{"name":"wp","href":"https:\/\/api.w.org\/{rel}","templated":true}]}}