{"id":4832,"date":"2024-07-31T15:04:48","date_gmt":"2024-07-31T15:04:48","guid":{"rendered":"https:\/\/vtec-automation.com\/?post_type=product&#038;p=4832"},"modified":"2024-07-31T15:06:41","modified_gmt":"2024-07-31T15:06:41","slug":"sync","status":"publish","type":"product","link":"https:\/\/vtec-automation.com\/?product=sync","title":{"rendered":"SYNC"},"content":{"rendered":"<div id=\"fb-root\"><\/div>\n<p class=\"parrafo-small\">Sync examina part\u00edculas, h\u00famedas o secas, con luz l\u00e1ser, mientras que simult\u00e1neamente una c\u00e1mara digital de alta velocidad toma im\u00e1genes. Los datos recopilados son procesados por nuestro software FLEX y le presentan al usuario informaci\u00f3n sobre el tama\u00f1o y la forma de las part\u00edculas. La sincronizaci\u00f3n permite a los usuarios obtener informaci\u00f3n m\u00e1s detallada sobre su material.<\/p>\n<p class=\"parrafo-small\">El instrumento SYNC de Microtrac est\u00e1 sincronizando la medici\u00f3n de tama\u00f1o y forma en un instrumento. Una muestra, un banco, una ruta de flujo de muestra, una celda de muestra, un an\u00e1lisis.<\/p>\n<p class=\"parrafo-small\">Sync es el sistema perfecto para una amplia gama de aplicaciones h\u00famedas y secas, incluidos polvos met\u00e1licos, cer\u00e1micas, bater\u00edas, productos qu\u00edmicos, productos farmac\u00e9uticos, cemento, minerales industriales, perlas de vidrio, pinturas, recubrimientos, t\u00f3ner y aditivos, entre muchos otros.<\/p>\n<ul>\n<li>Rango de medida de 0.01 a 4000 micras<\/li>\n<li>Difracci\u00f3n l\u00e1ser y an\u00e1lisis de im\u00e1genes integrados en un solo instrumento<\/li>\n<li>Cambie f\u00e1cilmente entre mediciones h\u00famedas y secas<\/li>\n<\/ul>\n","protected":false},"excerpt":{"rendered":"<p>Presentamos Microtrac Sync, el primer analizador de part\u00edculas de tama\u00f1o y forma s\u00edncrono que integra la tecnolog\u00eda de difracci\u00f3n l\u00e1ser con la tecnolog\u00eda de an\u00e1lisis din\u00e1mico de im\u00e1genes. Los usuarios ahora pueden obtener su distribuci\u00f3n de tama\u00f1o de part\u00edculas probada y verdadera junto con la morfolog\u00eda de part\u00edculas en una \u00fanica interfaz gr\u00e1fica de usuario f\u00e1cil de usar.<\/p>\n","protected":false},"featured_media":4833,"template":"","meta":{"site-sidebar-layout":"default","site-content-layout":"","ast-site-content-layout":"default","site-content-style":"default","site-sidebar-style":"default","ast-global-header-display":"","ast-banner-title-visibility":"","ast-main-header-display":"","ast-hfb-above-header-display":"","ast-hfb-below-header-display":"","ast-hfb-mobile-header-display":"","site-post-title":"","ast-breadcrumbs-content":"","ast-featured-img":"","footer-sml-layout":"","ast-disable-related-posts":"","theme-transparent-header-meta":"default","adv-header-id-meta":"","stick-header-meta":"","header-above-stick-meta":"","header-main-stick-meta":"","header-below-stick-meta":"","astra-migrate-meta-layouts":"set","ast-page-background-enabled":"default","ast-page-background-meta":{"desktop":{"background-color":"var(--ast-global-color-4)","background-image":"","background-repeat":"repeat","background-position":"center center","background-size":"auto","background-attachment":"scroll","background-type":"","background-media":"","overlay-type":"","overlay-color":"","overlay-opacity":"","overlay-gradient":""},"tablet":{"background-color":"","background-image":"","background-repeat":"repeat","background-position":"center center","background-size":"auto","background-attachment":"scroll","background-type":"","background-media":"","overlay-type":"","overlay-color":"","overlay-opacity":"","overlay-gradient":""},"mobile":{"background-color":"","background-image":"","background-repeat":"repeat","background-position":"center center","background-size":"auto","background-attachment":"scroll","background-type":"","background-media":"","overlay-type":"","overlay-color":"","overlay-opacity":"","overlay-gradient":""}},"ast-content-background-meta":{"desktop":{"background-color":"var(--ast-global-color-5)","background-image":"","background-repeat":"repeat","background-position":"center center","background-size":"auto","background-attachment":"scroll","background-type":"","background-media":"","overlay-type":"","overlay-color":"","overlay-opacity":"","overlay-gradient":""},"tablet":{"background-color":"var(--ast-global-color-5)","background-image":"","background-repeat":"repeat","background-position":"center center","background-size":"auto","background-attachment":"scroll","background-type":"","background-media":"","overlay-type":"","overlay-color":"","overlay-opacity":"","overlay-gradient":""},"mobile":{"background-color":"var(--ast-global-color-5)","background-image":"","background-repeat":"repeat","background-position":"center center","background-size":"auto","background-attachment":"scroll","background-type":"","background-media":"","overlay-type":"","overlay-color":"","overlay-opacity":"","overlay-gradient":""}},"_joinchat":[]},"product_brand":[],"product_cat":[396],"product_tag":[],"class_list":{"0":"post-4832","1":"product","2":"type-product","3":"status-publish","4":"has-post-thumbnail","6":"product_cat-analizadores-de-tamano-de-particulas","7":"desktop-align-left","8":"tablet-align-left","9":"mobile-align-left","11":"first","12":"instock","13":"shipping-taxable","14":"product-type-simple"},"_links":{"self":[{"href":"https:\/\/vtec-automation.com\/index.php?rest_route=\/wp\/v2\/product\/4832","targetHints":{"allow":["GET"]}}],"collection":[{"href":"https:\/\/vtec-automation.com\/index.php?rest_route=\/wp\/v2\/product"}],"about":[{"href":"https:\/\/vtec-automation.com\/index.php?rest_route=\/wp\/v2\/types\/product"}],"version-history":[{"count":1,"href":"https:\/\/vtec-automation.com\/index.php?rest_route=\/wp\/v2\/product\/4832\/revisions"}],"predecessor-version":[{"id":4834,"href":"https:\/\/vtec-automation.com\/index.php?rest_route=\/wp\/v2\/product\/4832\/revisions\/4834"}],"wp:featuredmedia":[{"embeddable":true,"href":"https:\/\/vtec-automation.com\/index.php?rest_route=\/wp\/v2\/media\/4833"}],"wp:attachment":[{"href":"https:\/\/vtec-automation.com\/index.php?rest_route=%2Fwp%2Fv2%2Fmedia&parent=4832"}],"wp:term":[{"taxonomy":"product_brand","embeddable":true,"href":"https:\/\/vtec-automation.com\/index.php?rest_route=%2Fwp%2Fv2%2Fproduct_brand&post=4832"},{"taxonomy":"product_cat","embeddable":true,"href":"https:\/\/vtec-automation.com\/index.php?rest_route=%2Fwp%2Fv2%2Fproduct_cat&post=4832"},{"taxonomy":"product_tag","embeddable":true,"href":"https:\/\/vtec-automation.com\/index.php?rest_route=%2Fwp%2Fv2%2Fproduct_tag&post=4832"}],"curies":[{"name":"wp","href":"https:\/\/api.w.org\/{rel}","templated":true}]}}