{"id":4835,"date":"2024-07-31T15:07:15","date_gmt":"2024-07-31T15:07:15","guid":{"rendered":"https:\/\/vtec-automation.com\/?post_type=product&#038;p=4835"},"modified":"2024-07-31T15:09:09","modified_gmt":"2024-07-31T15:09:09","slug":"difraccion-laser","status":"publish","type":"product","link":"https:\/\/vtec-automation.com\/?product=difraccion-laser","title":{"rendered":"Difracci\u00f3n L\u00e1ser"},"content":{"rendered":"<div id=\"fb-root\"><\/div>\n<p class=\"parrafo-small\">En una medici\u00f3n por difracci\u00f3n l\u00e1ser, se pasa un rayo l\u00e1ser a trav\u00e9s de una muestra de part\u00edculas bien dispersas y se mide el tama\u00f1o de las part\u00edculas detectando la intensidad de la luz dispersa producida. En la tecnolog\u00eda de Microtrac, esta luz dispersa se mide en varios \u00e1ngulos de hasta 163 grados. Las part\u00edculas peque\u00f1as dispersan la luz en \u00e1ngulos grandes, mientras que las part\u00edculas grandes dispersan la luz en \u00e1ngulos peque\u00f1os en relaci\u00f3n con el rayo l\u00e1ser. Los datos se recopilan continuamente a lo largo de la medici\u00f3n, se analizan y se someten a un algoritmo utilizando la innovadora teor\u00eda de dispersi\u00f3n de Mie modificada de Microtrac y produce distribuciones precisas del tama\u00f1o de part\u00edculas tanto para part\u00edculas esf\u00e9ricas como no esf\u00e9ricas.<\/p>\n<p class=\"parrafo-small\">\u00a0<strong>S3500:<\/strong>\u00a0uno, dos o tres l\u00e1seres rojos para un an\u00e1lisis rentable del tama\u00f1o de part\u00edcula m\u00e1s opciones de actualizaci\u00f3n flexibles<\/p>\n<p class=\"parrafo-small\">\u00a0<strong>Bluewave<\/strong>: un l\u00e1ser rojo y dos azules para una gran resoluci\u00f3n, as\u00ed como la capacidad de an\u00e1lisis de distribuci\u00f3n de tama\u00f1o de part\u00edcula m\u00e1s amplia del mercado<\/p>\n<p class=\"parrafo-small\">\u00a0<strong>Tri-Blue:<\/strong>\u00a0el \u00fanico analizador de difracci\u00f3n l\u00e1ser que est\u00e1 totalmente de acuerdo con los datos din\u00e1micos de dispersi\u00f3n de luz. El Tri-Blue presenta tres l\u00e1seres azules para un an\u00e1lisis de tama\u00f1o de part\u00edcula superior para suspensiones h\u00famedas de menos de 1 micra<\/p>\n","protected":false},"excerpt":{"rendered":"<p>La medici\u00f3n del tama\u00f1o de part\u00edculas mediante la tecnolog\u00eda de difracci\u00f3n l\u00e1ser (LD) se ha convertido en la t\u00e9cnica de investigaci\u00f3n m\u00e1s utilizada \u00a0en toda la industria, tanto entre proveedores como usuarios de sistemas de part\u00edculas. Se ha convertido en un est\u00e1ndar de facto para el control de calidad del tama\u00f1o de entrada y salida, informando el di\u00e1metro esf\u00e9rico equivalente (ESD) en % de volumen en un rango t\u00edpico de 10 nan\u00f3metros a 2-3 mil\u00edmetros.<\/p>\n","protected":false},"featured_media":4836,"template":"","meta":{"site-sidebar-layout":"default","site-content-layout":"","ast-site-content-layout":"default","site-content-style":"default","site-sidebar-style":"default","ast-global-header-display":"","ast-banner-title-visibility":"","ast-main-header-display":"","ast-hfb-above-header-display":"","ast-hfb-below-header-display":"","ast-hfb-mobile-header-display":"","site-post-title":"","ast-breadcrumbs-content":"","ast-featured-img":"","footer-sml-layout":"","ast-disable-related-posts":"","theme-transparent-header-meta":"default","adv-header-id-meta":"","stick-header-meta":"","header-above-stick-meta":"","header-main-stick-meta":"","header-below-stick-meta":"","astra-migrate-meta-layouts":"set","ast-page-background-enabled":"default","ast-page-background-meta":{"desktop":{"background-color":"var(--ast-global-color-4)","background-image":"","background-repeat":"repeat","background-position":"center center","background-size":"auto","background-attachment":"scroll","background-type":"","background-media":"","overlay-type":"","overlay-color":"","overlay-opacity":"","overlay-gradient":""},"tablet":{"background-color":"","background-image":"","background-repeat":"repeat","background-position":"center center","background-size":"auto","background-attachment":"scroll","background-type":"","background-media":"","overlay-type":"","overlay-color":"","overlay-opacity":"","overlay-gradient":""},"mobile":{"background-color":"","background-image":"","background-repeat":"repeat","background-position":"center center","background-size":"auto","background-attachment":"scroll","background-type":"","background-media":"","overlay-type":"","overlay-color":"","overlay-opacity":"","overlay-gradient":""}},"ast-content-background-meta":{"desktop":{"background-color":"var(--ast-global-color-5)","background-image":"","background-repeat":"repeat","background-position":"center center","background-size":"auto","background-attachment":"scroll","background-type":"","background-media":"","overlay-type":"","overlay-color":"","overlay-opacity":"","overlay-gradient":""},"tablet":{"background-color":"var(--ast-global-color-5)","background-image":"","background-repeat":"repeat","background-position":"center center","background-size":"auto","background-attachment":"scroll","background-type":"","background-media":"","overlay-type":"","overlay-color":"","overlay-opacity":"","overlay-gradient":""},"mobile":{"background-color":"var(--ast-global-color-5)","background-image":"","background-repeat":"repeat","background-position":"center center","background-size":"auto","background-attachment":"scroll","background-type":"","background-media":"","overlay-type":"","overlay-color":"","overlay-opacity":"","overlay-gradient":""}},"_joinchat":[]},"product_brand":[],"product_cat":[396],"product_tag":[],"class_list":{"0":"post-4835","1":"product","2":"type-product","3":"status-publish","4":"has-post-thumbnail","6":"product_cat-analizadores-de-tamano-de-particulas","7":"desktop-align-left","8":"tablet-align-left","9":"mobile-align-left","11":"first","12":"instock","13":"shipping-taxable","14":"product-type-simple"},"_links":{"self":[{"href":"https:\/\/vtec-automation.com\/index.php?rest_route=\/wp\/v2\/product\/4835","targetHints":{"allow":["GET"]}}],"collection":[{"href":"https:\/\/vtec-automation.com\/index.php?rest_route=\/wp\/v2\/product"}],"about":[{"href":"https:\/\/vtec-automation.com\/index.php?rest_route=\/wp\/v2\/types\/product"}],"version-history":[{"count":1,"href":"https:\/\/vtec-automation.com\/index.php?rest_route=\/wp\/v2\/product\/4835\/revisions"}],"predecessor-version":[{"id":4837,"href":"https:\/\/vtec-automation.com\/index.php?rest_route=\/wp\/v2\/product\/4835\/revisions\/4837"}],"wp:featuredmedia":[{"embeddable":true,"href":"https:\/\/vtec-automation.com\/index.php?rest_route=\/wp\/v2\/media\/4836"}],"wp:attachment":[{"href":"https:\/\/vtec-automation.com\/index.php?rest_route=%2Fwp%2Fv2%2Fmedia&parent=4835"}],"wp:term":[{"taxonomy":"product_brand","embeddable":true,"href":"https:\/\/vtec-automation.com\/index.php?rest_route=%2Fwp%2Fv2%2Fproduct_brand&post=4835"},{"taxonomy":"product_cat","embeddable":true,"href":"https:\/\/vtec-automation.com\/index.php?rest_route=%2Fwp%2Fv2%2Fproduct_cat&post=4835"},{"taxonomy":"product_tag","embeddable":true,"href":"https:\/\/vtec-automation.com\/index.php?rest_route=%2Fwp%2Fv2%2Fproduct_tag&post=4835"}],"curies":[{"name":"wp","href":"https:\/\/api.w.org\/{rel}","templated":true}]}}