{"id":4838,"date":"2024-07-31T15:09:17","date_gmt":"2024-07-31T15:09:17","guid":{"rendered":"https:\/\/vtec-automation.com\/?post_type=product&#038;p=4838"},"modified":"2024-07-31T15:12:01","modified_gmt":"2024-07-31T15:12:01","slug":"dispersion-de-luz-dinamica","status":"publish","type":"product","link":"https:\/\/vtec-automation.com\/?product=dispersion-de-luz-dinamica","title":{"rendered":"Dispersi\u00f3n de Luz Din\u00e1mica"},"content":{"rendered":"<div id=\"fb-root\"><\/div>\n<p class=\"parrafo-small\"><strong>DLS: espectro de potencia de frecuencia<\/strong><\/p>\n<p class=\"parrafo-small\">La dispersi\u00f3n din\u00e1mica de la luz se basa en el movimiento browniano de las part\u00edculas en suspensi\u00f3n. Las part\u00edculas m\u00e1s peque\u00f1as se mueven m\u00e1s r\u00e1pido, las part\u00edculas m\u00e1s grandes se mueven m\u00e1s lentamente. La luz dispersada por las part\u00edculas en movimiento lleva informaci\u00f3n sobre la distribuci\u00f3n del tama\u00f1o. El m\u00e9todo convencional para analizar la luz dispersa en DLS se llama espectroscop\u00eda de correlaci\u00f3n de fotones (PCS). Requiere un corrector autom\u00e1tico y proporciona solo un tama\u00f1o medio, o necesita algoritmos de ajuste de curva espec\u00edficos del proveedor para estimar una distribuci\u00f3n de tama\u00f1o. El m\u00e9todo del espectro de potencia de frecuencia (FPS) es diferente: la se\u00f1al de intensidad del fotodetector se transforma matem\u00e1ticamente mediante la transformaci\u00f3n r\u00e1pida de Fourier en un espectro de potencia de frecuencia y proporciona directamente una distribuci\u00f3n de tama\u00f1o mediante la minimizaci\u00f3n de errores iterativos.<\/p>\n<p class=\"parrafo-small\"><strong>Nanotrac Wave II<\/strong>: puede medir el tama\u00f1o de part\u00edcula, el potencial zeta y el peso molecular en un chasis aut\u00f3nomo.<\/p>\n<p class=\"parrafo-small\"><strong>Nanotrac Flex:<\/strong>\u00a0un analizador de tama\u00f1o de nanopart\u00edculas equipado con tecnolog\u00eda de sonda \u00fanica.<\/p>\n<p class=\"parrafo-small\"><strong>Nanotrac Wave II Q:<\/strong>\u00a0analizador de tama\u00f1o de nanopart\u00edculas con cubeta de muestra.<\/p>\n<p class=\"parrafo-small\">Todos los sistemas cumplen con la norma ISO 22412 y cumplen con los requisitos de seguridad de acuerdo con CFR21 Parte 11.<\/p>\n","protected":false},"excerpt":{"rendered":"<p class=\"parrafo-small\">Nuestro enfoque patentado para la dispersi\u00f3n din\u00e1mica de la luz nos permite medir con precisi\u00f3n desde subnan\u00f3metros hasta varias micras en el rango de concentraci\u00f3n m\u00e1s amplio del mercado.<\/p>\n<p class=\"parrafo-small\">Tecnolog\u00eda de sonda: dise\u00f1o \u00fanico, resultados superiores<\/p>\n<p class=\"parrafo-small\">Microtrac ha adoptado un enfoque innovador para la dispersi\u00f3n din\u00e1mica de la luz (DLS) mediante el uso de un dise\u00f1o de sonda patentado para entregar y recoger la luz. Al enfocar la sonda l\u00e1ser en la interfaz del material, Microtrac combina los beneficios de una longitud de trayectoria corta con latido de referencia y retrodispersi\u00f3n de 180 \u00b0, brindando la mejor precisi\u00f3n, resoluci\u00f3n y sensibilidad.<\/p>\n","protected":false},"featured_media":4839,"template":"","meta":{"site-sidebar-layout":"default","site-content-layout":"","ast-site-content-layout":"default","site-content-style":"default","site-sidebar-style":"default","ast-global-header-display":"","ast-banner-title-visibility":"","ast-main-header-display":"","ast-hfb-above-header-display":"","ast-hfb-below-header-display":"","ast-hfb-mobile-header-display":"","site-post-title":"","ast-breadcrumbs-content":"","ast-featured-img":"","footer-sml-layout":"","ast-disable-related-posts":"","theme-transparent-header-meta":"default","adv-header-id-meta":"","stick-header-meta":"","header-above-stick-meta":"","header-main-stick-meta":"","header-below-stick-meta":"","astra-migrate-meta-layouts":"set","ast-page-background-enabled":"default","ast-page-background-meta":{"desktop":{"background-color":"var(--ast-global-color-4)","background-image":"","background-repeat":"repeat","background-position":"center center","background-size":"auto","background-attachment":"scroll","background-type":"","background-media":"","overlay-type":"","overlay-color":"","overlay-opacity":"","overlay-gradient":""},"tablet":{"background-color":"","background-image":"","background-repeat":"repeat","background-position":"center center","background-size":"auto","background-attachment":"scroll","background-type":"","background-media":"","overlay-type":"","overlay-color":"","overlay-opacity":"","overlay-gradient":""},"mobile":{"background-color":"","background-image":"","background-repeat":"repeat","background-position":"center center","background-size":"auto","background-attachment":"scroll","background-type":"","background-media":"","overlay-type":"","overlay-color":"","overlay-opacity":"","overlay-gradient":""}},"ast-content-background-meta":{"desktop":{"background-color":"var(--ast-global-color-5)","background-image":"","background-repeat":"repeat","background-position":"center center","background-size":"auto","background-attachment":"scroll","background-type":"","background-media":"","overlay-type":"","overlay-color":"","overlay-opacity":"","overlay-gradient":""},"tablet":{"background-color":"var(--ast-global-color-5)","background-image":"","background-repeat":"repeat","background-position":"center center","background-size":"auto","background-attachment":"scroll","background-type":"","background-media":"","overlay-type":"","overlay-color":"","overlay-opacity":"","overlay-gradient":""},"mobile":{"background-color":"var(--ast-global-color-5)","background-image":"","background-repeat":"repeat","background-position":"center center","background-size":"auto","background-attachment":"scroll","background-type":"","background-media":"","overlay-type":"","overlay-color":"","overlay-opacity":"","overlay-gradient":""}},"_joinchat":[]},"product_brand":[],"product_cat":[396],"product_tag":[],"class_list":{"0":"post-4838","1":"product","2":"type-product","3":"status-publish","4":"has-post-thumbnail","6":"product_cat-analizadores-de-tamano-de-particulas","7":"desktop-align-left","8":"tablet-align-left","9":"mobile-align-left","11":"first","12":"instock","13":"shipping-taxable","14":"product-type-simple"},"_links":{"self":[{"href":"https:\/\/vtec-automation.com\/index.php?rest_route=\/wp\/v2\/product\/4838","targetHints":{"allow":["GET"]}}],"collection":[{"href":"https:\/\/vtec-automation.com\/index.php?rest_route=\/wp\/v2\/product"}],"about":[{"href":"https:\/\/vtec-automation.com\/index.php?rest_route=\/wp\/v2\/types\/product"}],"version-history":[{"count":1,"href":"https:\/\/vtec-automation.com\/index.php?rest_route=\/wp\/v2\/product\/4838\/revisions"}],"predecessor-version":[{"id":4840,"href":"https:\/\/vtec-automation.com\/index.php?rest_route=\/wp\/v2\/product\/4838\/revisions\/4840"}],"wp:featuredmedia":[{"embeddable":true,"href":"https:\/\/vtec-automation.com\/index.php?rest_route=\/wp\/v2\/media\/4839"}],"wp:attachment":[{"href":"https:\/\/vtec-automation.com\/index.php?rest_route=%2Fwp%2Fv2%2Fmedia&parent=4838"}],"wp:term":[{"taxonomy":"product_brand","embeddable":true,"href":"https:\/\/vtec-automation.com\/index.php?rest_route=%2Fwp%2Fv2%2Fproduct_brand&post=4838"},{"taxonomy":"product_cat","embeddable":true,"href":"https:\/\/vtec-automation.com\/index.php?rest_route=%2Fwp%2Fv2%2Fproduct_cat&post=4838"},{"taxonomy":"product_tag","embeddable":true,"href":"https:\/\/vtec-automation.com\/index.php?rest_route=%2Fwp%2Fv2%2Fproduct_tag&post=4838"}],"curies":[{"name":"wp","href":"https:\/\/api.w.org\/{rel}","templated":true}]}}