{"id":4841,"date":"2024-07-31T15:12:10","date_gmt":"2024-07-31T15:12:10","guid":{"rendered":"https:\/\/vtec-automation.com\/?post_type=product&#038;p=4841"},"modified":"2024-07-31T15:14:04","modified_gmt":"2024-07-31T15:14:04","slug":"analisis-de-imagen","status":"publish","type":"product","link":"https:\/\/vtec-automation.com\/?product=analisis-de-imagen","title":{"rendered":"An\u00e1lisis de Imagen"},"content":{"rendered":"<div id=\"fb-root\"><\/div>\n<p class=\"parrafo-small\">Las propiedades clave de los sistemas de part\u00edculas y los productos fabricados a partir de ellos pueden cambiar sin diferencias significativas en la distribuci\u00f3n de tama\u00f1os de LD informada. El an\u00e1lisis de im\u00e1genes puede identificar r\u00e1pidamente los problemas y reducir significativamente el tiempo de resoluci\u00f3n de problemas.<\/p>\n<p class=\"parrafo-small\"><strong>C\u00f3mo funciona el an\u00e1lisis din\u00e1mico de im\u00e1genes:\u00a0<\/strong>La tecnolog\u00eda 3D patentada de Microtrac utiliza un esquema innovador de rastreo de part\u00edculas. Al rastrear, el PartAn3D obtiene m\u00faltiples im\u00e1genes de cada part\u00edcula permitiendo que nuestro software vea las part\u00edculas en muchas orientaciones diferentes. Esto da como resultado las mediciones m\u00e1s precisas de longitud, ancho y la tercera dimensi\u00f3n, espesor. A partir de estas mediciones, podemos calcular m\u00e1s de 30 par\u00e1metros de tama\u00f1o y forma.<\/p>\n<p class=\"parrafo-small\"><strong>El portafolio de instrumentos de an\u00e1lisis de im\u00e1genes de Microtrac de\u00a0 laboratorio incluye:<\/strong><\/p>\n<ul>\n<li><strong>SI:<\/strong>\u00a0m\u00f3dulo de c\u00e1mara de alta velocidad para agregar an\u00e1lisis de forma de suspensiones h\u00famedas y lodos que funciona con los sistemas de difracci\u00f3n l\u00e1ser S3500 y Bluewave.<\/li>\n<li><strong>PartAn3D<\/strong>\u00a0&#8211; An\u00e1lisis de tama\u00f1o y forma de part\u00edculas en 3D de polvos secos y granulados que var\u00edan en tama\u00f1o desde 15 micras hasta 35 mil\u00edmetros.<\/li>\n<li><strong>PartAn3D Maxi:<\/strong>\u00a0an\u00e1lisis de tama\u00f1o y forma de part\u00edculas en 3D de part\u00edculas grandes que var\u00edan en tama\u00f1o de 0.28 a 127 mil\u00edmetros.<\/li>\n<li><strong>DustMon:<\/strong>\u00a0instrumento de medici\u00f3n de polvo que utiliza oscurecimiento de la luz.<\/li>\n<li><strong>El portafolio de an\u00e1lisis de im\u00e1genes en l\u00ednea incluye:<\/strong><\/li>\n<li><strong>PartAn3D PRO:<\/strong>\u00a0se puede integrar en cualquier ciclo de proceso y puede medir el tama\u00f1o de part\u00edcula y la morfolog\u00eda de las part\u00edculas secas que var\u00edan en tama\u00f1o desde 15 micras hasta 35 mil\u00edmetros.<\/li>\n<li><strong>PartAn3D Maxi PRO:<\/strong>\u00a0ideal para part\u00edculas grandes y secas, el PartAn3D Maxi PRO se puede integrar en cualquier ciclo de proceso y puede medir el tama\u00f1o y la forma de las part\u00edculas en un rango de 0.28 a 127 mil\u00edmetros.<\/li>\n<li><strong>PartAn SI PRO:<\/strong>\u00a0ideal para el an\u00e1lisis de dispersi\u00f3n h\u00fameda, el PartAn SI PRO puede medir part\u00edculas que var\u00edan en tama\u00f1o de 5 a 1500 micras y puede integrarse en cualquier circuito de proceso.<\/li>\n<\/ul>\n","protected":false},"excerpt":{"rendered":"<p class=\"parrafo-small\">Microtrac ofrece an\u00e1lisis de im\u00e1genes din\u00e1micas, an\u00e1lisis de im\u00e1genes en 3D y capacidad de an\u00e1lisis de im\u00e1genes en l\u00ednea.<\/p>\n<p class=\"parrafo-small\">La caracterizaci\u00f3n de los sistemas de part\u00edculas, una vez dominada estrictamente por el an\u00e1lisis de tama\u00f1o, est\u00e1 evolucionando. La morfolog\u00eda de las part\u00edculas, medida por el an\u00e1lisis de imagen din\u00e1mica (DIA), proporciona informaci\u00f3n detallada sobre las propiedades f\u00edsicas de los materiales.<\/p>\n","protected":false},"featured_media":4842,"template":"","meta":{"site-sidebar-layout":"default","site-content-layout":"","ast-site-content-layout":"default","site-content-style":"default","site-sidebar-style":"default","ast-global-header-display":"","ast-banner-title-visibility":"","ast-main-header-display":"","ast-hfb-above-header-display":"","ast-hfb-below-header-display":"","ast-hfb-mobile-header-display":"","site-post-title":"","ast-breadcrumbs-content":"","ast-featured-img":"","footer-sml-layout":"","ast-disable-related-posts":"","theme-transparent-header-meta":"default","adv-header-id-meta":"","stick-header-meta":"","header-above-stick-meta":"","header-main-stick-meta":"","header-below-stick-meta":"","astra-migrate-meta-layouts":"set","ast-page-background-enabled":"default","ast-page-background-meta":{"desktop":{"background-color":"var(--ast-global-color-4)","background-image":"","background-repeat":"repeat","background-position":"center center","background-size":"auto","background-attachment":"scroll","background-type":"","background-media":"","overlay-type":"","overlay-color":"","overlay-opacity":"","overlay-gradient":""},"tablet":{"background-color":"","background-image":"","background-repeat":"repeat","background-position":"center center","background-size":"auto","background-attachment":"scroll","background-type":"","background-media":"","overlay-type":"","overlay-color":"","overlay-opacity":"","overlay-gradient":""},"mobile":{"background-color":"","background-image":"","background-repeat":"repeat","background-position":"center center","background-size":"auto","background-attachment":"scroll","background-type":"","background-media":"","overlay-type":"","overlay-color":"","overlay-opacity":"","overlay-gradient":""}},"ast-content-background-meta":{"desktop":{"background-color":"var(--ast-global-color-5)","background-image":"","background-repeat":"repeat","background-position":"center center","background-size":"auto","background-attachment":"scroll","background-type":"","background-media":"","overlay-type":"","overlay-color":"","overlay-opacity":"","overlay-gradient":""},"tablet":{"background-color":"var(--ast-global-color-5)","background-image":"","background-repeat":"repeat","background-position":"center center","background-size":"auto","background-attachment":"scroll","background-type":"","background-media":"","overlay-type":"","overlay-color":"","overlay-opacity":"","overlay-gradient":""},"mobile":{"background-color":"var(--ast-global-color-5)","background-image":"","background-repeat":"repeat","background-position":"center center","background-size":"auto","background-attachment":"scroll","background-type":"","background-media":"","overlay-type":"","overlay-color":"","overlay-opacity":"","overlay-gradient":""}},"_joinchat":[]},"product_brand":[],"product_cat":[396],"product_tag":[],"class_list":{"0":"post-4841","1":"product","2":"type-product","3":"status-publish","4":"has-post-thumbnail","6":"product_cat-analizadores-de-tamano-de-particulas","7":"desktop-align-left","8":"tablet-align-left","9":"mobile-align-left","11":"first","12":"instock","13":"shipping-taxable","14":"product-type-simple"},"_links":{"self":[{"href":"https:\/\/vtec-automation.com\/index.php?rest_route=\/wp\/v2\/product\/4841","targetHints":{"allow":["GET"]}}],"collection":[{"href":"https:\/\/vtec-automation.com\/index.php?rest_route=\/wp\/v2\/product"}],"about":[{"href":"https:\/\/vtec-automation.com\/index.php?rest_route=\/wp\/v2\/types\/product"}],"version-history":[{"count":1,"href":"https:\/\/vtec-automation.com\/index.php?rest_route=\/wp\/v2\/product\/4841\/revisions"}],"predecessor-version":[{"id":4843,"href":"https:\/\/vtec-automation.com\/index.php?rest_route=\/wp\/v2\/product\/4841\/revisions\/4843"}],"wp:featuredmedia":[{"embeddable":true,"href":"https:\/\/vtec-automation.com\/index.php?rest_route=\/wp\/v2\/media\/4842"}],"wp:attachment":[{"href":"https:\/\/vtec-automation.com\/index.php?rest_route=%2Fwp%2Fv2%2Fmedia&parent=4841"}],"wp:term":[{"taxonomy":"product_brand","embeddable":true,"href":"https:\/\/vtec-automation.com\/index.php?rest_route=%2Fwp%2Fv2%2Fproduct_brand&post=4841"},{"taxonomy":"product_cat","embeddable":true,"href":"https:\/\/vtec-automation.com\/index.php?rest_route=%2Fwp%2Fv2%2Fproduct_cat&post=4841"},{"taxonomy":"product_tag","embeddable":true,"href":"https:\/\/vtec-automation.com\/index.php?rest_route=%2Fwp%2Fv2%2Fproduct_tag&post=4841"}],"curies":[{"name":"wp","href":"https:\/\/api.w.org\/{rel}","templated":true}]}}