{"id":4928,"date":"2024-08-05T13:32:05","date_gmt":"2024-08-05T13:32:05","guid":{"rendered":"https:\/\/vtec-automation.com\/?post_type=product&#038;p=4928"},"modified":"2024-08-06T14:00:49","modified_gmt":"2024-08-06T14:00:49","slug":"controlador-de-pantalla-central-smartlink-tvbox","status":"publish","type":"product","link":"https:\/\/vtec-automation.com\/?product=controlador-de-pantalla-central-smartlink-tvbox","title":{"rendered":"Aplicaci\u00f3n en la nube"},"content":{"rendered":"<div id=\"fb-root\"><\/div>\n<p><strong><span>Obtenga la aplicaci\u00f3n Haiwell Cloud<\/span><\/strong><\/p>\n<p><span>La aplicaci\u00f3n Haiwell Cloud es compatible con muchos terminales de plataformas, como PC, iPad, Android e iOS. Los usuarios pueden buscar \u201cHaiwell Cloud\u201d en cualquier tienda de aplicaciones y descargarla de forma gratuita o escanear el c\u00f3digo QR de la aplicaci\u00f3n oficial de Haiwell para obtenerla directamente.<\/span><\/p>\n<p>&nbsp;<\/p>\n<p><strong><span>Aplicaci\u00f3n Haiwell Cloud<\/span><\/strong><\/p>\n<p><span>La HMI y el SCADA se pueden monitorear y controlar de forma remota mediante la aplicaci\u00f3n en la nube de Haiwell con facilidad. La aplicaci\u00f3n en la nube de Haiwell proporciona un mecanismo de comunicaci\u00f3n seguro que utiliza un mecanismo de cifrado SSL de 128 bits, que garantiza la estabilizaci\u00f3n de la transmisi\u00f3n de datos. Adem\u00e1s, configura \u00abA-Key\u00bb y \u00abB-Key\u00bb o \u00abmecanismo de verificaci\u00f3n de contrase\u00f1a\u00bb en el equipo para garantizar que el equipo de acceso remoto sea estable y seguro.<\/span><\/p>\n<p><img decoding=\"async\" title=\"Automatizaci\u00f3n industrial Haiwell\" src=\"https:\/\/en.haiwell.com\/upload\/202211\/1667456709240797.jpg\" alt=\"Automatizaci\u00f3n industrial Haiwell\" data-width=\"4725\" data-height=\"4371\" \/><\/p>\n","protected":false},"excerpt":{"rendered":"<p>Obtenga la aplicaci\u00f3n Haiwell Cloud La aplicaci\u00f3n Haiwell Cloud es compatible con muchos terminales de plataformas, como PC, iPad, Android [&hellip;]<\/p>\n","protected":false},"featured_media":4953,"template":"","meta":{"site-sidebar-layout":"default","site-content-layout":"","ast-site-content-layout":"default","site-content-style":"default","site-sidebar-style":"default","ast-global-header-display":"","ast-banner-title-visibility":"","ast-main-header-display":"","ast-hfb-above-header-display":"","ast-hfb-below-header-display":"","ast-hfb-mobile-header-display":"","site-post-title":"","ast-breadcrumbs-content":"","ast-featured-img":"","footer-sml-layout":"","ast-disable-related-posts":"","theme-transparent-header-meta":"default","adv-header-id-meta":"","stick-header-meta":"","header-above-stick-meta":"","header-main-stick-meta":"","header-below-stick-meta":"","astra-migrate-meta-layouts":"set","ast-page-background-enabled":"default","ast-page-background-meta":{"desktop":{"background-color":"var(--ast-global-color-4)","background-image":"","background-repeat":"repeat","background-position":"center center","background-size":"auto","background-attachment":"scroll","background-type":"","background-media":"","overlay-type":"","overlay-color":"","overlay-opacity":"","overlay-gradient":""},"tablet":{"background-color":"","background-image":"","background-repeat":"repeat","background-position":"center center","background-size":"auto","background-attachment":"scroll","background-type":"","background-media":"","overlay-type":"","overlay-color":"","overlay-opacity":"","overlay-gradient":""},"mobile":{"background-color":"","background-image":"","background-repeat":"repeat","background-position":"center center","background-size":"auto","background-attachment":"scroll","background-type":"","background-media":"","overlay-type":"","overlay-color":"","overlay-opacity":"","overlay-gradient":""}},"ast-content-background-meta":{"desktop":{"background-color":"var(--ast-global-color-5)","background-image":"","background-repeat":"repeat","background-position":"center center","background-size":"auto","background-attachment":"scroll","background-type":"","background-media":"","overlay-type":"","overlay-color":"","overlay-opacity":"","overlay-gradient":""},"tablet":{"background-color":"var(--ast-global-color-5)","background-image":"","background-repeat":"repeat","background-position":"center center","background-size":"auto","background-attachment":"scroll","background-type":"","background-media":"","overlay-type":"","overlay-color":"","overlay-opacity":"","overlay-gradient":""},"mobile":{"background-color":"var(--ast-global-color-5)","background-image":"","background-repeat":"repeat","background-position":"center center","background-size":"auto","background-attachment":"scroll","background-type":"","background-media":"","overlay-type":"","overlay-color":"","overlay-opacity":"","overlay-gradient":""}},"_joinchat":[]},"product_brand":[],"product_cat":[370],"product_tag":[],"class_list":{"0":"post-4928","1":"product","2":"type-product","3":"status-publish","4":"has-post-thumbnail","6":"product_cat-haiwell","7":"desktop-align-left","8":"tablet-align-left","9":"mobile-align-left","11":"first","12":"instock","13":"shipping-taxable","14":"product-type-simple"},"_links":{"self":[{"href":"https:\/\/vtec-automation.com\/index.php?rest_route=\/wp\/v2\/product\/4928","targetHints":{"allow":["GET"]}}],"collection":[{"href":"https:\/\/vtec-automation.com\/index.php?rest_route=\/wp\/v2\/product"}],"about":[{"href":"https:\/\/vtec-automation.com\/index.php?rest_route=\/wp\/v2\/types\/product"}],"version-history":[{"count":3,"href":"https:\/\/vtec-automation.com\/index.php?rest_route=\/wp\/v2\/product\/4928\/revisions"}],"predecessor-version":[{"id":4954,"href":"https:\/\/vtec-automation.com\/index.php?rest_route=\/wp\/v2\/product\/4928\/revisions\/4954"}],"wp:featuredmedia":[{"embeddable":true,"href":"https:\/\/vtec-automation.com\/index.php?rest_route=\/wp\/v2\/media\/4953"}],"wp:attachment":[{"href":"https:\/\/vtec-automation.com\/index.php?rest_route=%2Fwp%2Fv2%2Fmedia&parent=4928"}],"wp:term":[{"taxonomy":"product_brand","embeddable":true,"href":"https:\/\/vtec-automation.com\/index.php?rest_route=%2Fwp%2Fv2%2Fproduct_brand&post=4928"},{"taxonomy":"product_cat","embeddable":true,"href":"https:\/\/vtec-automation.com\/index.php?rest_route=%2Fwp%2Fv2%2Fproduct_cat&post=4928"},{"taxonomy":"product_tag","embeddable":true,"href":"https:\/\/vtec-automation.com\/index.php?rest_route=%2Fwp%2Fv2%2Fproduct_tag&post=4928"}],"curies":[{"name":"wp","href":"https:\/\/api.w.org\/{rel}","templated":true}]}}